{"id":919,"date":"2016-08-11T09:28:41","date_gmt":"2016-08-11T08:28:41","guid":{"rendered":"http:\/\/vernoux.info\/vivre-en-ardeche\/?page_id=919"},"modified":"2016-08-11T09:29:36","modified_gmt":"2016-08-11T08:29:36","slug":"sortir-autour-de-vernoux","status":"publish","type":"page","link":"http:\/\/vernoux.info\/vivre-en-ardeche\/sortir-autour-de-vernoux\/","title":{"rendered":"Sortir autour de Vernoux"},"content":{"rendered":"\n<!-- iframe plugin v.4.5 wordpress.org\/plugins\/iframe\/ -->\n<iframe src=\"http:\/\/www.france-voyage.com\/evenements\/vernoux-en-vivarais-commune-29690.htm\" width=\"100%\" height=\"4500\" scrolling=\"yes\" class=\"iframe-class\" frameborder=\"0\"><\/iframe>\n\n","protected":false},"excerpt":{"rendered":"","protected":false},"author":1,"featured_media":0,"parent":0,"menu_order":0,"comment_status":"closed","ping_status":"closed","template":"template-fullwidth.php","meta":{"kia_subtitle":"Tout savoir sur les \u00e9v\u00e9nements r\u00e9gionaux"},"_links":{"self":[{"href":"http:\/\/vernoux.info\/vivre-en-ardeche\/wp-json\/wp\/v2\/pages\/919"}],"collection":[{"href":"http:\/\/vernoux.info\/vivre-en-ardeche\/wp-json\/wp\/v2\/pages"}],"about":[{"href":"http:\/\/vernoux.info\/vivre-en-ardeche\/wp-json\/wp\/v2\/types\/page"}],"author":[{"embeddable":true,"href":"http:\/\/vernoux.info\/vivre-en-ardeche\/wp-json\/wp\/v2\/users\/1"}],"replies":[{"embeddable":true,"href":"http:\/\/vernoux.info\/vivre-en-ardeche\/wp-json\/wp\/v2\/comments?post=919"}],"version-history":[{"count":1,"href":"http:\/\/vernoux.info\/vivre-en-ardeche\/wp-json\/wp\/v2\/pages\/919\/revisions"}],"predecessor-version":[{"id":920,"href":"http:\/\/vernoux.info\/vivre-en-ardeche\/wp-json\/wp\/v2\/pages\/919\/revisions\/920"}],"wp:attachment":[{"href":"http:\/\/vernoux.info\/vivre-en-ardeche\/wp-json\/wp\/v2\/media?parent=919"}],"curies":[{"name":"wp","href":"https:\/\/api.w.org\/{rel}","templated":true}]}}