{"id":911,"date":"2016-08-11T09:18:15","date_gmt":"2016-08-11T08:18:15","guid":{"rendered":"http:\/\/vernoux.info\/vivre-en-ardeche\/?page_id=911"},"modified":"2016-08-21T17:44:00","modified_gmt":"2016-08-21T16:44:00","slug":"cadre-de-vie-a-vernoux","status":"publish","type":"page","link":"http:\/\/vernoux.info\/vivre-en-ardeche\/cadre-de-vie-a-vernoux\/","title":{"rendered":"Cadre de vie \u00e0 Vernoux"},"content":{"rendered":"<p><strong><img loading=\"lazy\" class=\"alignleft wp-image-1196 \" src=\"http:\/\/vernoux.info\/vivre-en-ardeche\/wp-content\/uploads\/2016\/08\/carte-vernoux-9b0bf.gif\" alt=\"situer-vernoux\" width=\"266\" height=\"367\" \/><\/strong><\/p>\n<h2 style=\"text-align: left;\"><strong>A quelques minutes de la vall\u00e9e du Rh\u00f4ne<\/strong><\/h2>\n<p style=\"text-align: justify;\"><strong>Vernoux-en-Vivarais, village de 1 916 habitants(2013), se situe au dessus de\u00a0la vall\u00e9e du Rh\u00f4ne \u00e0 l&rsquo;ouest de Valence et s\u2019\u00e9tend entre les vall\u00e9es du Doux et de l\u2019Eyrieux \u00e0\u00a0une altitude d&rsquo;environ\u00a0600m.<\/strong><\/p>\n<p>Au c\u0153ur d&rsquo;un plateau de 8km2, le village est le <strong>paradis des randonneurs<\/strong>.\u00a0La commune a \u00e9t\u00e9 la premi\u00e8re \u00ab\u00a0<a href=\"http:\/\/vernoux-en-vivarais.stationverte.com\/\" target=\"_blank\">station verte<\/a>\u00a0\u00bb labellis\u00e9e de l\u2019Ard\u00e8che.\u00a0Elle fait partie de la <a href=\"http:\/\/www.parc-monts-ardeche.fr\/votre-parc\/l-organisation-du-parc\/annuaire-des-communes\/131-annuaire-des-communes\/312-vernoux-en-vivarais.html\" target=\"_blank\">Commune du Parc Naturel R\u00e9gional des Monts d\u2019Ard\u00e8che<\/a>.\u00a0Son clocher, le plus haut d\u2019Ard\u00e8che (56m) se dresse fi\u00e8rement en son centre.<\/p>\n<p>De nombreux <strong>ch\u00e2teaux<\/strong> et maisons fortes rassemblent un beau <strong>patrimoine<\/strong> historique. L&rsquo;office de tourisme se fera un plaisir de vous guider dans votre recherche.<br \/>\nDe nombreuses <strong>sp\u00e9cialit\u00e9s<\/strong> d\u00e9montrent tout l&rsquo;art de nos artisans locaux :\u00a0venez d\u00e9guster caillettes, saucissons, p\u00e2t\u00e9s, fromages fermiers, confitures, miel et sp\u00e9cialit\u00e9 aux fruits rouges. Le <strong>march\u00e9 du terroir<\/strong> du dimanche matin vous permettra de\u00a0rencontrer des producteurs du pays, qui font la fiert\u00e9 de notre r\u00e9gion.<br \/>\nDe nombreux <strong>loisirs<\/strong> (sur place ou \u00e0 proximit\u00e9) vous permettront de vivre un agr\u00e9able s\u00e9jour : randonn\u00e9e p\u00e9destre, \u00e0 cheval, en VTT, baignade surveill\u00e9e en saison estivale au Lac aux Ramiers, piscine municipale, p\u00eache, tennis, cin\u00e9ma, festivals, concerts et spectacles en tous genres, f\u00eates de village, expositions&#8230;<strong><br \/>\n<\/strong><\/p>\n<p style=\"text-align: justify;\">Vernoux fait partie de la <strong>Communaut\u00e9 d&rsquo;Agglom\u00e9ration Privas Centre Ard\u00e8che\u00a0<\/strong><strong>(<a href=\"http:\/\/www.privas-centre-ardeche.fr\/\" target=\"_blank\">CAPCA<\/a>)<\/strong>.<\/p>\n<p style=\"text-align: justify;\">Vernoux dispose de tous les <strong>commerces<\/strong> de proximit\u00e9, de <strong>services m\u00e9dicaux<\/strong> (Maison de sant\u00e9 et EPAHD, <strong>d&rsquo;\u00e9tablissements<\/strong> <strong>scolaires<\/strong>(primaire et secondaire), de nombreuses activit\u00e9s de loisirs, d&rsquo;une poste, d&rsquo;un relais pour le t\u00e9l\u00e9phone portable et A.D.S.L<br \/>\nzones industrielles&#8230;<\/p>\n<table class=\" alignleft\" style=\"width: 800px; height: auto; margin-left: 200px;\">\n<tbody>\n<tr>\n<td style=\"vertical-align: top; text-align: center;\">Les armes de Vernoux-en-Vivarais se blasonnent ainsi\u00a0:<i>D&rsquo;azur \u00e0 la ruche d&rsquo;argent, sur une terrasse isol\u00e9e de sinople et entour\u00e9e d&rsquo;abeilles d&rsquo;argent volantes en nombre.<\/i><\/p>\n<blockquote><p>Devise\u00a0: \u00ab\u00a0Verno Semper Vernat\u00a0\u00bb Vernoux toujours reverdit.<\/p><\/blockquote>\n<\/td>\n<td style=\"vertical-align: top; text-align: center;\"><a href=\"https:\/\/commons.wikimedia.org\/wiki\/File:Blason_Vernoux-en-Vivarais.svg\" target=\"_blanck\"><img loading=\"lazy\" class=\" wp-image-954\" src=\"http:\/\/vernoux.info\/vivre-en-ardeche\/wp-content\/uploads\/2016\/08\/Blason_Vernoux-en-Vivarais.svg-256px.png\" alt=\"Blason_Vernoux\" width=\"130\" height=\"143\" \/><\/a><\/td>\n<\/tr>\n<\/tbody>\n<\/table>\n<p>&nbsp;<\/p>\n<p>&nbsp;<\/p>\n<p>&nbsp;<\/p>\n<p>&nbsp;<\/p>\n<p>&nbsp;<\/p>\n<div id=\"attachment_1012\" style=\"width: 627px\" class=\"wp-caption alignleft\"><a href=\"http:\/\/vernoux.info\/vivre-en-ardeche\/wp-content\/uploads\/2016\/08\/Itin\u00e9raire-pour-venir-\u00e0-Vernoux-par-Valence-ou-par-St-Laurent-du-Pape.png\"><img aria-describedby=\"caption-attachment-1012\" loading=\"lazy\" class=\"wp-image-1012 \" src=\"http:\/\/vernoux.info\/vivre-en-ardeche\/wp-content\/uploads\/2016\/08\/Itin\u00e9raire-pour-venir-\u00e0-Vernoux-par-Valence-ou-par-St-Laurent-du-Pape.png\" alt=\"Itin\u00e9raire pour venir \u00e0 Vernoux par Valence ou par St Laurent du Pape.png\" width=\"617\" height=\"382\" srcset=\"http:\/\/vernoux.info\/vivre-en-ardeche\/wp-content\/uploads\/2016\/08\/Itin\u00e9raire-pour-venir-\u00e0-Vernoux-par-Valence-ou-par-St-Laurent-du-Pape.png 595w, http:\/\/vernoux.info\/vivre-en-ardeche\/wp-content\/uploads\/2016\/08\/Itin\u00e9raire-pour-venir-\u00e0-Vernoux-par-Valence-ou-par-St-Laurent-du-Pape-300x186.png 300w\" sizes=\"(max-width: 617px) 100vw, 617px\" \/><\/a><p id=\"caption-attachment-1012\" class=\"wp-caption-text\">Itin\u00e9raire pour venir \u00e0 Vernoux par Valence ou par St Laurent du Pape.png<\/p><\/div>\n<h2><strong>Venir \u00e0 Vernoux<\/strong><\/h2>\n<p>situ\u00e9 \u00e0 \u00bd heure de la vall\u00e9e du Rh\u00f4ne,<br \/>\n\u00e0 1 heure du T.G.V. Valence-Paris<br \/>\n\u00e0 1h30 de la capitale r\u00e9gionale, Lyon,<\/p>\n<p><strong>Par la route<\/strong><br \/>\nAutoroute <a href=\"http:\/\/vernoux.info\/vivre-en-ardeche\/wp-content\/uploads\/2016\/08\/autoroute.png\" target=\"_blank\">A7 sortie 15<\/a> Valence<br \/>\n<strong>Par le train<\/strong><br \/>\n<a href=\"https:\/\/www.google.fr\/maps\/place\/Gare+de+Valence+Ville\/@44.9240773,4.9095258,14z\/data=!4m5!3m4!1s0x47f5582f50cd2ee5:0x808236051df596b7!8m2!3d44.9280296!4d4.8932938\" target=\"_blank\">Gares de Valence ville<\/a> ou de <a href=\"https:\/\/www.google.fr\/maps\/place\/Gare+de+Valence+TGV\/@44.9995507,4.9631919,12z\/data=!4m5!3m4!1s0x47f5516e78132db1:0x4f0c323f24ae543a!8m2!3d44.9923737!4d4.9786926\" target=\"_blank\">Valence TGV<\/a> <a href=\"http:\/\/www.sncf.fr\" target=\"_blank\">www.sncf.fr<\/a><br \/>\n<strong>Par le car<\/strong><br \/>\nGare routi\u00e8re de Valence Ville : 04.75.81.72.62<br \/>\nGare routi\u00e8re de Valence TGV : 04.75.58.24.74<br \/>\nService des transports : 04.75.66.97.59 ou <a href=\"http:\/\/www.cit\u00e9a.fr\" target=\"_blank\">www.cit\u00e9a.fr<br \/>\n<\/a><a href=\"http:\/\/vernoux.info\/fichiers\/46.pdf\" target=\"_blank\">Horaire de la ligne 46 <\/a>(Arr\u00eat Coll\u00e8ge Pierre Delarbre)<\/p>\n<div style=\"padding-left: 40px;\">\n<p>&nbsp;<\/p>\n<h1><\/h1>\n<\/div>\n","protected":false},"excerpt":{"rendered":"<p>A quelques minutes de la vall\u00e9e du Rh\u00f4ne Vernoux-en-Vivarais, village de 1 916 habitants(2013), se situe au dessus de\u00a0la vall\u00e9e du Rh\u00f4ne \u00e0 l&rsquo;ouest de Valence et s\u2019\u00e9tend entre les vall\u00e9es du Doux et de l\u2019Eyrieux \u00e0\u00a0une altitude d&rsquo;environ\u00a0600m. Au c\u0153ur d&rsquo;un plateau de 8km2, le village est le paradis [&#8230;]<\/p>\n","protected":false},"author":1,"featured_media":952,"parent":0,"menu_order":0,"comment_status":"closed","ping_status":"closed","template":"template-fullwidth.php","meta":{"kia_subtitle":"D\u00e9couvrir l'environnement de Vernoux-en-Vivarais"},"_links":{"self":[{"href":"http:\/\/vernoux.info\/vivre-en-ardeche\/wp-json\/wp\/v2\/pages\/911"}],"collection":[{"href":"http:\/\/vernoux.info\/vivre-en-ardeche\/wp-json\/wp\/v2\/pages"}],"about":[{"href":"http:\/\/vernoux.info\/vivre-en-ardeche\/wp-json\/wp\/v2\/types\/page"}],"author":[{"embeddable":true,"href":"http:\/\/vernoux.info\/vivre-en-ardeche\/wp-json\/wp\/v2\/users\/1"}],"replies":[{"embeddable":true,"href":"http:\/\/vernoux.info\/vivre-en-ardeche\/wp-json\/wp\/v2\/comments?post=911"}],"version-history":[{"count":102,"href":"http:\/\/vernoux.info\/vivre-en-ardeche\/wp-json\/wp\/v2\/pages\/911\/revisions"}],"predecessor-version":[{"id":1524,"href":"http:\/\/vernoux.info\/vivre-en-ardeche\/wp-json\/wp\/v2\/pages\/911\/revisions\/1524"}],"wp:featuredmedia":[{"embeddable":true,"href":"http:\/\/vernoux.info\/vivre-en-ardeche\/wp-json\/wp\/v2\/media\/952"}],"wp:attachment":[{"href":"http:\/\/vernoux.info\/vivre-en-ardeche\/wp-json\/wp\/v2\/media?parent=911"}],"curies":[{"name":"wp","href":"https:\/\/api.w.org\/{rel}","templated":true}]}}