{"id":693,"date":"2016-08-09T15:12:43","date_gmt":"2016-08-09T14:12:43","guid":{"rendered":"http:\/\/vernoux.info\/vivre-en-ardeche\/?page_id=693"},"modified":"2016-08-09T20:27:38","modified_gmt":"2016-08-09T19:27:38","slug":"les-professionnels-de-sante-de-vernoux","status":"publish","type":"page","link":"http:\/\/vernoux.info\/vivre-en-ardeche\/les-professionnels-de-sante-de-vernoux\/","title":{"rendered":"Les professionnels de sant\u00e9 de Vernoux"},"content":{"rendered":"<p>&nbsp;<\/p>\n<table class=\"tabSante\">\n<tr>\n<td>&nbsp;<\/td>\n<td><strong>G\u00e9n\u00e9raliste<\/strong><\/td>\n<td><strong>Dentiste<\/strong><\/td>\n<td><strong>ORL<\/strong><\/td>\n<td><strong>kin\u00e9sith\u00e9rapeute<\/strong><\/td>\n<td><strong>Infirmi\u00e8re<\/strong><\/td>\n<td><strong>Orthophoniste<\/strong><\/td>\n<td><strong>Gyn\u00e9cologue<\/strong><\/td>\n<td><strong>\u00a0P\u00e9diatre<\/strong><\/td>\n<td><strong>Dermatologue\u00a0<\/strong><\/td>\n<\/tr>\n<tr>\n<td style=\"text-align: center; vertical-align: middle;\"><strong>A Vernoux<\/strong><\/td>\n<td><a href=\"http:\/\/www.pagesjaunes.fr\/annuaire\/chercherlespros?quoiqui=generaliste&amp;ou=Vernoux+en+Vivarais&amp;proximite=0\" target=\"_blank\"><img src=\"\/fichiers\/loupe.png\" alt=\"voir la liste\" \/><\/a><\/td>\n<td><a href=\"http:\/\/www.pagesjaunes.fr\/annuaire\/chercherlespros?quoiqui=dentiste&amp;ou=Vernoux+en+Vivarais&amp;proximite=0\" target=\"_blank\"><img src=\"\/fichiers\/loupe.png\" alt=\"voir la liste\" \/><\/a><\/td>\n<td><a href=\"http:\/\/www.pagesjaunes.fr\/annuaire\/chercherlespros?quoiqui=ORL&amp;ou=Vernoux+en+Vivarais&amp;proximite=0\" target=\"_blank\"><img src=\"\/fichiers\/loupe.png\" alt=\"voir la liste\" \/><\/a><\/td>\n<td><a href=\"http:\/\/www.pagesjaunes.fr\/annuaire\/chercherlespros?quoiqui=kinesitherapeute&amp;ou=Vernoux+en+Vivarais&amp;proximite=0\" target=\"_blank\"><img src=\"\/fichiers\/loupe.png\" alt=\"voir la liste\" \/><\/a><\/td>\n<td><a href=\"http:\/\/www.pagesjaunes.fr\/recherche\/vernoux-en-vivarais-07\/infirmiere\" target=\"_blank\"><img src=\"\/fichiers\/loupe.png\" alt=\"voir la liste\" \/><\/a><\/td>\n<td><a href=\"http:\/\/www.pagesjaunes.fr\/annuaire\/chercherlespros?quoiqui=orthophoniste&amp;ou=Vernoux+en+Vivarais&amp;proximite=0\" target=\"_blank\"><img src=\"\/fichiers\/loupe.png\" alt=\"voir la liste\" \/><\/a><\/td>\n<td>&#8211;<\/td>\n<td>\u00a0&#8211;<\/td>\n<td>\u00a0&#8211;<\/td>\n<\/tr>\n<tr>\n<td style=\"text-align: center; vertical-align: middle;\"><strong>A proximit\u00e9<\/strong><\/td>\n<td><a href=\"http:\/\/www.pagesjaunes.fr\/annuaire\/chercherlespros?quoiqui=generaliste&amp;ou=Vernoux+en+Vivarais&amp;proximite=1\" target=\"_blank\"><img src=\"\/fichiers\/loupe.png\" alt=\"voir la liste\" \/><\/a><\/td>\n<td><a href=\"http:\/\/www.pagesjaunes.fr\/annuaire\/chercherlespros?quoiqui=dentiste&amp;ou=Vernoux+en+Vivarais&amp;proximite=1\" target=\"_blank\"><img src=\"\/fichiers\/loupe.png\" alt=\"voir la liste\" \/><\/a><\/td>\n<td><a href=\"http:\/\/www.pagesjaunes.fr\/annuaire\/chercherlespros?quoiqui=ORL&amp;ou=Vernoux+en+Vivarais&amp;proximite=1\"><img src=\"\/fichiers\/loupe.png\" alt=\"voir la liste\" \/><\/a><\/td>\n<td><a href=\"http:\/\/www.pagesjaunes.fr\/annuaire\/chercherlespros?quoiqui=kinesitherapeute&amp;ou=Vernoux+en+Vivarais&amp;proximite=1\"><img src=\"\/fichiers\/loupe.png\" alt=\"voir la liste\" \/><\/a><\/td>\n<td><a href=\"http:\/\/www.pagesjaunes.fr\/annuaire\/chercherlespros?quoiqui=infirmiere&amp;ou=Vernoux+en+Vivarais&amp;proximite=1\"><img src=\"\/fichiers\/loupe.png\" alt=\"voir la liste\" \/><\/a><\/td>\n<td><a href=\"http:\/\/www.pagesjaunes.fr\/annuaire\/chercherlespros?quoiqui=orthophoniste&amp;ou=Vernoux+en+Vivarais&amp;proximite=1\"><img src=\"\/fichiers\/loupe.png\" alt=\"voir la liste\" \/><\/a><\/td>\n<td>\u00a0<a href=\"http:\/\/www.pagesjaunes.fr\/annuaire\/chercherlespros?quoiqui=gynecologue&amp;ou=Vernoux+en+Vivarais&amp;proximite=1\"><img src=\"\/fichiers\/loupe.png\" alt=\"voir la liste\" \/><\/a><\/td>\n<td><a href=\"http:\/\/www.pagesjaunes.fr\/annuaire\/chercherlespros?quoiqui=p%C3%A9diatre&amp;ou=Vernoux+en+Vivarais&amp;proximite=1\"><img src=\"\/fichiers\/loupe.png\" alt=\"voir la liste\" \/><\/a><\/td>\n<td><a href=\"http:\/\/www.pagesjaunes.fr\/annuaire\/chercherlespros?quoiqui=dermatologue&amp;ou=Vernoux+en+Vivarais&amp;proximite=1\"><img src=\"\/fichiers\/loupe.png\" alt=\"voir la liste\" \/><\/a><\/td>\n<\/tr>\n<\/table>\n<p>Pour toutes les autres professions non list\u00e9es ici, il faudra alors passer par les <a href=\"http:\/\/www.pagesjaunes.fr\/\" target=\"_blank\">pages jaunes<\/a><\/p>\n","protected":false},"excerpt":{"rendered":"<p>&nbsp; &nbsp; G\u00e9n\u00e9raliste Dentiste ORL kin\u00e9sith\u00e9rapeute Infirmi\u00e8re Orthophoniste Gyn\u00e9cologue \u00a0P\u00e9diatre Dermatologue\u00a0 A Vernoux &#8211; \u00a0&#8211; \u00a0&#8211; A proximit\u00e9 \u00a0 Pour toutes les autres professions non list\u00e9es ici, il faudra alors passer par les pages jaunes<\/p>\n","protected":false},"author":1,"featured_media":0,"parent":0,"menu_order":0,"comment_status":"closed","ping_status":"closed","template":"template-fullwidth.php","meta":{"kia_subtitle":"<strong>Trouver toutes les coordonn\u00e9es d'un praticien<\/strong>"},"_links":{"self":[{"href":"http:\/\/vernoux.info\/vivre-en-ardeche\/wp-json\/wp\/v2\/pages\/693"}],"collection":[{"href":"http:\/\/vernoux.info\/vivre-en-ardeche\/wp-json\/wp\/v2\/pages"}],"about":[{"href":"http:\/\/vernoux.info\/vivre-en-ardeche\/wp-json\/wp\/v2\/types\/page"}],"author":[{"embeddable":true,"href":"http:\/\/vernoux.info\/vivre-en-ardeche\/wp-json\/wp\/v2\/users\/1"}],"replies":[{"embeddable":true,"href":"http:\/\/vernoux.info\/vivre-en-ardeche\/wp-json\/wp\/v2\/comments?post=693"}],"version-history":[{"count":30,"href":"http:\/\/vernoux.info\/vivre-en-ardeche\/wp-json\/wp\/v2\/pages\/693\/revisions"}],"predecessor-version":[{"id":730,"href":"http:\/\/vernoux.info\/vivre-en-ardeche\/wp-json\/wp\/v2\/pages\/693\/revisions\/730"}],"wp:attachment":[{"href":"http:\/\/vernoux.info\/vivre-en-ardeche\/wp-json\/wp\/v2\/media?parent=693"}],"curies":[{"name":"wp","href":"https:\/\/api.w.org\/{rel}","templated":true}]}}