{"id":660,"date":"2016-08-09T10:28:43","date_gmt":"2016-08-09T09:28:43","guid":{"rendered":"http:\/\/vernoux.info\/vivre-en-ardeche\/?page_id=660"},"modified":"2016-08-10T17:34:16","modified_gmt":"2016-08-10T16:34:16","slug":"prix-fioul-ardeche","status":"publish","type":"page","link":"http:\/\/vernoux.info\/vivre-en-ardeche\/prix-fioul-ardeche\/","title":{"rendered":"Prix du Fioul en Ard\u00e8che"},"content":{"rendered":"<p>Restez au courant des <strong>prix du fioul en Ard\u00e8che<\/strong>. Le site Fioulmarket permet la commande et la livraison de fioul mais je vous recommande l&rsquo;entreprise ROUMEAS \u00e0 Alboussi\u00e8re : <strong>ROUMEAS (Fioul, boissons, mat\u00e9riaux)<\/strong> \u00a0\u00a007440, Alboussi\u00e8re, \u00a0T\u00e9l\u00e9phone : <strong>04 75 58 31 90<\/strong>, \u00a0Mobile:\u00a006 86 72 15 75,\u00a0Fax : 04 75 58 35 83<\/p>\n\n<!-- iframe plugin v.4.5 wordpress.org\/plugins\/iframe\/ -->\n<iframe src=\"http:\/\/www.fioulmarket.fr\/prix-du-fioul-ardeche\" width=\"100%\" height=\"2700\" scrolling=\"yes\" class=\"iframe-class\" frameborder=\"0\"><\/iframe>\n\n","protected":false},"excerpt":{"rendered":"<p>Restez au courant des prix du fioul en Ard\u00e8che. Le site Fioulmarket permet la commande et la livraison de fioul mais je vous recommande l&rsquo;entreprise ROUMEAS \u00e0 Alboussi\u00e8re : ROUMEAS (Fioul, boissons, mat\u00e9riaux) \u00a0\u00a007440, Alboussi\u00e8re, \u00a0T\u00e9l\u00e9phone : 04 75 58 31 90, \u00a0Mobile:\u00a006 86 72 15 75,\u00a0Fax : 04 75 [&#8230;]<\/p>\n","protected":false},"author":1,"featured_media":0,"parent":0,"menu_order":0,"comment_status":"closed","ping_status":"closed","template":"template-fullwidth.php","meta":{"kia_subtitle":"<strong>prix du fioul en Ard\u00e8che<\/strong>"},"_links":{"self":[{"href":"http:\/\/vernoux.info\/vivre-en-ardeche\/wp-json\/wp\/v2\/pages\/660"}],"collection":[{"href":"http:\/\/vernoux.info\/vivre-en-ardeche\/wp-json\/wp\/v2\/pages"}],"about":[{"href":"http:\/\/vernoux.info\/vivre-en-ardeche\/wp-json\/wp\/v2\/types\/page"}],"author":[{"embeddable":true,"href":"http:\/\/vernoux.info\/vivre-en-ardeche\/wp-json\/wp\/v2\/users\/1"}],"replies":[{"embeddable":true,"href":"http:\/\/vernoux.info\/vivre-en-ardeche\/wp-json\/wp\/v2\/comments?post=660"}],"version-history":[{"count":11,"href":"http:\/\/vernoux.info\/vivre-en-ardeche\/wp-json\/wp\/v2\/pages\/660\/revisions"}],"predecessor-version":[{"id":834,"href":"http:\/\/vernoux.info\/vivre-en-ardeche\/wp-json\/wp\/v2\/pages\/660\/revisions\/834"}],"wp:attachment":[{"href":"http:\/\/vernoux.info\/vivre-en-ardeche\/wp-json\/wp\/v2\/media?parent=660"}],"curies":[{"name":"wp","href":"https:\/\/api.w.org\/{rel}","templated":true}]}}