{"id":629,"date":"2016-08-08T20:52:20","date_gmt":"2016-08-08T19:52:20","guid":{"rendered":"http:\/\/vernoux.info\/vivre-en-ardeche\/?page_id=629"},"modified":"2016-08-08T21:01:15","modified_gmt":"2016-08-08T20:01:15","slug":"trouver-fichiers-a-telecharger-vernousains","status":"publish","type":"page","link":"http:\/\/vernoux.info\/vivre-en-ardeche\/trouver-fichiers-a-telecharger-vernousains\/","title":{"rendered":"Trouver des fichiers \u00e0 t\u00e9l\u00e9charger pour les vernousains"},"content":{"rendered":"\n<!-- iframe plugin v.4.5 wordpress.org\/plugins\/iframe\/ -->\n<iframe src=\"http:\/\/vernoux.info\/telecharger-des-fichiers\/\" width=\"100%\" height=\"4500\" scrolling=\"yes\" class=\"iframe-class\" frameborder=\"0\"><\/iframe>\n\n","protected":false},"excerpt":{"rendered":"","protected":false},"author":1,"featured_media":0,"parent":0,"menu_order":0,"comment_status":"closed","ping_status":"closed","template":"template-fullwidth.php","meta":{"kia_subtitle":"Formulaire de recherche pour le t\u00e9l\u00e9chargement de tous les documents \u00e0 disposition des vernousains"},"_links":{"self":[{"href":"http:\/\/vernoux.info\/vivre-en-ardeche\/wp-json\/wp\/v2\/pages\/629"}],"collection":[{"href":"http:\/\/vernoux.info\/vivre-en-ardeche\/wp-json\/wp\/v2\/pages"}],"about":[{"href":"http:\/\/vernoux.info\/vivre-en-ardeche\/wp-json\/wp\/v2\/types\/page"}],"author":[{"embeddable":true,"href":"http:\/\/vernoux.info\/vivre-en-ardeche\/wp-json\/wp\/v2\/users\/1"}],"replies":[{"embeddable":true,"href":"http:\/\/vernoux.info\/vivre-en-ardeche\/wp-json\/wp\/v2\/comments?post=629"}],"version-history":[{"count":4,"href":"http:\/\/vernoux.info\/vivre-en-ardeche\/wp-json\/wp\/v2\/pages\/629\/revisions"}],"predecessor-version":[{"id":633,"href":"http:\/\/vernoux.info\/vivre-en-ardeche\/wp-json\/wp\/v2\/pages\/629\/revisions\/633"}],"wp:attachment":[{"href":"http:\/\/vernoux.info\/vivre-en-ardeche\/wp-json\/wp\/v2\/media?parent=629"}],"curies":[{"name":"wp","href":"https:\/\/api.w.org\/{rel}","templated":true}]}}