{"id":463,"date":"2016-08-05T22:06:35","date_gmt":"2016-08-05T21:06:35","guid":{"rendered":"http:\/\/vernoux.info\/vivre-en-ardeche\/?page_id=463"},"modified":"2016-08-05T22:06:35","modified_gmt":"2016-08-05T21:06:35","slug":"regles-generales-de-diffusion","status":"publish","type":"page","link":"http:\/\/vernoux.info\/vivre-en-ardeche\/regles-generales-de-diffusion\/","title":{"rendered":"R\u00e8gles g\u00e9n\u00e9rales de diffusion"},"content":{"rendered":"<p>REGLES GENERALES DE DIFFUSION<\/p>\n","protected":false},"excerpt":{"rendered":"<p>REGLES GENERALES DE DIFFUSION<\/p>\n","protected":false},"author":1,"featured_media":0,"parent":0,"menu_order":0,"comment_status":"closed","ping_status":"closed","template":"","meta":{"kia_subtitle":""},"_links":{"self":[{"href":"http:\/\/vernoux.info\/vivre-en-ardeche\/wp-json\/wp\/v2\/pages\/463"}],"collection":[{"href":"http:\/\/vernoux.info\/vivre-en-ardeche\/wp-json\/wp\/v2\/pages"}],"about":[{"href":"http:\/\/vernoux.info\/vivre-en-ardeche\/wp-json\/wp\/v2\/types\/page"}],"author":[{"embeddable":true,"href":"http:\/\/vernoux.info\/vivre-en-ardeche\/wp-json\/wp\/v2\/users\/1"}],"replies":[{"embeddable":true,"href":"http:\/\/vernoux.info\/vivre-en-ardeche\/wp-json\/wp\/v2\/comments?post=463"}],"version-history":[{"count":1,"href":"http:\/\/vernoux.info\/vivre-en-ardeche\/wp-json\/wp\/v2\/pages\/463\/revisions"}],"predecessor-version":[{"id":464,"href":"http:\/\/vernoux.info\/vivre-en-ardeche\/wp-json\/wp\/v2\/pages\/463\/revisions\/464"}],"wp:attachment":[{"href":"http:\/\/vernoux.info\/vivre-en-ardeche\/wp-json\/wp\/v2\/media?parent=463"}],"curies":[{"name":"wp","href":"https:\/\/api.w.org\/{rel}","templated":true}]}}