{"id":459,"date":"2016-08-05T22:04:47","date_gmt":"2016-08-05T21:04:47","guid":{"rendered":"http:\/\/vernoux.info\/vivre-en-ardeche\/?page_id=459"},"modified":"2016-08-26T15:23:02","modified_gmt":"2016-08-26T14:23:02","slug":"a-propos-de-vernoux-connexion","status":"publish","type":"page","link":"http:\/\/vernoux.info\/vivre-en-ardeche\/a-propos-de-vernoux-connexion\/","title":{"rendered":"A propos de Vernoux connexion, la boite \u00e0 outils"},"content":{"rendered":"<div id=\"pl-459\"  class=\"panel-layout\" ><div id=\"pg-459-0\"  class=\"panel-grid panel-no-style\" ><div id=\"pgc-459-0-0\"  class=\"panel-grid-cell\" ><div id=\"panel-459-0-0-0\" class=\"so-panel widget widget_sow-editor panel-first-child panel-last-child\" data-index=\"0\" ><div class=\"so-widget-sow-editor so-widget-sow-editor-base\">\n<div class=\"siteorigin-widget-tinymce textwidget\">\n\t<p><strong>Vernoux Connexion<\/strong>, un site pour tous les vernousains<\/p>\n<p>Le site\u00a0<a href=\"http:\/\/www.vernoux-en-vivarais.fr\/\" target=\"_blank\">http:\/\/www.vernoux-en-vivarais.fr\/<\/a>\u00a0fournit des informations \u00e9galement.<\/p>\n<blockquote>\n<p>L'objectif d'une collectivit\u00e9 locale est d'apporter un service \u00e0 la communaut\u00e9 qui vit sur son territoire.<\/p>\n<\/blockquote>\n<p>Alors passionn\u00e9 d'informatique et avec beaucoup de temps et de volont\u00e9, un\u00a0vernousain a cr\u00e9\u00e9 une boite \u00e0 outils pour offrir un endroit o\u00f9 <strong>s'informer, apprendre, partager, contribuer.<\/strong><\/p>\n<p>Les <strong>Actualit\u00e9s<\/strong> permettent de lire toutes les\u00a0informations locales et nationales. Le site fournit des articles et des dossiers r\u00e9dig\u00e9s par le groupe de contributeurs. Les sujets sont g\u00e9n\u00e9raux mais d\u00e8s que n\u00e9cessaire\u00a0retranscrivent l'actualit\u00e9 du Pays de Vernoux.<\/p>\n<p>La\u00a0<strong>revue de presse<\/strong> permet de r\u00e9cup\u00e9rer le fil d'information de diff\u00e9rentes sources nationales pour fournir une <strong>agr\u00e9gation d'actualit\u00e9s<\/strong>.<\/p>\n<blockquote>\n<p>Le Dauphin\u00e9 Lib\u00e9r\u00e9 n'est pas un service gratuit. Tous les articles ne sont pas tous a disposition. L'internaute a le choix ou pas de prendre un abonnement ou pas s'il veut lire une information en entier.<\/p>\n<\/blockquote>\n<p><a href=\"http:\/\/mistraltv.fr\/\" target=\"_blank\">MISTRAL TV<\/a> est une <strong>WebTv<\/strong>, une cha\u00eene de t\u00e9l\u00e9vision sur le web. Son contenu \u00e9ditorial convient parfaitement \u00e0 la ligne \u00e9ditoriale du site. Il est bien de mettre en avant la\u00a0bonne initiative d'une association locale.<\/p>\n<blockquote>\n<p>MISTRAL TV - 246, rue Barnave \u2013 26000 Valence - T\u00e9l. : 06.18.44.89.24 - Association loi du 1<span class=\"sup\">er<\/span> juillet 1901 et du d\u00e9cret du 16 ao\u00fbt 1901<\/p>\n<\/blockquote>\n<p><strong>Pratique<\/strong> contient plein de fiches utiles, des listes pr\u00e9-\u00e9tablies, des annuaires, et permet de t\u00e9l\u00e9charger des fichiers, et de trouver une liste de sites int\u00e9ressants.<\/p>\n<p><strong>Vernoux<\/strong> rappellera quelques \u00e9vidences pour d\u00e9couvrir Vernoux mais c'est toujours utile d'avoir des infos actualis\u00e9es sur notre mairie, notre ville, notre d\u00e9partement, notre r\u00e9gion.<\/p>\n<p><strong>Sortir<\/strong>\u00a0repr\u00e9sente l'outil de communication pour les vernousains et les personnes de passage pour trouver une bonne adresse, un \u00e9v\u00e9nement et trouver une occasion de sortir<\/p>\n<p>Cr\u00e9er\u00a0un espace de discussion, de partage, pour\u00a0\u00e9changer, d\u00e9battre, donner son avis, donner des id\u00e9es, trouver un objet, un service, c'est l'objectif du <strong>Forum<\/strong>.<\/p>\n<p>Le <strong>Zapping<\/strong> est le d\u00e9fouloir o\u00f9 l'on pourra trouver tout ce qui aurait pu faire rire l'\u00e9quipe du site ou alors tout contenu original.<\/p>\n<\/div>\n<\/div><\/div><\/div><div id=\"pgc-459-0-1\"  class=\"panel-grid-cell\" ><div id=\"panel-459-0-1-0\" class=\"so-panel widget widget_sow-testimonials panel-first-child panel-last-child\" data-index=\"1\" ><div class=\"so-widget-sow-testimonials so-widget-sow-testimonials-default-92bcc2df8359\"><h3 class=\"widget-title\">Le Livre d&#039;or<\/h3>\t\t<svg style=\"position: absolute; width: 0; height: 0;\" width=\"0\" height=\"0\" version=\"1.1\" xmlns=\"http:\/\/www.w3.org\/2000\/svg\" xmlns:xlink=\"http:\/\/www.w3.org\/1999\/xlink\">\n\t\t\t<defs>\n\t\t\t\t<symbol id=\"icon-caret-down\" viewBox=\"0 0 585 1024\">\n\t\t\t\t\t<title>caret-down<\/title>\n\t\t\t\t\t<path class=\"path1\" d=\"M585.143 402.286q0 14.857-10.857 25.714l-256 256q-10.857 10.857-25.714 10.857t-25.714-10.857l-256-256q-10.857-10.857-10.857-25.714t10.857-25.714 25.714-10.857h512q14.857 0 25.714 10.857t10.857 25.714z\"><\/path>\n\t\t\t\t<\/symbol>\n\t\t\t\t<symbol id=\"icon-caret-up\" viewBox=\"0 0 585 1024\">\n\t\t\t\t\t<title>caret-up<\/title>\n\t\t\t\t\t<path class=\"path1\" d=\"M585.143 694.857q0 14.857-10.857 25.714t-25.714 10.857h-512q-14.857 0-25.714-10.857t-10.857-25.714 10.857-25.714l256-256q10.857-10.857 25.714-10.857t25.714 10.857l256 256q10.857 10.857 10.857 25.714z\"><\/path>\n\t\t\t\t<\/symbol>\n\t\t\t\t<symbol id=\"icon-caret-left\" viewBox=\"0 0 366 1024\">\n\t\t\t\t\t<title>caret-left<\/title>\n\t\t\t\t\t<path class=\"path1\" d=\"M365.714 256v512q0 14.857-10.857 25.714t-25.714 10.857-25.714-10.857l-256-256q-10.857-10.857-10.857-25.714t10.857-25.714l256-256q10.857-10.857 25.714-10.857t25.714 10.857 10.857 25.714z\"><\/path>\n\t\t\t\t<\/symbol>\n\t\t\t\t<symbol id=\"icon-caret-right\" viewBox=\"0 0 366 1024\">\n\t\t\t\t\t<title>caret-right<\/title>\n\t\t\t\t\t<path class=\"path1\" d=\"M329.143 512q0 14.857-10.857 25.714l-256 256q-10.857 10.857-25.714 10.857t-25.714-10.857-10.857-25.714v-512q0-14.857 10.857-25.714t25.714-10.857 25.714 10.857l256 256q10.857 10.857 10.857 25.714z\"><\/path>\n\t\t\t\t<\/symbol>\n\t\t\t<\/defs>\n\t\t<\/svg>\n\t\t<div class=\"sow-testimonials\">\n\t\t\t\t\t<div class=\"sow-testimonial-wrapper sow-user-right sow-layout-text-above\">\n\t\t\t<div class=\"sow-testimonial\">\n\t\t\t\t\t\t\t\t\t<div class=\"sow-testimonial-text\">\n\t\t\t\t\t\t<p>J'appr\u00e9cie de trouver plein d'informations pratiques et consulter les actualit\u00e9s de temps en temps pour me tenir au courant.<\/p><p>Je vais essayer de participer au forum pour y donner mon avis<\/p><p>\u00a0<\/p>\t\t\t\t\t<\/div>\n\t\t\t\t\n\t\t\t\t<div class=\"sow-testimonial-user\">\n\t\t\t\t\t\n\t\t\t\t\t<div class=\"sow-text\">\n\t\t\t\t\t\t\t\t\t\t\t\t\t<span class=\"sow-testimonial-name\"><strong>Monsieur C.<\/strong><\/span>\n\t\t\t\t\t\t\t\t\t\t\t\t\t\t\t\t\t\t\t\t\t\t\t\t\t<span class=\"sow-testimonial-location\">Vernoux<\/span>\n\t\t\t\t\t\t\t\t\t\t\t\t\t\t\t\t\t<\/div>\n\n\t\t\t\t\t\t\t\t\t<\/div>\n\n\t\t\t\t\t\t\t<\/div>\n\t\t<\/div>\n\t\t\t\t\t<div class=\"sow-testimonial-wrapper sow-user-right sow-layout-text-above\">\n\t\t\t<div class=\"sow-testimonial\">\n\t\t\t\t\t\t\t\t\t<div class=\"sow-testimonial-text\">\n\t\t\t\t\t\t<p>La section pratique et sortir sont tr\u00e8s pratiques.<\/p><p>Je trouve tout ce qu'il me faut et \u00e7a me ravit<\/p>\t\t\t\t\t<\/div>\n\t\t\t\t\n\t\t\t\t<div class=\"sow-testimonial-user\">\n\t\t\t\t\t\n\t\t\t\t\t<div class=\"sow-text\">\n\t\t\t\t\t\t\t\t\t\t\t\t\t<span class=\"sow-testimonial-name\"><strong>Mme Marcelle.<\/strong><\/span>\n\t\t\t\t\t\t\t\t\t\t\t\t\t\t\t\t\t\t\t\t\t\t\t\t\t<span class=\"sow-testimonial-location\">Vernoux<\/span>\n\t\t\t\t\t\t\t\t\t\t\t\t\t\t\t\t\t<\/div>\n\n\t\t\t\t\t\t\t\t\t<\/div>\n\n\t\t\t\t\t\t\t<\/div>\n\t\t<\/div>\n\t<\/div>\n<\/div><\/div><\/div><\/div><\/div>","protected":false},"excerpt":{"rendered":"<p>Vernoux Connexion, un site pour tous les vernousainsLe site\u00a0http:\/\/www.vernoux-en-vivarais.fr\/\u00a0fournit des informations \u00e9galement.L&rsquo;objectif d&rsquo;une collectivit\u00e9 locale est d&rsquo;apporter un service \u00e0 la communaut\u00e9 qui vit sur son territoire.Alors passionn\u00e9 d&rsquo;informatique et avec beaucoup de temps et de volont\u00e9, un\u00a0vernousain a cr\u00e9\u00e9 une boite \u00e0 outils pour offrir un endroit o\u00f9 s&rsquo;informer, [&#8230;]<\/p>\n","protected":false},"author":1,"featured_media":0,"parent":0,"menu_order":0,"comment_status":"closed","ping_status":"closed","template":"template-fullwidth.php","meta":{"kia_subtitle":"Vernoux Connexion, un site pour tous les vernousains o\u00f9 s'informer, apprendre, partager, contribuer."},"_links":{"self":[{"href":"http:\/\/vernoux.info\/vivre-en-ardeche\/wp-json\/wp\/v2\/pages\/459"}],"collection":[{"href":"http:\/\/vernoux.info\/vivre-en-ardeche\/wp-json\/wp\/v2\/pages"}],"about":[{"href":"http:\/\/vernoux.info\/vivre-en-ardeche\/wp-json\/wp\/v2\/types\/page"}],"author":[{"embeddable":true,"href":"http:\/\/vernoux.info\/vivre-en-ardeche\/wp-json\/wp\/v2\/users\/1"}],"replies":[{"embeddable":true,"href":"http:\/\/vernoux.info\/vivre-en-ardeche\/wp-json\/wp\/v2\/comments?post=459"}],"version-history":[{"count":23,"href":"http:\/\/vernoux.info\/vivre-en-ardeche\/wp-json\/wp\/v2\/pages\/459\/revisions"}],"predecessor-version":[{"id":1662,"href":"http:\/\/vernoux.info\/vivre-en-ardeche\/wp-json\/wp\/v2\/pages\/459\/revisions\/1662"}],"wp:attachment":[{"href":"http:\/\/vernoux.info\/vivre-en-ardeche\/wp-json\/wp\/v2\/media?parent=459"}],"curies":[{"name":"wp","href":"https:\/\/api.w.org\/{rel}","templated":true}]}}