{"id":453,"date":"2016-08-05T21:59:28","date_gmt":"2016-08-05T20:59:28","guid":{"rendered":"http:\/\/vernoux.info\/vivre-en-ardeche\/?page_id=453"},"modified":"2016-09-03T23:50:38","modified_gmt":"2016-09-03T22:50:38","slug":"sitemap","status":"publish","type":"page","link":"http:\/\/vernoux.info\/vivre-en-ardeche\/sitemap\/","title":{"rendered":"Sitemap"},"content":{"rendered":"<ul><li class=\"page_item page-item-63\"><a href=\"http:\/\/vernoux.info\/vivre-en-ardeche\/a-la-tele-ce-soir-chaines-de-la-tnt\/\">A la t\u00e9l\u00e9 ce soir &#8211; Chaines de la TNT<\/a><\/li>\n<li class=\"page_item page-item-57\"><a href=\"http:\/\/vernoux.info\/vivre-en-ardeche\/a-la-tele-ce-soir-grandes-chaines\/\">A la t\u00e9l\u00e9 ce soir &#8211; Grandes chaines<\/a><\/li>\n<li class=\"page_item page-item-459\"><a href=\"http:\/\/vernoux.info\/vivre-en-ardeche\/a-propos-de-vernoux-connexion\/\">A propos de Vernoux connexion, la boite \u00e0 outils<\/a><\/li>\n<li class=\"page_item page-item-41\"><a href=\"http:\/\/vernoux.info\/vivre-en-ardeche\/\">Accueil Vernoux Connexion<\/a><\/li>\n<li class=\"page_item page-item-1143\"><a href=\"http:\/\/vernoux.info\/vivre-en-ardeche\/actualites\/\">Actualit\u00e9s<\/a><\/li>\n<li class=\"page_item page-item-469\"><a href=\"http:\/\/vernoux.info\/vivre-en-ardeche\/ajouter-a-mes-favoris\/\">Ajouter \u00e0 mes favoris<\/a><\/li>\n<li class=\"page_item page-item-1159\"><a href=\"http:\/\/vernoux.info\/vivre-en-ardeche\/archives\/\">Archives<\/a><\/li>\n<li class=\"page_item page-item-1253\"><a href=\"http:\/\/vernoux.info\/vivre-en-ardeche\/ardeche-fiche-wikipedia\/\">Ard\u00e8che &#8211; fiche Wikip\u00e9dia<\/a><\/li>\n<li class=\"page_item page-item-370\"><a href=\"http:\/\/vernoux.info\/vivre-en-ardeche\/begoodies-communication-lagence-specialiste-de-votre-image\/\">Begoodies, sp\u00e9cialiste de votre com<\/a><\/li>\n<li class=\"page_item page-item-1025\"><a href=\"http:\/\/vernoux.info\/vivre-en-ardeche\/bugdet\/\">Bugdet en r\u00e9sum\u00e9<\/a><\/li>\n<li class=\"page_item page-item-911\"><a href=\"http:\/\/vernoux.info\/vivre-en-ardeche\/cadre-de-vie-a-vernoux\/\">Cadre de vie \u00e0 Vernoux<\/a><\/li>\n<li class=\"page_item page-item-1218\"><a href=\"http:\/\/vernoux.info\/vivre-en-ardeche\/canton-de-vernoux-fiche-wikipedia\/\">Canton de Vernoux &#8211; fiche Wikip\u00e9dia<\/a><\/li>\n<li class=\"page_item page-item-1120\"><a href=\"http:\/\/vernoux.info\/vivre-en-ardeche\/carte-aires-de-services-camping-cars\/\">Carte des aires de services pour les camping-cars<\/a><\/li>\n<li class=\"page_item page-item-250\"><a href=\"http:\/\/vernoux.info\/vivre-en-ardeche\/cartes-postales-anciennes-de-vernoux\/\">Cartes postales anciennes de Vernoux<\/a><\/li>\n<li class=\"page_item page-item-1018\"><a href=\"http:\/\/vernoux.info\/vivre-en-ardeche\/chateau-de-tourette\/\">Ch\u00e2teau de La Tourette<\/a><\/li>\n<li class=\"page_item page-item-349\"><a href=\"http:\/\/vernoux.info\/vivre-en-ardeche\/code-onglets-css\/\">code onglets css<\/a><\/li>\n<li class=\"page_item page-item-1390\"><a href=\"http:\/\/vernoux.info\/vivre-en-ardeche\/communaute-de-communes\/\">Communaut\u00e9 de communes<\/a><\/li>\n<li class=\"page_item page-item-1138\"><a href=\"http:\/\/vernoux.info\/vivre-en-ardeche\/contactez-le-webmaster\/\">Contactez le webmaster<\/a><\/li>\n<li class=\"page_item page-item-301\"><a href=\"http:\/\/vernoux.info\/vivre-en-ardeche\/decouvrir\/\">D\u00e9couvrir<\/a><\/li>\n<li class=\"page_item page-item-93\"><a href=\"http:\/\/vernoux.info\/vivre-en-ardeche\/faire-une-recherche-pays-de-vernoux\/\">Faire une recherche sur le Pays de Vernoux ou ailleurs [<a href=\"#\" onclick='AfficherCacher(\"AideEnLigne\"); return false'>AIDE<\/a>]<\/a><\/li>\n<li class=\"page_item page-item-560\"><a href=\"http:\/\/vernoux.info\/vivre-en-ardeche\/faire-recherche-pages-blanches-2\/\">FAIRE UNE RECHERCHE SUR LES PAGES BLANCHES<\/a><\/li>\n<li class=\"page_item page-item-556\"><a href=\"http:\/\/vernoux.info\/vivre-en-ardeche\/faire-recherche-pages-blanches\/\">Faire une recherche sur les pages blanches<\/a><\/li>\n<li class=\"page_item page-item-876\"><a href=\"http:\/\/vernoux.info\/vivre-en-ardeche\/faq\/\">FAQ<\/a><\/li>\n<li class=\"page_item page-item-461\"><a href=\"http:\/\/vernoux.info\/vivre-en-ardeche\/flux-rss\/\">Flux RSS<\/a><\/li>\n<li class=\"page_item page-item-390\"><a href=\"http:\/\/vernoux.info\/vivre-en-ardeche\/boite-a-idee-idees-paris\/\">idees paris<\/a><\/li>\n<li class=\"page_item page-item-922\"><a href=\"http:\/\/vernoux.info\/vivre-en-ardeche\/itineraire-venir-vernoux\/\">Itin\u00e9raire pour venir \u00e0 Vernoux<\/a><\/li>\n<li class=\"page_item page-item-405\"><a href=\"http:\/\/vernoux.info\/vivre-en-ardeche\/lactu-en-video\/\">L&rsquo;actu en vid\u00e9o<\/a><\/li>\n<li class=\"page_item page-item-83\"><a href=\"http:\/\/vernoux.info\/vivre-en-ardeche\/sitrawidget\/\">L&rsquo;agenda de l&rsquo;office du tourisme du Pays de Vernoux<\/a><\/li>\n<li class=\"page_item page-item-217\"><a href=\"http:\/\/vernoux.info\/vivre-en-ardeche\/la-mairie\/\">La mairie de Vernoux-en-Vivarais[<a href=\"http:\/\/www.vernoux-en-vivarais.fr\/\" target=\"_blank\">Site officiel<\/a>]<\/a><\/li>\n<li class=\"page_item page-item-415\"><a href=\"http:\/\/vernoux.info\/vivre-en-ardeche\/la-select-des-liens\/\">La s\u00e9lect des liens<\/a><\/li>\n<li class=\"page_item page-item-1125\"><a href=\"http:\/\/vernoux.info\/vivre-en-ardeche\/select-sites-web\/\">La s\u00e9lect des sites web<\/a><\/li>\n<li class=\"page_item page-item-353\"><a href=\"http:\/\/vernoux.info\/vivre-en-ardeche\/le-bon-coin-pays-de-vernoux\/\">Le Bon Coin &#8211; Pays de Vernoux<\/a><\/li>\n<li class=\"page_item page-item-680\"><a href=\"http:\/\/vernoux.info\/vivre-en-ardeche\/site-archives-departement-de-lardeche\/\">Le site des archives du d\u00e9partement de l&rsquo;Ard\u00e8che<\/a><\/li>\n<li class=\"page_item page-item-683\"><a href=\"http:\/\/vernoux.info\/vivre-en-ardeche\/site-departement-de-lardeche\/\">Le site du d\u00e9partement de l&rsquo;Ard\u00e8che<\/a><\/li>\n<li class=\"page_item page-item-393\"><a href=\"http:\/\/vernoux.info\/vivre-en-ardeche\/le-zapping-2-0\/\">Le zapping 2.0<\/a><\/li>\n<li class=\"page_item page-item-572\"><a href=\"http:\/\/vernoux.info\/vivre-en-ardeche\/actu-dauphine-vernoux\/\">Les actu du Dauphin\u00e9 pour Vernoux<\/a><\/li>\n<li class=\"page_item page-item-155\"><a href=\"http:\/\/vernoux.info\/vivre-en-ardeche\/demarche-administrative-et-demarches-administratives\/\">Les d\u00e9marches administratives<\/a><\/li>\n<li class=\"page_item page-item-817\"><a href=\"http:\/\/vernoux.info\/vivre-en-ardeche\/les-demarches-administratives-1\/\">Les d\u00e9marches administratives-1<\/a><\/li>\n<li class=\"page_item page-item-1637\"><a href=\"http:\/\/vernoux.info\/vivre-en-ardeche\/les-incontournables\/\">Les incontournables<\/a><\/li>\n<li class=\"page_item page-item-1277\"><a href=\"http:\/\/vernoux.info\/vivre-en-ardeche\/les-numeros-utiles\/\">Les num\u00e9ros utiles<\/a><\/li>\n<li class=\"page_item page-item-48\"><a href=\"http:\/\/vernoux.info\/vivre-en-ardeche\/numeros-utilesold\/\">Les num\u00e9ros utilesold<\/a><\/li>\n<li class=\"page_item page-item-693\"><a href=\"http:\/\/vernoux.info\/vivre-en-ardeche\/les-professionnels-de-sante-de-vernoux\/\">Les professionnels de sant\u00e9 de Vernoux<\/a><\/li>\n<li class=\"page_item page-item-1398\"><a href=\"http:\/\/vernoux.info\/vivre-en-ardeche\/projet-de-maison-de-sante-vernoux\/\">Les projet de la commune de Vernoux<\/a><\/li>\n<li class=\"page_item page-item-879\"><a href=\"http:\/\/vernoux.info\/vivre-en-ardeche\/radios-fm\/\">Les radios FM<\/a><\/li>\n<li class=\"page_item page-item-1519\"><a href=\"http:\/\/vernoux.info\/vivre-en-ardeche\/specialites-07\/\">Les sp\u00e9cialit\u00e9s<\/a><\/li>\n<li class=\"page_item page-item-209\"><a href=\"http:\/\/vernoux.info\/vivre-en-ardeche\/les-statistiques-du-departement-de-l-ardeche\/\">Les statistiques de l&rsquo;Ard\u00e8che<\/a><\/li>\n<li class=\"page_item page-item-971\"><a href=\"http:\/\/vernoux.info\/vivre-en-ardeche\/statistiques-de-lardeche-linsee\/\">Les statistiques de l&rsquo;Ard\u00e8che par l&rsquo;INSEE<\/a><\/li>\n<li class=\"page_item page-item-457\"><a href=\"http:\/\/vernoux.info\/vivre-en-ardeche\/mentions-legales\/\">Mentions l\u00e9gales<\/a><\/li>\n<li class=\"page_item page-item-145\"><a href=\"http:\/\/vernoux.info\/vivre-en-ardeche\/mistraltv-la-chaine-locale-tv-television-drome-ardeche\/\">MistralTV, la chaine tv local Dr\u00f4me-Ard\u00e8che<\/a><\/li>\n<li class=\"page_item page-item-783\"><a href=\"http:\/\/vernoux.info\/vivre-en-ardeche\/dormir-pays-de-vernoux\/\">O\u00f9 dormir au Pays de Vernoux<\/a><\/li>\n<li class=\"page_item page-item-786\"><a href=\"http:\/\/vernoux.info\/vivre-en-ardeche\/manger-pays-de-vernoux\/\">O\u00f9 manger au Pays de Vernoux<\/a><\/li>\n<li class=\"page_item page-item-2\"><a href=\"http:\/\/vernoux.info\/vivre-en-ardeche\/page-d-exemple\/\">Page d&rsquo;exemple<\/a><\/li>\n<li class=\"page_item page-item-21\"><a href=\"http:\/\/vernoux.info\/vivre-en-ardeche\/page-daccueil\/\">Page d&rsquo;accueil<\/a><\/li>\n<li class=\"page_item page-item-1430\"><a href=\"http:\/\/vernoux.info\/vivre-en-ardeche\/photographies-de-vernoux\/\">Photographies de Vernoux<\/a><\/li>\n<li class=\"page_item page-item-950\"><a href=\"http:\/\/vernoux.info\/vivre-en-ardeche\/piscine-de-vernoux\/\">Piscine de Vernoux<\/a><\/li>\n<li class=\"page_item page-item-465\"><a href=\"http:\/\/vernoux.info\/vivre-en-ardeche\/plan-du-site\/\">Plan du site<\/a><\/li>\n<li class=\"page_item page-item-53\"><a href=\"http:\/\/vernoux.info\/vivre-en-ardeche\/53-2\/\">Pr\u00e9sentation de Vernoux-en-Vivarais<\/a><\/li>\n<li class=\"page_item page-item-850\"><a href=\"http:\/\/vernoux.info\/vivre-en-ardeche\/previsions-meteo-france-ardeche\/\">Pr\u00e9visions M\u00e9t\u00e9o France en Ard\u00e8che<\/a><\/li>\n<li class=\"page_item page-item-660\"><a href=\"http:\/\/vernoux.info\/vivre-en-ardeche\/prix-fioul-ardeche\/\">Prix du Fioul en Ard\u00e8che<\/a><\/li>\n<li class=\"page_item page-item-125\"><a href=\"http:\/\/vernoux.info\/vivre-en-ardeche\/programme-cinema-salle-louis-nodon-07240-vernoux-en-vivarais\/\">Programme cin\u00e9ma &#8211; Salle Louis Nodon Vernoux<\/a><\/li>\n<li class=\"page_item page-item-1392\"><a href=\"http:\/\/vernoux.info\/vivre-en-ardeche\/programme-culturel-salle-louis-nodon\/\">Programme culturel salle Louis Nodon<\/a><\/li>\n<li class=\"page_item page-item-835\"><a href=\"http:\/\/vernoux.info\/vivre-en-ardeche\/qwant\/\">Qwant<\/a><\/li>\n<li class=\"page_item page-item-463\"><a href=\"http:\/\/vernoux.info\/vivre-en-ardeche\/regles-generales-de-diffusion\/\">R\u00e8gles g\u00e9n\u00e9rales de diffusion<\/a><\/li>\n<li class=\"page_item page-item-156\"><a href=\"http:\/\/vernoux.info\/vivre-en-ardeche\/revue-de-presse\/\">Revue de presse<\/a><\/li>\n<li class=\"page_item page-item-1608\"><a href=\"http:\/\/vernoux.info\/vivre-en-ardeche\/revue-de-presse-2\/\">Revue de presse Conso<\/a><\/li>\n<li class=\"page_item page-item-825\"><a href=\"http:\/\/vernoux.info\/vivre-en-ardeche\/service-public\/\">service public<\/a><\/li>\n<li class=\"page_item page-item-453\"><a href=\"http:\/\/vernoux.info\/vivre-en-ardeche\/sitemap\/\">Sitemap<\/a><\/li>\n<li class=\"page_item page-item-919\"><a href=\"http:\/\/vernoux.info\/vivre-en-ardeche\/sortir-autour-de-vernoux\/\">Sortir autour de Vernoux<\/a><\/li>\n<li class=\"page_item page-item-976\"><a href=\"http:\/\/vernoux.info\/vivre-en-ardeche\/station-verte\/\">Station verte<\/a><\/li>\n<li class=\"page_item page-item-1098\"><a href=\"http:\/\/vernoux.info\/vivre-en-ardeche\/suggerer-actualite-site-avis-idee\/\">Sugg\u00e9rer une actualit\u00e9, un site, un avis, une id\u00e9e<\/a><\/li>\n<li class=\"page_item page-item-1421\"><a href=\"http:\/\/vernoux.info\/vivre-en-ardeche\/forums-de-vernoux-connexion\/\">Tous les forums de Vernoux Connexion [<a href=\"#\" onclick='AfficherCacher(\"AideEnLigne\"); return false'>Lire les r\u00e8gles d&rsquo;utilisation<\/a>]<\/a><\/li>\n<li class=\"page_item page-item-1194\"><a href=\"http:\/\/vernoux.info\/vivre-en-ardeche\/trafic-routier\/\">Trafic routier<\/a><\/li>\n<li class=\"page_item page-item-1182\"><a href=\"http:\/\/vernoux.info\/vivre-en-ardeche\/archives-2\/\">Trafic routier<\/a><\/li>\n<li class=\"page_item page-item-629\"><a href=\"http:\/\/vernoux.info\/vivre-en-ardeche\/trouver-fichiers-a-telecharger-vernousains\/\">Trouver des fichiers \u00e0 t\u00e9l\u00e9charger pour les vernousains<\/a><\/li>\n<li class=\"page_item page-item-672\"><a href=\"http:\/\/vernoux.info\/vivre-en-ardeche\/professionnels-de-sante\/\">Trouver un professionnel de sant\u00e9<\/a><\/li>\n<li class=\"page_item page-item-467\"><a href=\"http:\/\/vernoux.info\/vivre-en-ardeche\/vos-cookies\/\">Vos cookies<\/a><\/li>\n<li class=\"page_item page-item-1352\"><a href=\"http:\/\/vernoux.info\/vivre-en-ardeche\/1352-2\/\">Zapping en vid\u00e9o<\/a><\/li>\n<\/ul>\n","protected":false},"excerpt":{"rendered":"","protected":false},"author":1,"featured_media":0,"parent":0,"menu_order":0,"comment_status":"closed","ping_status":"closed","template":"","meta":{"kia_subtitle":"Sitemap"},"_links":{"self":[{"href":"http:\/\/vernoux.info\/vivre-en-ardeche\/wp-json\/wp\/v2\/pages\/453"}],"collection":[{"href":"http:\/\/vernoux.info\/vivre-en-ardeche\/wp-json\/wp\/v2\/pages"}],"about":[{"href":"http:\/\/vernoux.info\/vivre-en-ardeche\/wp-json\/wp\/v2\/types\/page"}],"author":[{"embeddable":true,"href":"http:\/\/vernoux.info\/vivre-en-ardeche\/wp-json\/wp\/v2\/users\/1"}],"replies":[{"embeddable":true,"href":"http:\/\/vernoux.info\/vivre-en-ardeche\/wp-json\/wp\/v2\/comments?post=453"}],"version-history":[{"count":2,"href":"http:\/\/vernoux.info\/vivre-en-ardeche\/wp-json\/wp\/v2\/pages\/453\/revisions"}],"predecessor-version":[{"id":455,"href":"http:\/\/vernoux.info\/vivre-en-ardeche\/wp-json\/wp\/v2\/pages\/453\/revisions\/455"}],"wp:attachment":[{"href":"http:\/\/vernoux.info\/vivre-en-ardeche\/wp-json\/wp\/v2\/media?parent=453"}],"curies":[{"name":"wp","href":"https:\/\/api.w.org\/{rel}","templated":true}]}}