{"id":405,"date":"2016-08-05T09:52:44","date_gmt":"2016-08-05T08:52:44","guid":{"rendered":"http:\/\/vernoux.info\/vivre-en-ardeche\/?page_id=405"},"modified":"2016-08-20T16:38:01","modified_gmt":"2016-08-20T15:38:01","slug":"lactu-en-video","status":"publish","type":"page","link":"http:\/\/vernoux.info\/vivre-en-ardeche\/lactu-en-video\/","title":{"rendered":"L&rsquo;actu en vid\u00e9o"},"content":{"rendered":"\n<!-- iframe plugin v.4.5 wordpress.org\/plugins\/iframe\/ -->\n<iframe src=\"https:\/\/www.google.fr\/search?q=actualit%C3%A9s&#038;espv=2&#038;biw=2560&#038;bih=951&#038;tbm=vid&#038;source=lnms&#038;sa=X&#038;ved=0ahUKEwjWje32qNDOAhXF0xQKHTQiClUQ_AUIBygC&#038;dpr=1#tbm=vid&#038;q=actualit%C3%A9s+ard%C3%A8che\" width=\"100%\" height=\"900\" scrolling=\"yes\" class=\"iframe-class\" frameborder=\"0\"><\/iframe>\n\n","protected":false},"excerpt":{"rendered":"","protected":false},"author":1,"featured_media":0,"parent":0,"menu_order":0,"comment_status":"closed","ping_status":"closed","template":"template-fullwidth.php","meta":{"kia_subtitle":"les actualit\u00e9s de l'Ard\u00e8che en vid\u00e9o"},"_links":{"self":[{"href":"http:\/\/vernoux.info\/vivre-en-ardeche\/wp-json\/wp\/v2\/pages\/405"}],"collection":[{"href":"http:\/\/vernoux.info\/vivre-en-ardeche\/wp-json\/wp\/v2\/pages"}],"about":[{"href":"http:\/\/vernoux.info\/vivre-en-ardeche\/wp-json\/wp\/v2\/types\/page"}],"author":[{"embeddable":true,"href":"http:\/\/vernoux.info\/vivre-en-ardeche\/wp-json\/wp\/v2\/users\/1"}],"replies":[{"embeddable":true,"href":"http:\/\/vernoux.info\/vivre-en-ardeche\/wp-json\/wp\/v2\/comments?post=405"}],"version-history":[{"count":3,"href":"http:\/\/vernoux.info\/vivre-en-ardeche\/wp-json\/wp\/v2\/pages\/405\/revisions"}],"predecessor-version":[{"id":1482,"href":"http:\/\/vernoux.info\/vivre-en-ardeche\/wp-json\/wp\/v2\/pages\/405\/revisions\/1482"}],"wp:attachment":[{"href":"http:\/\/vernoux.info\/vivre-en-ardeche\/wp-json\/wp\/v2\/media?parent=405"}],"curies":[{"name":"wp","href":"https:\/\/api.w.org\/{rel}","templated":true}]}}