{"id":1637,"date":"2016-08-25T08:43:24","date_gmt":"2016-08-25T07:43:24","guid":{"rendered":"http:\/\/vernoux.info\/vivre-en-ardeche\/?page_id=1637"},"modified":"2016-08-25T13:28:28","modified_gmt":"2016-08-25T12:28:28","slug":"les-incontournables","status":"publish","type":"page","link":"http:\/\/vernoux.info\/vivre-en-ardeche\/les-incontournables\/","title":{"rendered":"Les incontournables"},"content":{"rendered":"<p id=\"mwHw\" style=\"text-align: justify;\">EN COURS DE REDACTION<\/p>\n<h3 style=\"text-align: justify;\">Un peu d&rsquo;histoire<\/h3>\n<p style=\"text-align: justify;\"><em>\u00ab\u00a0Situ\u00e9 dans le haut Vivarais, sur le plateau de <strong>Vernoux<\/strong>, cette petite ville fut la premi\u00e8re station verte de l&rsquo;<a title=\"ardeche\" href=\"http:\/\/www.ardeche.com\/\">Ard\u00e8che<\/a>. <strong>Vernoux en Vivarais\u00a0<\/strong>est entour\u00e9e de collines et travers\u00e9e par de nombreuses rivi\u00e8res comme le Duzon. A 30 kilom\u00e8tres \u00e0 l&rsquo;ouest de Valence,<strong>Vernoux<\/strong> a \u00e9t\u00e9 fond\u00e9e au Moyen-\u00c2ge par l&rsquo;abbaye b\u00e9n\u00e9dictine de\u00a0<a href=\"http:\/\/www.ardeche.com\/ville-village\/cruas.php\">Cruas<\/a>.<\/em><\/p>\n<div id=\"block-statique-left\" style=\"text-align: justify;\">\n<p><em>En se promenant dans le centre ancien, on peut retrouver des traces du pass\u00e9. L&rsquo;\u00e9glise de style <strong>n\u00e9o-gothique<\/strong>, construite de 1874 \u00e0 1886 sur l&#8217;emplacement d&rsquo;une vieille \u00e9glise du XVI, a la particularit\u00e9 d&rsquo;avoir le <strong>clocher le plus haut du d\u00e9partement<\/strong>.<\/em><br \/>\n<em> En effet, celui-ci mesure 56 m\u00e8tres de haut et symbolise la reconqu\u00eate de l&rsquo;\u00e9glise catholique sur le <a href=\"http:\/\/www.ardeche.com\/ardeche\/plateau-ardechois.php\">plateau ard\u00e9chois<\/a> de tradition protestante.<\/em><\/p>\n<p><em>En continuant notre petit tour, nous passerons devant le<strong> temple protestant<\/strong>.<\/em><br \/>\n<em> De style classique, il a \u00e9t\u00e9 construit en 1562, d\u00e9truit en 1683 pour \u00eatre de nouveau reconstruit \u00e0 partir de 1824 sous l&rsquo;ordre d&rsquo;Antoine de Boissy d&rsquo;Anglas, s\u00e9nateur sous Napol\u00e9on.<\/em><br \/>\n<em> On peut aussi s&rsquo;arr\u00eater quelques instants pour admirer l&rsquo;<strong>Hotel d&rsquo;Indy<\/strong>, de la fin du XVIII\u00b0, ayant appartenu au pr\u00e9fet Saint Ange d&rsquo;Indy. Juste \u00e0 c\u00f4t\u00e9, <strong>la maison Juston<\/strong> ayant appartenu aux prieurs de <strong>Vernoux<\/strong> poss\u00e8de un magnifique escalier \u00e0 vis et de belles portes et fen\u00eatres renaissance. L&rsquo;<strong>H\u00f4tel particulier de Gumpertz<\/strong>, anciennement mairie de la ville est maintenant une \u00e9cole maternelle.<\/em><\/p>\n<p><em>Ville forte du protestantisme,<strong>Vernoux en Vivarais<\/strong> \u00e9tait donc une place fortifi\u00e9e. Des remparts ont donc \u00e9t\u00e9 \u00e9rig\u00e9s en 1582 par les <strong>seigneurs de Tourette<\/strong>. Ils ont aussi construit au XIV leur ch\u00e2teau sur un \u00e9peron rocheux surplombant les vall\u00e9es de la Duni\u00e8re et de l&rsquo;Eve.<\/em><br \/>\n<em> D\u00e9truit pendant la R\u00e9volution il servit comme carri\u00e8re de pierres mais il reste malgr\u00e9 tout de tr\u00e8s belles ruines laissant appara\u00eetre \u00e9chauguettes, m\u00e2chicoulis et bret\u00e8ches.<\/em><br \/>\n<em> Il existe un second ch\u00e2teau, celui de <strong>Vauss\u00e8che<\/strong>. Elev\u00e9 au XIV\u00b0 et XV\u00b0 par les seigneurs de Presles \u00e0 5 kilom\u00e8tres de <strong>Vernoux<\/strong> au milieu d&rsquo;une for\u00eat de sapins, c&rsquo;est un b\u00e2timent imposant, avec un large escalier \u00e0 vis, une salle d&rsquo;honneur au plafond peint \u00e0 la fran\u00e7aise et deux chemin\u00e9es monumentales : une de style gothique et une autre de style Louis XIII.\u00a0\u00bb<\/em><\/p>\n<\/div>\n<h3 id=\"mwIA\" style=\"text-align: justify;\">Lieux et monuments<\/h3>\n<figure id=\"mwIQ\" class=\"mw-default-size\" style=\"text-align: justify;\" data-ve-attributes=\"{&quot;typeof&quot;:&quot;mw:Image\/Thumb&quot;}\"><figcaption id=\"mwJA\"><span style=\"text-decoration: underline;\">\u00c9glise paroissiale, et son clocher de 51 m\u00e8tres, le plus haut de l&rsquo;Ard\u00e8che<\/span><\/figcaption><figcaption><\/figcaption><figcaption><span style=\"text-decoration: underline;\">Caf\u00e9 de l&#8217;empire<\/span>, class\u00e9 monument historique, doit son nom \u00e0 la venu de l&#8217;empereur Napol\u00e9on 3<\/figcaption><figcaption><span style=\"text-decoration: underline;\"><a id=\"mwKA\" title=\"Ch\u00e2teau de La Tourette\" href=\"https:\/\/fr.wikipedia.org\/wiki\/Ch%C3%A2teau_de_La_Tourette\" rel=\"mw:WikiLink\" data-ve-attributes=\"{&quot;rel&quot;:&quot;mw:WikiLink&quot;}\">Ch\u00e2teau de La Tourette<\/a><\/span> ; ruine.<\/figcaption><figcaption><span style=\"text-decoration: underline;\"><a id=\"mwKg\" title=\"Ch\u00e2teau de Vauss\u00e8che\" href=\"https:\/\/fr.wikipedia.org\/wiki\/Ch%C3%A2teau_de_Vauss%C3%A8che\" rel=\"mw:WikiLink\" data-ve-attributes=\"{&quot;rel&quot;:&quot;mw:WikiLink&quot;}\">Ch\u00e2teau de Vauss\u00e8che<\/a><\/span><\/figcaption><figcaption>Le Temple Protestant<span id=\"mwLQ\" class=\"ve-pasteProtect\" data-ve-attributes=\"{&quot;typeof&quot;:&quot;mw:DisplaySpace mw:Placeholder&quot;}\">\u00a0<\/span>: un premier temple fut construit en 1562 mais d\u00e9truit en 1683 apr\u00e8s le massacre de nombreux protestants par les Dragons du Roi au lieu-dit l&rsquo;Herbasse. Le temple actuel est construit entre 1824 et 1826. Tr\u00e8s simple, il fait n\u00e9anmoins partie des plus grands temples protestants de France.<\/figcaption><\/figure>\n<h3 id=\"mwMA\" style=\"text-align: justify;\">Personnalit\u00e9s li\u00e9es \u00e0 la commune<\/h3>\n<p style=\"text-align: justify;\"><a id=\"mwMw\" title=\"Boissy d'Anglas\" href=\"https:\/\/fr.wikipedia.org\/wiki\/Boissy_d'Anglas\" rel=\"mw:WikiLink\" data-ve-attributes=\"{&quot;rel&quot;:&quot;mw:WikiLink&quot;}\">Boissy d&rsquo;Anglas<\/a><\/p>\n<p style=\"text-align: justify;\"><a id=\"mwNQ\" title=\"Vincent d'Indy\" href=\"https:\/\/fr.wikipedia.org\/wiki\/Vincent_d'Indy\" rel=\"mw:WikiLink\" data-ve-attributes=\"{&quot;rel&quot;:&quot;mw:WikiLink&quot;}\">Vincent d&rsquo;Indy<\/a> (1851-1931), compositeur<\/p>\n<p style=\"text-align: justify;\"><a id=\"mwNw\" title=\"Gaston Riou\" href=\"https:\/\/fr.wikipedia.org\/wiki\/Gaston_Riou\" rel=\"mw:WikiLink\" data-ve-attributes=\"{&quot;rel&quot;:&quot;mw:WikiLink&quot;}\">Gaston Riou<\/a> (1883-1958), homme politique<\/p>\n<p style=\"text-align: justify;\"><a id=\"mwOQ\" title=\"S\u00e9bastien Gu\u00e8ze\" href=\"https:\/\/fr.wikipedia.org\/wiki\/S%C3%A9bastien_Gu%C3%A8ze\" rel=\"mw:WikiLink\" data-ve-attributes=\"{&quot;rel&quot;:&quot;mw:WikiLink&quot;}\">S\u00e9bastien Gu\u00e8ze<\/a> (<a id=\"mwOg\" title=\"T\u00e9nor\" href=\"https:\/\/fr.wikipedia.org\/wiki\/T%C3%A9nor\" rel=\"mw:WikiLink\" data-ve-attributes=\"{&quot;rel&quot;:&quot;mw:WikiLink&quot;}\">t\u00e9nor<\/a>)<\/p>\n<p style=\"text-align: justify;\">Cardinal <a id=\"mwPA\" title=\"Henri de Lubac\" href=\"https:\/\/fr.wikipedia.org\/wiki\/Henri_de_Lubac\" rel=\"mw:WikiLink\" data-ve-attributes=\"{&quot;rel&quot;:&quot;mw:WikiLink&quot;}\">Henri de Lubac<\/a><\/p>\n<p style=\"text-align: justify;\">Jean-Michel Faverjon, p\u00e2tissier, cr\u00e9ateur du D\u00e9lice Ard\u00e9chois<\/p>\n<h3 style=\"text-align: justify;\">Equipement<\/h3>\n<p style=\"text-align: justify;\">piscine municipale<\/p>\n<p style=\"text-align: justify;\">camping municipale<\/p>\n<p style=\"text-align: justify;\">gymnase<\/p>\n<p style=\"text-align: justify;\">Terrain de foot en pelouse synth\u00e9tique<\/p>\n<p style=\"text-align: justify;\">Lac aux Ramiers avec plage surveill\u00e9e en saison estivale<\/p>\n<p style=\"text-align: justify;\">Ensemble scolaire niveau primaire et secondaire<\/p>\n<h3 style=\"text-align: justify;\">Economie<\/h3>\n<p style=\"text-align: justify;\">3 grands secteurs<\/p>\n<p style=\"text-align: justify;\">1- Sp\u00e9cialis\u00e9 dans les produits charcutiers<br \/>\n2- Construction : menuiserie, BTP, ma\u00e7onnerie et maison en bois<br \/>\n3- Commerce, VPC, Distribution, artisanat<\/p>\n<h3 style=\"text-align: justify;\">Tissu associatif<\/h3>\n<p style=\"text-align: justify;\">\n<ul>\n<li class=\"smenu\" style=\"text-align: justify;\">Associations sportives\n<ul>\n<li>V\u00e9lo-Club<\/li>\n<li>Castelvive<\/li>\n<li>Handball Du Vivarais<\/li>\n<li>Vernoux Danse Academy<\/li>\n<li>La truite Vernousaine<\/li>\n<li>La gymnastique volontaire<\/li>\n<li>Tennis club<\/li>\n<li>Club de tir<\/li>\n<li>Centre Animation Nautique<\/li>\n<li>Amicale Sportive Vernousaine<\/li>\n<li>A.C.C.A<\/li>\n<li>Team 07 Rallye<\/li>\n<li>La boule Vernousaine<\/li>\n<li>A.I.M.E.R.G.E.N.S<\/li>\n<li>Judo<\/li>\n<li>Ard\u00e8che Musique et Danse Conservatoire<\/li>\n<\/ul>\n<\/li>\n<li style=\"text-align: justify;\">Liste Associations Vernousaines<\/li>\n<li class=\"smenu\" style=\"text-align: justify;\">Associations scolaires\n<ul>\n<li>F.C.P.E<\/li>\n<li>A.P.E.L<\/li>\n<li>OGEC<\/li>\n<li>Sou des \u00e9coles<\/li>\n<\/ul>\n<\/li>\n<li class=\"smenu\" style=\"text-align: justify;\">Associations musique et culture\n<ul>\n<li>Musique et Culture au Pays de Vernoux<\/li>\n<li>Foyer Socio Culturel Coll\u00e8ge Pierre Delarbre<\/li>\n<li>L\u2019\u00e9cho des Monts Verts<\/li>\n<li class=\"smenu\">Ecran village\n<ul>\n<li>Cin\u00e9ma Ecran Village<\/li>\n<\/ul>\n<\/li>\n<li>M\u00e9moire Vive<\/li>\n<li>Association cultuelle de l\u2019Eglise R\u00e9form\u00e9e<\/li>\n<li>Lire \u00e0 Vernoux<\/li>\n<li>La C\u00e9venole<\/li>\n<li>Spirituals &amp; Co<\/li>\n<\/ul>\n<\/li>\n<li class=\"smenu\" style=\"text-align: justify;\">Associations diverses\n<ul>\n<li>Comit\u00e9 de Jumelage<\/li>\n<li>Les Copains d\u2019Abord &#8211; Centre de Loisirs<\/li>\n<li>Association Familles Rurales<\/li>\n<li>Chemin faisant<\/li>\n<li>A.D.M.R<\/li>\n<li>Union \u00e9conomique des commer\u00e7ants<\/li>\n<li>C.C.J.A<\/li>\n<li>A.R.I.D<\/li>\n<li>A.S.A Rantoine<\/li>\n<li>Cuma Mont Siver<\/li>\n<li>Club de l\u2019Agrevou<\/li>\n<li>K\u2019on voit exceptionnel<\/li>\n<li>Croix bleue<\/li>\n<li>Service de remplacement<\/li>\n<li>Comit\u00e9 de jumelage<\/li>\n<li>F.N.A.T.H<\/li>\n<li>Amicale des donneurs de sang<\/li>\n<\/ul>\n<p>&nbsp;<\/p>\n<p>Sources :<\/li>\n<li class=\"smenu\" style=\"text-align: justify;\">https:\/\/fr.wikipedia.org\/w\/index.php?title=Vernoux-en-Vivarais<\/li>\n<li class=\"smenu\" style=\"text-align: justify;\">http:\/\/www.ardeche.com\/ville-village\/vernoux-en-vivarais.php<\/li>\n<\/ul>\n","protected":false},"excerpt":{"rendered":"<p>EN COURS DE REDACTION Un peu d&rsquo;histoire \u00ab\u00a0Situ\u00e9 dans le haut Vivarais, sur le plateau de Vernoux, cette petite ville fut la premi\u00e8re station verte de l&rsquo;Ard\u00e8che. Vernoux en Vivarais\u00a0est entour\u00e9e de collines et travers\u00e9e par de nombreuses rivi\u00e8res comme le Duzon. A 30 kilom\u00e8tres \u00e0 l&rsquo;ouest de Valence,Vernoux a [&#8230;]<\/p>\n","protected":false},"author":1,"featured_media":0,"parent":0,"menu_order":0,"comment_status":"closed","ping_status":"closed","template":"template-fullwidth.php","meta":{"kia_subtitle":"ce qu'on peut voir \u00e0 Vernoux"},"_links":{"self":[{"href":"http:\/\/vernoux.info\/vivre-en-ardeche\/wp-json\/wp\/v2\/pages\/1637"}],"collection":[{"href":"http:\/\/vernoux.info\/vivre-en-ardeche\/wp-json\/wp\/v2\/pages"}],"about":[{"href":"http:\/\/vernoux.info\/vivre-en-ardeche\/wp-json\/wp\/v2\/types\/page"}],"author":[{"embeddable":true,"href":"http:\/\/vernoux.info\/vivre-en-ardeche\/wp-json\/wp\/v2\/users\/1"}],"replies":[{"embeddable":true,"href":"http:\/\/vernoux.info\/vivre-en-ardeche\/wp-json\/wp\/v2\/comments?post=1637"}],"version-history":[{"count":8,"href":"http:\/\/vernoux.info\/vivre-en-ardeche\/wp-json\/wp\/v2\/pages\/1637\/revisions"}],"predecessor-version":[{"id":1645,"href":"http:\/\/vernoux.info\/vivre-en-ardeche\/wp-json\/wp\/v2\/pages\/1637\/revisions\/1645"}],"wp:attachment":[{"href":"http:\/\/vernoux.info\/vivre-en-ardeche\/wp-json\/wp\/v2\/media?parent=1637"}],"curies":[{"name":"wp","href":"https:\/\/api.w.org\/{rel}","templated":true}]}}