{"id":1608,"date":"2016-08-24T07:24:11","date_gmt":"2016-08-24T06:24:11","guid":{"rendered":"http:\/\/vernoux.info\/vivre-en-ardeche\/?page_id=1608"},"modified":"2016-08-24T07:33:44","modified_gmt":"2016-08-24T06:33:44","slug":"revue-de-presse-2","status":"publish","type":"page","link":"http:\/\/vernoux.info\/vivre-en-ardeche\/revue-de-presse-2\/","title":{"rendered":"Revue de presse Conso"},"content":{"rendered":"<div id=\"pl-1608\"  class=\"panel-layout\" ><div id=\"pg-1608-0\"  class=\"panel-grid panel-no-style\" ><div id=\"pgc-1608-0-0\"  class=\"panel-grid-cell\" ><div id=\"panel-1608-0-0-0\" class=\"so-panel widget widget_sow-image panel-first-child panel-last-child\" data-index=\"0\" ><div class=\"so-widget-sow-image so-widget-sow-image-default-d6014b76747a\">\n\n<div class=\"sow-image-container\">\n\t<img src=\"http:\/\/vernoux.info\/vivre-en-ardeche\/wp-content\/uploads\/2016\/08\/logo-presse.gif\" width=\"413\" height=\"412\" sizes=\"(max-width: 413px) 100vw, 413px\" alt=\"\" \t\tclass=\"so-widget-image\"\/>\n<\/div>\n\n<\/div><\/div><\/div><div id=\"pgc-1608-0-1\"  class=\"panel-grid-cell\" ><div id=\"panel-1608-0-1-0\" class=\"so-panel widget widget_super_rss_reader panel-first-child panel-last-child\" data-index=\"1\" >\n\r\n        <!-- Start - Super RSS Reader v3.2-->\r\n        <div class=\"super-rss-reader-widget\">\n<ul class=\"srr-tab-wrap srr-tab-style-grey srr-clearfix\"><li data-tab=\"srr-tab-430\">Error<\/li><li data-tab=\"srr-tab-921\">Error<\/li><li data-tab=\"srr-tab-644\">DGCCRF<\/li><\/ul><div class=\"srr-wrap srr-style-grey\" data-id=\"srr-tab-430\"><p>RSS Error: A feed could not be found at `http:\/\/www.60millions-mag.com\/rss.xml`; the status code is `404` and content-type is `text\/html; charset=UTF-8`<\/p><\/div><div class=\"srr-wrap srr-style-grey\" data-id=\"srr-tab-921\"><p>RSS Error: WP HTTP Error: cURL error 60: SSL certificate problem: certificate has expired<\/p><\/div><div class=\"srr-wrap srr-style-grey srr-vticker\" data-visible=\"20\" data-speed=\"180000\" data-id=\"srr-tab-644\"><div><div class=\"srr-item odd srr-clearfix\"><div class=\"srr-title\"><a href=\"https:\/\/www.economie.gouv.fr\/dgccrf\/les-fiches-pratiques\/location-de-vehicule-la-reglementation-applicable\" target=\"_blank\" rel=\"nofollow\" title=\"Location de v\u00e9hicule : la r\u00e9glementation applicable\">Location de v\u00e9hicule : la r\u00e9glementation applicable<\/a><\/div><div class=\"srr-meta\"><\/div><div class=\"srr-summary srr-clearfix\"><p>Vous envisagez de louer un v\u00e9hicule. Avant de signer, lisez bien votre contrat et informez-vous sur les prix et les conditions de vente. <a href=\"https:\/\/www.economie.gouv.fr\/dgccrf\/les-fiches-pratiques\/location-de-vehicule-la-reglementation-applicable\" title=\"Read more\" target=\"_blank\" rel=\"nofollow\">[...]<\/a><\/p><\/div><\/div><div class=\"srr-item even srr-clearfix\"><div class=\"srr-title\"><a href=\"https:\/\/www.economie.gouv.fr\/dgccrf\/laction-de-la-dgccrf\/injonctions-et-sanctions\/amende-de-34-000-eu-prononcee-lencontre-de-la-societe-pullbear-france-numero-de-siret\" target=\"_blank\" rel=\"nofollow\" title=\"Amende de 34 000 \u20ac prononc\u00e9e \u00e0 l\u2019encontre de la soci\u00e9t\u00e9 PULL&amp;BEAR FRANCE (num\u00e9ro de SIRET : 48055714900493)\">Amende de 34 000 \u20ac prononc\u00e9e \u00e0 l\u2019encontre de la soci\u00e9t\u00e9 PULL&amp;BEAR FRANCE (num\u00e9ro de SIRET : 48055714900493)<\/a><\/div><div class=\"srr-meta\"><\/div><div class=\"srr-summary srr-clearfix\"><p> <a href=\"https:\/\/www.economie.gouv.fr\/dgccrf\/laction-de-la-dgccrf\/injonctions-et-sanctions\/amende-de-34-000-eu-prononcee-lencontre-de-la-societe-pullbear-france-numero-de-siret\" title=\"Read more\" target=\"_blank\" rel=\"nofollow\">[...]<\/a><\/p><\/div><\/div><div class=\"srr-item odd srr-clearfix\"><div class=\"srr-title\"><a href=\"https:\/\/www.economie.gouv.fr\/dgccrf\/laction-de-la-dgccrf\/injonctions-et-sanctions\/amende-de-470-000-eu-prononcee-lencontre-de-la-societe-eiffage-energie-systemes-aquitaine-numero\" target=\"_blank\" rel=\"nofollow\" title=\"Amende de 470 000 \u20ac prononc\u00e9e \u00e0 l\u2019encontre de la soci\u00e9t\u00e9 EIFFAGE ENERGIE SYSTEMES AQUITAINE (num\u00e9ro de SIRET : 40107089100015)\">Amende de 470 000 \u20ac prononc\u00e9e \u00e0 l\u2019encontre de la soci\u00e9t\u00e9 EIFFAGE ENERGIE SYSTEMES AQUITAINE (num\u00e9ro de SIRET : 40107089100015)<\/a><\/div><div class=\"srr-meta\"><\/div><div class=\"srr-summary srr-clearfix\"><p> <a href=\"https:\/\/www.economie.gouv.fr\/dgccrf\/laction-de-la-dgccrf\/injonctions-et-sanctions\/amende-de-470-000-eu-prononcee-lencontre-de-la-societe-eiffage-energie-systemes-aquitaine-numero\" title=\"Read more\" target=\"_blank\" rel=\"nofollow\">[...]<\/a><\/p><\/div><\/div><div class=\"srr-item even srr-clearfix\"><div class=\"srr-title\"><a href=\"https:\/\/www.economie.gouv.fr\/dgccrf\/laction-de-la-dgccrf\/injonctions-et-sanctions\/amende-de-107-000-eu-prononcee-lencontre-de-la-sas-smart-packaging-solutions-numero-de-siret\" target=\"_blank\" rel=\"nofollow\" title=\"Amende de 107 000 \u20ac prononc\u00e9e \u00e0 l\u2019encontre de la SAS SMART PACKAGING SOLUTIONS (num\u00e9ro de SIRET : 45030856400035)\">Amende de 107 000 \u20ac prononc\u00e9e \u00e0 l\u2019encontre de la SAS SMART PACKAGING SOLUTIONS (num\u00e9ro de SIRET : 45030856400035)<\/a><\/div><div class=\"srr-meta\"><\/div><div class=\"srr-summary srr-clearfix\"><p> <a href=\"https:\/\/www.economie.gouv.fr\/dgccrf\/laction-de-la-dgccrf\/injonctions-et-sanctions\/amende-de-107-000-eu-prononcee-lencontre-de-la-sas-smart-packaging-solutions-numero-de-siret\" title=\"Read more\" target=\"_blank\" rel=\"nofollow\">[...]<\/a><\/p><\/div><\/div><div class=\"srr-item odd srr-clearfix\"><div class=\"srr-title\"><a href=\"https:\/\/www.economie.gouv.fr\/dgccrf\/laction-de-la-dgccrf\/injonctions-et-sanctions\/amende-de-19-000-eu-prononcee-lencontre-de-la-societe-axiroute-absorbee-par-la-sas-roger-martin\" target=\"_blank\" rel=\"nofollow\" title=\"Amende de 19 000 \u20ac prononc\u00e9e \u00e0 l\u2019encontre de la soci\u00e9t\u00e9 AXIROUTE, absorb\u00e9e par la SAS ROGER MARTIN CENTRE VAL DE LOIRE (num\u00e9ro de SIRET : 30041282200011)\">Amende de 19 000 \u20ac prononc\u00e9e \u00e0 l\u2019encontre de la soci\u00e9t\u00e9 AXIROUTE, absorb\u00e9e par la SAS ROGER MARTIN CENTRE VAL DE LOIRE (num\u00e9ro de SIRET : 30041282200011)<\/a><\/div><div class=\"srr-meta\"><\/div><div class=\"srr-summary srr-clearfix\"><p> <a href=\"https:\/\/www.economie.gouv.fr\/dgccrf\/laction-de-la-dgccrf\/injonctions-et-sanctions\/amende-de-19-000-eu-prononcee-lencontre-de-la-societe-axiroute-absorbee-par-la-sas-roger-martin\" title=\"Read more\" target=\"_blank\" rel=\"nofollow\">[...]<\/a><\/p><\/div><\/div><div class=\"srr-item even srr-clearfix\"><div class=\"srr-title\"><a href=\"https:\/\/www.economie.gouv.fr\/dgccrf\/laction-de-la-dgccrf\/injonctions-et-sanctions\/amende-de-36-000-eu-prononcee-lencontre-de-lepic-domaine-regional-de-chaumont-sur-loire-numero\" target=\"_blank\" rel=\"nofollow\" title=\"Amende de 36 000 \u20ac prononc\u00e9e \u00e0 l\u2019encontre de l\u2019EPIC DOMAINE REGIONAL DE CHAUMONT SUR LOIRE (num\u00e9ro de SIRET : 50787185300010)\">Amende de 36 000 \u20ac prononc\u00e9e \u00e0 l\u2019encontre de l\u2019EPIC DOMAINE REGIONAL DE CHAUMONT SUR LOIRE (num\u00e9ro de SIRET : 50787185300010)<\/a><\/div><div class=\"srr-meta\"><\/div><div class=\"srr-summary srr-clearfix\"><p> <a href=\"https:\/\/www.economie.gouv.fr\/dgccrf\/laction-de-la-dgccrf\/injonctions-et-sanctions\/amende-de-36-000-eu-prononcee-lencontre-de-lepic-domaine-regional-de-chaumont-sur-loire-numero\" title=\"Read more\" target=\"_blank\" rel=\"nofollow\">[...]<\/a><\/p><\/div><\/div><div class=\"srr-item odd srr-clearfix\"><div class=\"srr-title\"><a href=\"https:\/\/www.economie.gouv.fr\/dgccrf\/laction-de-la-dgccrf\/injonctions-et-sanctions\/amende-de-13-000-eu-prononcee-lencontre-de-la-societe-pgi-france-numero-de-siret-32776709100041\" target=\"_blank\" rel=\"nofollow\" title=\"Amende de 13 000 \u20ac prononc\u00e9e \u00e0 l\u2019encontre de la soci\u00e9t\u00e9 PGI FRANCE (num\u00e9ro de SIRET : 32776709100041)\">Amende de 13 000 \u20ac prononc\u00e9e \u00e0 l\u2019encontre de la soci\u00e9t\u00e9 PGI FRANCE (num\u00e9ro de SIRET : 32776709100041)<\/a><\/div><div class=\"srr-meta\"><\/div><div class=\"srr-summary srr-clearfix\"><p> <a href=\"https:\/\/www.economie.gouv.fr\/dgccrf\/laction-de-la-dgccrf\/injonctions-et-sanctions\/amende-de-13-000-eu-prononcee-lencontre-de-la-societe-pgi-france-numero-de-siret-32776709100041\" title=\"Read more\" target=\"_blank\" rel=\"nofollow\">[...]<\/a><\/p><\/div><\/div><div class=\"srr-item even srr-clearfix\"><div class=\"srr-title\"><a href=\"https:\/\/www.economie.gouv.fr\/dgccrf\/laction-de-la-dgccrf\/injonctions-et-sanctions\/amende-de-70-000-eu-prononcee-lencontre-de-la-societe-epsilon-france-numero-de-siret\" target=\"_blank\" rel=\"nofollow\" title=\"Amende de 70 000 \u20ac prononc\u00e9e \u00e0 l\u2019encontre de la soci\u00e9t\u00e9 EPSILON FRANCE (num\u00e9ro de SIRET : 33007615900111)\">Amende de 70 000 \u20ac prononc\u00e9e \u00e0 l\u2019encontre de la soci\u00e9t\u00e9 EPSILON FRANCE (num\u00e9ro de SIRET : 33007615900111)<\/a><\/div><div class=\"srr-meta\"><\/div><div class=\"srr-summary srr-clearfix\"><p> <a href=\"https:\/\/www.economie.gouv.fr\/dgccrf\/laction-de-la-dgccrf\/injonctions-et-sanctions\/amende-de-70-000-eu-prononcee-lencontre-de-la-societe-epsilon-france-numero-de-siret\" title=\"Read more\" target=\"_blank\" rel=\"nofollow\">[...]<\/a><\/p><\/div><\/div><div class=\"srr-item odd srr-clearfix\"><div class=\"srr-title\"><a href=\"https:\/\/www.economie.gouv.fr\/dgccrf\/laction-de-la-dgccrf\/injonctions-et-sanctions\/amende-de-42-000-eu-prononcee-lencontre-de-la-societe-etablissements-perin-et-compagnie-sa\" target=\"_blank\" rel=\"nofollow\" title=\"Amende de 42 000 \u20ac prononc\u00e9e \u00e0 l\u2019encontre de la soci\u00e9t\u00e9 ETABLISSEMENTS PERIN ET COMPAGNIE SA (num\u00e9ro de SIRET : 60920007600014)\">Amende de 42 000 \u20ac prononc\u00e9e \u00e0 l\u2019encontre de la soci\u00e9t\u00e9 ETABLISSEMENTS PERIN ET COMPAGNIE SA (num\u00e9ro de SIRET : 60920007600014)<\/a><\/div><div class=\"srr-meta\"><\/div><div class=\"srr-summary srr-clearfix\"><p> <a href=\"https:\/\/www.economie.gouv.fr\/dgccrf\/laction-de-la-dgccrf\/injonctions-et-sanctions\/amende-de-42-000-eu-prononcee-lencontre-de-la-societe-etablissements-perin-et-compagnie-sa\" title=\"Read more\" target=\"_blank\" rel=\"nofollow\">[...]<\/a><\/p><\/div><\/div><div class=\"srr-item even srr-clearfix\"><div class=\"srr-title\"><a href=\"https:\/\/www.economie.gouv.fr\/dgccrf\/laction-de-la-dgccrf\/injonctions-et-sanctions\/amende-de-10-000-eu-prononcee-lencontre-de-la-societe-cnr-construction-numero-de-siret\" target=\"_blank\" rel=\"nofollow\" title=\"Amende de 10 000 \u20ac prononc\u00e9e \u00e0 l\u2019encontre de la soci\u00e9t\u00e9 CNR CONSTRUCTION (num\u00e9ro de SIRET : 02695005500058)\">Amende de 10 000 \u20ac prononc\u00e9e \u00e0 l\u2019encontre de la soci\u00e9t\u00e9 CNR CONSTRUCTION (num\u00e9ro de SIRET : 02695005500058)<\/a><\/div><div class=\"srr-meta\"><\/div><div class=\"srr-summary srr-clearfix\"><p> <a href=\"https:\/\/www.economie.gouv.fr\/dgccrf\/laction-de-la-dgccrf\/injonctions-et-sanctions\/amende-de-10-000-eu-prononcee-lencontre-de-la-societe-cnr-construction-numero-de-siret\" title=\"Read more\" target=\"_blank\" rel=\"nofollow\">[...]<\/a><\/p><\/div><\/div><div class=\"srr-item odd srr-clearfix\"><div class=\"srr-title\"><a href=\"https:\/\/www.economie.gouv.fr\/dgccrf\/laction-de-la-dgccrf\/injonctions-et-sanctions\/amende-de-50-000-eu-prononcee-lencontre-de-la-societe-la-route-numero-de-siret-77558293500083\" target=\"_blank\" rel=\"nofollow\" title=\"Amende de 50 000 \u20ac prononc\u00e9e \u00e0 l\u2019encontre de la soci\u00e9t\u00e9 LA ROUTE (num\u00e9ro de SIRET : 77558293500083)\">Amende de 50 000 \u20ac prononc\u00e9e \u00e0 l\u2019encontre de la soci\u00e9t\u00e9 LA ROUTE (num\u00e9ro de SIRET : 77558293500083)<\/a><\/div><div class=\"srr-meta\"><\/div><div class=\"srr-summary srr-clearfix\"><p> <a href=\"https:\/\/www.economie.gouv.fr\/dgccrf\/laction-de-la-dgccrf\/injonctions-et-sanctions\/amende-de-50-000-eu-prononcee-lencontre-de-la-societe-la-route-numero-de-siret-77558293500083\" title=\"Read more\" target=\"_blank\" rel=\"nofollow\">[...]<\/a><\/p><\/div><\/div><div class=\"srr-item even srr-clearfix\"><div class=\"srr-title\"><a href=\"https:\/\/www.economie.gouv.fr\/dgccrf\/laction-de-la-dgccrf\/injonctions-et-sanctions\/amende-de-40-000-eu-prononcee-lencontre-de-la-societe-ceme-guerin-numero-de-siret-32013022200096\" target=\"_blank\" rel=\"nofollow\" title=\"Amende de 40 000 \u20ac prononc\u00e9e \u00e0 l\u2019encontre de la soci\u00e9t\u00e9 CEME-GUERIN (num\u00e9ro de SIRET : 32013022200096)\">Amende de 40 000 \u20ac prononc\u00e9e \u00e0 l\u2019encontre de la soci\u00e9t\u00e9 CEME-GUERIN (num\u00e9ro de SIRET : 32013022200096)<\/a><\/div><div class=\"srr-meta\"><\/div><div class=\"srr-summary srr-clearfix\"><p> <a href=\"https:\/\/www.economie.gouv.fr\/dgccrf\/laction-de-la-dgccrf\/injonctions-et-sanctions\/amende-de-40-000-eu-prononcee-lencontre-de-la-societe-ceme-guerin-numero-de-siret-32013022200096\" title=\"Read more\" target=\"_blank\" rel=\"nofollow\">[...]<\/a><\/p><\/div><\/div><div class=\"srr-item odd srr-clearfix\"><div class=\"srr-title\"><a href=\"https:\/\/www.economie.gouv.fr\/dgccrf\/laction-de-la-dgccrf\/injonctions-et-sanctions\/amende-de-2-000-eu-prononcee-lencontre-de-la-societe-etablissements-bopp-treuils-jeb-numero-de\" target=\"_blank\" rel=\"nofollow\" title=\"Amende de 2 000 \u20ac prononc\u00e9e \u00e0 l\u2019encontre de la soci\u00e9t\u00e9 ETABLISSEMENTS BOPP TREUILS JEB (num\u00e9ro de SIRET : 37728046600030)\">Amende de 2 000 \u20ac prononc\u00e9e \u00e0 l\u2019encontre de la soci\u00e9t\u00e9 ETABLISSEMENTS BOPP TREUILS JEB (num\u00e9ro de SIRET : 37728046600030)<\/a><\/div><div class=\"srr-meta\"><\/div><div class=\"srr-summary srr-clearfix\"><p> <a href=\"https:\/\/www.economie.gouv.fr\/dgccrf\/laction-de-la-dgccrf\/injonctions-et-sanctions\/amende-de-2-000-eu-prononcee-lencontre-de-la-societe-etablissements-bopp-treuils-jeb-numero-de\" title=\"Read more\" target=\"_blank\" rel=\"nofollow\">[...]<\/a><\/p><\/div><\/div><div class=\"srr-item even srr-clearfix\"><div class=\"srr-title\"><a href=\"https:\/\/www.economie.gouv.fr\/dgccrf\/laction-de-la-dgccrf\/injonctions-et-sanctions\/sarl-soieries-saint-georges-origine-trompeuse-de-foulards-chales-et-autres-accessoires-en-soie\" target=\"_blank\" rel=\"nofollow\" title=\"SARL SOIERIES SAINT GEORGES, origine trompeuse de foulards, ch\u00e2les et autres accessoires en soie\">SARL SOIERIES SAINT GEORGES, origine trompeuse de foulards, ch\u00e2les et autres accessoires en soie<\/a><\/div><div class=\"srr-meta\"><\/div><div class=\"srr-summary srr-clearfix\"><p> <a href=\"https:\/\/www.economie.gouv.fr\/dgccrf\/laction-de-la-dgccrf\/injonctions-et-sanctions\/sarl-soieries-saint-georges-origine-trompeuse-de-foulards-chales-et-autres-accessoires-en-soie\" title=\"Read more\" target=\"_blank\" rel=\"nofollow\">[...]<\/a><\/p><\/div><\/div><div class=\"srr-item odd srr-clearfix\"><div class=\"srr-title\"><a href=\"https:\/\/www.economie.gouv.fr\/dgccrf\/laction-de-la-dgccrf\/injonctions-et-sanctions\/amende-de-376-080-eu-lencontre-de-la-societe-h2r-energies-pour-demarchage-telephonique\" target=\"_blank\" rel=\"nofollow\" title=\"Amende de 376 080 \u20ac \u00e0 l\u2019encontre de la soci\u00e9t\u00e9 H2R ENERGIES pour d\u00e9marchage t\u00e9l\u00e9phonique\">Amende de 376 080 \u20ac \u00e0 l\u2019encontre de la soci\u00e9t\u00e9 H2R ENERGIES pour d\u00e9marchage t\u00e9l\u00e9phonique<\/a><\/div><div class=\"srr-meta\"><\/div><div class=\"srr-summary srr-clearfix\"><p> <a href=\"https:\/\/www.economie.gouv.fr\/dgccrf\/laction-de-la-dgccrf\/injonctions-et-sanctions\/amende-de-376-080-eu-lencontre-de-la-societe-h2r-energies-pour-demarchage-telephonique\" title=\"Read more\" target=\"_blank\" rel=\"nofollow\">[...]<\/a><\/p><\/div><\/div><div class=\"srr-item even srr-clearfix\"><div class=\"srr-title\"><a href=\"https:\/\/www.economie.gouv.fr\/dgccrf\/laction-de-la-dgccrf\/injonctions-et-sanctions\/sanction-administrative-de-8-990-eu-prise-lencontre-de-la-sarl-audit-et-distribution-nom\" target=\"_blank\" rel=\"nofollow\" title=\"Sanction administrative de 8 990 \u20ac prise \u00e0 l\u2019encontre de la SARL AUDIT ET DISTRIBUTION - Nom commercial ECO FRANCE HABITAT\">Sanction administrative de 8 990 \u20ac prise \u00e0 l\u2019encontre de la SARL AUDIT ET DISTRIBUTION - Nom commercial ECO FRANCE HABITAT<\/a><\/div><div class=\"srr-meta\"><\/div><div class=\"srr-summary srr-clearfix\"><p> <a href=\"https:\/\/www.economie.gouv.fr\/dgccrf\/laction-de-la-dgccrf\/injonctions-et-sanctions\/sanction-administrative-de-8-990-eu-prise-lencontre-de-la-sarl-audit-et-distribution-nom\" title=\"Read more\" target=\"_blank\" rel=\"nofollow\">[...]<\/a><\/p><\/div><\/div><div class=\"srr-item odd srr-clearfix\"><div class=\"srr-title\"><a href=\"https:\/\/www.economie.gouv.fr\/dgccrf\/laction-de-la-dgccrf\/injonctions-et-sanctions\/sanction-administrative-dun-montant-de-47-700-eu-lencontre-de-la-sas-carrefour-hypermarches\" target=\"_blank\" rel=\"nofollow\" title=\"Sanction administrative d\u2019un montant de 47 700 \u20ac \u00e0 l\u2019encontre de la SAS CARREFOUR HYPERMARCHES concernant son \u00e9tablissement Hypermarch\u00e9 de Marzy (58180)\">Sanction administrative d\u2019un montant de 47 700 \u20ac \u00e0 l\u2019encontre de la SAS CARREFOUR HYPERMARCHES concernant son \u00e9tablissement Hypermarch\u00e9 de Marzy (58180)<\/a><\/div><div class=\"srr-meta\"><\/div><div class=\"srr-summary srr-clearfix\"><p> <a href=\"https:\/\/www.economie.gouv.fr\/dgccrf\/laction-de-la-dgccrf\/injonctions-et-sanctions\/sanction-administrative-dun-montant-de-47-700-eu-lencontre-de-la-sas-carrefour-hypermarches\" title=\"Read more\" target=\"_blank\" rel=\"nofollow\">[...]<\/a><\/p><\/div><\/div><div class=\"srr-item even srr-clearfix\"><div class=\"srr-title\"><a href=\"https:\/\/www.economie.gouv.fr\/dgccrf\/actualites-dgccrf\/produits-dangereux-vendus-sur-internet-52-references-retirees-des-places-de-marche-en-avril\" target=\"_blank\" rel=\"nofollow\" title=\"Produits dangereux vendus sur internet : 52 r\u00e9f\u00e9rences retir\u00e9es des places de march\u00e9 en avril\">Produits dangereux vendus sur internet : 52 r\u00e9f\u00e9rences retir\u00e9es des places de march\u00e9 en avril<\/a><\/div><div class=\"srr-meta\"><\/div><div class=\"srr-summary srr-clearfix\"><p>Attention lorsque vous achetez en ligne, particuli\u00e8rement sur des sites hors Union europ\u00e9enne ! En avril, les places de march\u00e9 ont retir\u00e9 52 r\u00e9f\u00e9rences de produits dangereux, \u00e0 la demande de la DGCCRF et d\u2019autres autorit\u00e9s nationales de protection des consommateurs. Ainsi, entre septembre 2025 et mars 2026, ce sont 257 r\u00e9f\u00e9rences qui ont \u00e9t\u00e9 retir\u00e9es. Appareils \u00e9lectrom\u00e9nagers, articles pour enfants et jouets, bijoux\u2026 Les produits vendus pr\u00e9sentaient des risques (blessure, \u00e9touffement, br\u00fblure...). <a href=\"https:\/\/www.economie.gouv.fr\/dgccrf\/actualites-dgccrf\/produits-dangereux-vendus-sur-internet-52-references-retirees-des-places-de-marche-en-avril\" title=\"Read more\" target=\"_blank\" rel=\"nofollow\">[...]<\/a><\/p><\/div><\/div><div class=\"srr-item odd srr-clearfix\"><div class=\"srr-title\"><a href=\"https:\/\/www.economie.gouv.fr\/dgccrf\/laction-de-la-dgccrf\/injonctions-et-sanctions\/augmentations-tarifaires-illegales-par-une-societe-daide-et-de-service-la-personne-bisontine-25\" target=\"_blank\" rel=\"nofollow\" title=\"Augmentations tarifaires ill\u00e9gales par une soci\u00e9t\u00e9 d&#039;aide et de service \u00e0 la personne Bisontine (25)\">Augmentations tarifaires ill\u00e9gales par une soci\u00e9t\u00e9 d&#039;aide et de service \u00e0 la personne Bisontine (25)<\/a><\/div><div class=\"srr-meta\"><\/div><div class=\"srr-summary srr-clearfix\"><p> <a href=\"https:\/\/www.economie.gouv.fr\/dgccrf\/laction-de-la-dgccrf\/injonctions-et-sanctions\/augmentations-tarifaires-illegales-par-une-societe-daide-et-de-service-la-personne-bisontine-25\" title=\"Read more\" target=\"_blank\" rel=\"nofollow\">[...]<\/a><\/p><\/div><\/div><div class=\"srr-item even srr-clearfix\"><div class=\"srr-title\"><a href=\"https:\/\/www.economie.gouv.fr\/dgccrf\/laction-de-la-dgccrf\/injonctions-et-sanctions\/injonction-lencontre-de-la-societe-sas-elite-renov-alu-de-cesser-plusieurs-pratiques\" target=\"_blank\" rel=\"nofollow\" title=\"Injonction \u00e0 l&#039;encontre de la soci\u00e9t\u00e9 SAS ELITE RENOV ALU de cesser plusieurs pratiques commerciales trompeuses\">Injonction \u00e0 l&#039;encontre de la soci\u00e9t\u00e9 SAS ELITE RENOV ALU de cesser plusieurs pratiques commerciales trompeuses<\/a><\/div><div class=\"srr-meta\"><\/div><div class=\"srr-summary srr-clearfix\"><p> <a href=\"https:\/\/www.economie.gouv.fr\/dgccrf\/laction-de-la-dgccrf\/injonctions-et-sanctions\/injonction-lencontre-de-la-societe-sas-elite-renov-alu-de-cesser-plusieurs-pratiques\" title=\"Read more\" target=\"_blank\" rel=\"nofollow\">[...]<\/a><\/p><\/div><\/div><\/div><\/div>\n<\/div>\r\n        <!-- End - Super RSS Reader -->\r\n        \n<\/div><\/div><\/div><\/div>","protected":false},"excerpt":{"rendered":"<p>ErrorErrorDGCCRFRSS Error: A feed could not be found at `http:\/\/www.60millions-mag.com\/rss.xml`; the status code is `404` and content-type is `text\/html; charset=UTF-8`RSS Error: WP HTTP Error: cURL error 60: SSL certificate problem: certificate has expiredLocation de v\u00e9hicule : la r\u00e9glementation applicableVous envisagez de louer un v\u00e9hicule. Avant de signer, lisez bien votre [&#8230;]<\/p>\n","protected":false},"author":1,"featured_media":0,"parent":0,"menu_order":0,"comment_status":"closed","ping_status":"closed","template":"template-fullwidth.php","meta":{"kia_subtitle":"Revue de presse"},"_links":{"self":[{"href":"http:\/\/vernoux.info\/vivre-en-ardeche\/wp-json\/wp\/v2\/pages\/1608"}],"collection":[{"href":"http:\/\/vernoux.info\/vivre-en-ardeche\/wp-json\/wp\/v2\/pages"}],"about":[{"href":"http:\/\/vernoux.info\/vivre-en-ardeche\/wp-json\/wp\/v2\/types\/page"}],"author":[{"embeddable":true,"href":"http:\/\/vernoux.info\/vivre-en-ardeche\/wp-json\/wp\/v2\/users\/1"}],"replies":[{"embeddable":true,"href":"http:\/\/vernoux.info\/vivre-en-ardeche\/wp-json\/wp\/v2\/comments?post=1608"}],"version-history":[{"count":5,"href":"http:\/\/vernoux.info\/vivre-en-ardeche\/wp-json\/wp\/v2\/pages\/1608\/revisions"}],"predecessor-version":[{"id":1616,"href":"http:\/\/vernoux.info\/vivre-en-ardeche\/wp-json\/wp\/v2\/pages\/1608\/revisions\/1616"}],"wp:attachment":[{"href":"http:\/\/vernoux.info\/vivre-en-ardeche\/wp-json\/wp\/v2\/media?parent=1608"}],"curies":[{"name":"wp","href":"https:\/\/api.w.org\/{rel}","templated":true}]}}