{"id":155,"date":"2016-08-03T20:44:38","date_gmt":"2016-08-03T19:44:38","guid":{"rendered":"http:\/\/vernoux.info\/vivre-en-ardeche\/?page_id=155"},"modified":"2016-08-23T21:17:25","modified_gmt":"2016-08-23T20:17:25","slug":"demarche-administrative-et-demarches-administratives","status":"publish","type":"page","link":"http:\/\/vernoux.info\/vivre-en-ardeche\/demarche-administrative-et-demarches-administratives\/","title":{"rendered":"Les d\u00e9marches administratives"},"content":{"rendered":"<div id=\"pl-155\"  class=\"panel-layout\" ><div id=\"pg-155-0\"  class=\"panel-grid panel-no-style\" ><div id=\"pgc-155-0-0\"  class=\"panel-grid-cell\" ><div id=\"panel-155-0-0-0\" class=\"so-panel widget widget_sow-image panel-first-child\" data-index=\"0\" ><div class=\"so-widget-sow-image so-widget-sow-image-default-d6014b76747a\">\n\n<div class=\"sow-image-container\">\n\t<img src=\"http:\/\/vernoux.info\/vivre-en-ardeche\/wp-content\/uploads\/2016\/08\/demarche.jpg\" width=\"345\" height=\"276\" srcset=\"http:\/\/vernoux.info\/vivre-en-ardeche\/wp-content\/uploads\/2016\/08\/demarche.jpg 345w, http:\/\/vernoux.info\/vivre-en-ardeche\/wp-content\/uploads\/2016\/08\/demarche-300x240.jpg 300w\" sizes=\"(max-width: 345px) 100vw, 345px\" alt=\"\" \t\tclass=\"so-widget-image\"\/>\n<\/div>\n\n<\/div><\/div><div id=\"panel-155-0-0-1\" class=\"so-panel widget widget_text\" data-index=\"1\" ><h3 class=\"widget-title\">La mairie<\/h3>\t\t\t<div class=\"textwidget\"><p><STRONG>HORAIRES D'OUVERTURE<\/STRONG><br\/>\nLundi, mardi, vendredi : <br\/>9h - 12h \/ 14h - 17h <br\/>\nMercredi, jeudi, samedi : <br\/>9h - 12h <br\/>\n<\/p><p>\n<STRONG>ADRESSE POSTALE<\/STRONG><br\/>\n2 Rue Raymond Finiels<br\/>\n07240 Vernoux-en-Vivarais\n<\/p><p>\n<STRONG>TELEPHONE<\/STRONG><br\/>\n04.75.58.11.90\n<\/p><p>\n<STRONG>EMAIL<\/STRONG><br\/>\nmairie[@]vernoux-en-vivarais.fr<\/p>\n<p>NB: Enlever les crochets au moment d'envoyer votre message<\/p>\n\n<a href=\"http:\/\/vernoux.info\/vivre-en-ardeche\/la-mairie\/\">Consulter la page de la mairie<\/a><\/div>\n\t\t<\/div><div id=\"panel-155-0-0-2\" class=\"so-panel widget widget_text panel-last-child\" data-index=\"2\" ><div class=\"puce panel-widget-style panel-widget-style-for-155-0-0-2\" ><h3 class=\"widget-title\">Voir aussi<\/h3>\t\t\t<div class=\"textwidget\">[linkview cat_filter=\"demarches-administratives\" show_cat_name=0]\n\n<style>\n\/* style des puces\n-------------------------------------------------------------- *\/\n.lv-category {width:100%; margin:0px;}\n\n<\/style><\/div>\n\t\t<\/div><\/div><\/div><div id=\"pgc-155-0-1\"  class=\"panel-grid-cell\" ><div id=\"panel-155-0-1-0\" class=\"so-panel widget widget_sow-editor panel-first-child\" data-index=\"3\" ><div class=\"so-widget-sow-editor so-widget-sow-editor-base\"><h3 class=\"widget-title\">Fiches pratiques pour des d\u00e9marches<\/h3>\n<div class=\"siteorigin-widget-tinymce textwidget\">\n\t<div class=\"home-theme-item\"><img src=\"http:\/\/vernoux.info\/fichiers\/identite.png\" border=\"0\/\" \/><\/p>\n<h3><a href=\"https:\/\/www.service-public.fr\/particuliers\/vosdroits\/N19810\" target=\"_blank\">Papiers - Citoyennet\u00e9<\/a><\/h3>\n<ul>\n<li><a href=\"https:\/\/www.service-public.fr\/particuliers\/vosdroits\/N359\" target=\"_blank\">\u00c9tat-civil<\/a>,<\/li>\n<li><a href=\"https:\/\/www.service-public.fr\/particuliers\/vosdroits\/N360\" target=\"_blank\">Passeport<\/a>,<\/li>\n<li><a href=\"https:\/\/www.service-public.fr\/particuliers\/vosdroits\/N47\" target=\"_blank\">\u00c9lections<\/a>,<\/li>\n<li><a href=\"https:\/\/www.service-public.fr\/particuliers\/vosdroits\/F19134\" target=\"_blank\">Papiers \u00e0 conserver<\/a>,<\/li>\n<li><a href=\"https:\/\/www.service-public.fr\/particuliers\/vosdroits\/N358\" target=\"_blank\">Carte d'identit\u00e9<\/a><\/li>\n<\/ul>\n<\/div>\n<div class=\"home-theme-item\"><img src=\"http:\/\/vernoux.info\/fichiers\/famille.png\" border=\"0\/\" \/><\/p>\n<h3><a href=\"https:\/\/www.service-public.fr\/particuliers\/vosdroits\/N19805\" target=\"_blank\">Famille<\/a><\/h3>\n<ul>\n<li><a href=\"https:\/\/www.service-public.fr\/particuliers\/vosdroits\/N156\" target=\"_blank\">Allocations familiales<\/a>,<\/li>\n<li><a href=\"https:\/\/www.service-public.fr\/particuliers\/vosdroits\/N15660\" target=\"_blank\">Naissance<\/a>,<\/li>\n<li><a href=\"https:\/\/www.service-public.fr\/particuliers\/vosdroits\/N142\" target=\"_blank\">Mariage<\/a>,<\/li>\n<li><a href=\"https:\/\/www.service-public.fr\/particuliers\/vosdroits\/N144\" target=\"_blank\"><abbr title=\"pacte civil de solidarit\u00e9\">Pacs<\/abbr><\/a>,<\/li>\n<li><a href=\"https:\/\/www.service-public.fr\/particuliers\/vosdroits\/N54\" target=\"_blank\">Scolarit\u00e9<\/a><\/li>\n<\/ul>\n<\/div>\n<div class=\"home-theme-item\"><img src=\"http:\/\/vernoux.info\/fichiers\/handicape.png\" border=\"0\/\" \/><\/p>\n<h3><a href=\"https:\/\/www.service-public.fr\/particuliers\/vosdroits\/N19811\" target=\"_blank\">Social - Sant\u00e9<\/a><\/h3>\n<ul>\n<li><a href=\"https:\/\/www.service-public.fr\/particuliers\/vosdroits\/F265\" target=\"_blank\">Carte vitale<\/a>,<\/li>\n<li><a href=\"https:\/\/www.service-public.fr\/particuliers\/vosdroits\/N549\" target=\"_blank\">Ch\u00f4mage<\/a>,<\/li>\n<li><a href=\"https:\/\/www.service-public.fr\/particuliers\/vosdroits\/N19811\" target=\"_blank\">Handicap<\/a>,<\/li>\n<li><a href=\"https:\/\/www.service-public.fr\/particuliers\/vosdroits\/N19775\" target=\"_blank\"><abbr title=\"revenu de solidarit\u00e9 active\">RSA<\/abbr><\/a>,<\/li>\n<li><a href=\"https:\/\/www.service-public.fr\/particuliers\/vosdroits\/N392\" target=\"_blank\">Personnes \u00e2g\u00e9es<\/a><\/li>\n<\/ul>\n<\/div>\n<div class=\"home-theme-item\"><img src=\"http:\/\/vernoux.info\/fichiers\/travail.png\" border=\"0\/\" \/><\/p>\n<h3><a href=\"https:\/\/www.service-public.fr\/particuliers\/vosdroits\/N19806\" target=\"_blank\">Travail<\/a><\/h3>\n<ul>\n<li><a href=\"https:\/\/www.service-public.fr\/particuliers\/vosdroits\/N19871\" target=\"_blank\"><abbr title=\"contrat \u00e0 dur\u00e9e d\u00e9termin\u00e9e\">CDD<\/abbr><\/a>,<\/li>\n<li><a href=\"https:\/\/www.service-public.fr\/particuliers\/vosdroits\/F13971\" target=\"_blank\">Concours<\/a>,<\/li>\n<li><a href=\"https:\/\/www.service-public.fr\/particuliers\/vosdroits\/N381\" target=\"_blank\">Retraite<\/a>,<\/li>\n<li><a href=\"https:\/\/www.service-public.fr\/particuliers\/vosdroits\/N19611\" target=\"_blank\">D\u00e9mission<\/a>,<\/li>\n<li><a href=\"https:\/\/www.service-public.fr\/particuliers\/vosdroits\/F1643\" target=\"_blank\">P\u00e9riode d'essai<\/a><\/li>\n<\/ul>\n<\/div>\n<div class=\"home-theme-item\"><img src=\"http:\/\/vernoux.info\/fichiers\/maison.png\" border=\"0\/\" \/><\/p>\n<h3><a href=\"https:\/\/www.service-public.fr\/particuliers\/vosdroits\/N19808\" target=\"_blank\">Logement<\/a><\/h3>\n<ul>\n<li><a href=\"https:\/\/www.service-public.fr\/particuliers\/vosdroits\/N20360\" target=\"_blank\">Allocations logement<\/a>,<\/li>\n<li><a href=\"https:\/\/www.service-public.fr\/particuliers\/vosdroits\/F1986\" target=\"_blank\">Permis de construire<\/a>,<\/li>\n<li><a href=\"https:\/\/www.service-public.fr\/particuliers\/vosdroits\/F10007\" target=\"_blank\">Logement social<\/a>,<\/li>\n<li><a href=\"https:\/\/www.service-public.fr\/particuliers\/vosdroits\/N339\" target=\"_blank\">Fin de bail<\/a><\/li>\n<\/ul>\n<\/div>\n<div class=\"home-theme-item\"><img src=\"http:\/\/vernoux.info\/fichiers\/transport.png\" border=\"0\/\" \/><\/p>\n<h3><a href=\"https:\/\/www.service-public.fr\/particuliers\/vosdroits\/N19812\" target=\"_blank\">Transports<\/a><\/h3>\n<ul>\n<li><a href=\"https:\/\/www.service-public.fr\/particuliers\/vosdroits\/N367\" target=\"_blank\">Carte grise<\/a>,<\/li>\n<li><a href=\"https:\/\/www.service-public.fr\/particuliers\/vosdroits\/N530\" target=\"_blank\">Permis de conduire<\/a>,<\/li>\n<li><a href=\"https:\/\/www.service-public.fr\/particuliers\/vosdroits\/N31200\" target=\"_blank\">Contr\u00f4le technique<\/a>,<\/li>\n<li><a href=\"https:\/\/www.service-public.fr\/particuliers\/vosdroits\/N18918\" target=\"_blank\">Infractions<\/a><\/li>\n<\/ul>\n<\/div>\n<div class=\"home-theme-item\"><img src=\"http:\/\/vernoux.info\/fichiers\/argent.png\" border=\"0\/\" \/><\/p>\n<h3><a href=\"https:\/\/www.service-public.fr\/particuliers\/vosdroits\/N19803\" target=\"_blank\">Argent<\/a><\/h3>\n<ul>\n<li><a href=\"https:\/\/www.service-public.fr\/particuliers\/vosdroits\/N20373\" target=\"_blank\">Cr\u00e9dit immobilier<\/a>,<\/li>\n<li><a href=\"https:\/\/www.service-public.fr\/particuliers\/vosdroits\/N247\" target=\"_blank\">Imp\u00f4ts<\/a>,<\/li>\n<li><a href=\"https:\/\/www.service-public.fr\/particuliers\/vosdroits\/N19803\" target=\"_blank\">Consommation<\/a>,<\/li>\n<li><a href=\"https:\/\/www.service-public.fr\/particuliers\/vosdroits\/N20376\" target=\"_blank\">Livret\u00a0A<\/a>,<\/li>\n<li><a href=\"https:\/\/www.service-public.fr\/particuliers\/vosdroits\/N19803\" target=\"_blank\">Assurance<\/a>,<\/li>\n<li><a href=\"https:\/\/www.service-public.fr\/particuliers\/vosdroits\/N99\" target=\"_blank\">Surendettement<\/a><\/li>\n<\/ul>\n<\/div>\n<div class=\"home-theme-item\"><img src=\"http:\/\/vernoux.info\/fichiers\/justice.png\" border=\"0\/\" \/><\/p>\n<h3><a href=\"https:\/\/www.service-public.fr\/particuliers\/vosdroits\/N19807\" target=\"_blank\">Justice<\/a><\/h3>\n<ul>\n<li><a href=\"https:\/\/www.service-public.fr\/particuliers\/vosdroits\/F1420\" target=\"_blank\">Casier judiciaire<\/a>,<\/li>\n<li><a href=\"https:\/\/www.service-public.fr\/particuliers\/vosdroits\/F1435\" target=\"_blank\">Plainte<\/a>,<\/li>\n<li><a href=\"https:\/\/www.service-public.fr\/particuliers\/vosdroits\/F18074\" target=\"_blank\">Aide juridictionnelle<\/a>,<\/li>\n<li><a href=\"https:\/\/www.service-public.fr\/particuliers\/vosdroits\/N277\" target=\"_blank\">Saisie<\/a><\/li>\n<\/ul>\n<\/div>\n<div class=\"home-theme-item\"><img src=\"http:\/\/vernoux.info\/fichiers\/etranger.png\" border=\"0\/\" \/><\/p>\n<h3><a href=\"https:\/\/www.service-public.fr\/particuliers\/vosdroits\/N19804\" target=\"_blank\">\u00c9tranger<\/a><\/h3>\n<ul>\n<li><a href=\"https:\/\/www.service-public.fr\/particuliers\/vosdroits\/N110\" target=\"_blank\">Titres de s\u00e9jour<\/a>,<\/li>\n<li><a href=\"https:\/\/www.service-public.fr\/particuliers\/vosdroits\/F2191\" target=\"_blank\">Attestation d\u2019accueil<\/a>,<\/li>\n<li><a href=\"https:\/\/www.service-public.fr\/particuliers\/vosdroits\/N11165\" target=\"_blank\">Regroupement familial<\/a><\/li>\n<\/ul>\n<\/div>\n<div class=\"home-theme-item\"><img src=\"http:\/\/vernoux.info\/fichiers\/loisirs.png\" border=\"0\/\" \/><\/p>\n<h3><a href=\"https:\/\/www.service-public.fr\/particuliers\/vosdroits\/N19809\">Loisirs<\/a><\/h3>\n<ul>\n<li><a href=\"https:\/\/www.service-public.fr\/particuliers\/vosdroits\/N18944\" target=\"_blank\">Animaux<\/a>,<\/li>\n<li><a href=\"https:\/\/www.service-public.fr\/particuliers\/vosdroits\/N550\" target=\"_blank\">Permis bateau<\/a>,<\/li>\n<li><a href=\"https:\/\/www.service-public.fr\/particuliers\/vosdroits\/N19104\" target=\"_blank\">Tourisme<\/a>,<\/li>\n<li><a href=\"https:\/\/www.service-public.fr\/particuliers\/vosdroits\/N553\" target=\"_blank\">Permis de chasser<\/a><\/li>\n<\/ul>\n<\/div>\n<\/div>\n<\/div><\/div><div id=\"panel-155-0-1-1\" class=\"so-panel widget widget_text panel-last-child\" data-index=\"4\" >\t\t\t<div class=\"textwidget\">Pour toutes pr\u00e9cisions, s\u2019adresser au secr\u00e9tariat de la <a href=\"http:\/\/vernoux.info\/vivre-en-ardeche\/la-mairie\/\">mairie de Vernoux<\/a>.<br\/>\nVos droits et d\u00e9marches sur <a href=\"http:\/\/www.servicepublic.fr\/\" target=\"_blank\" rel=\"noopener noreferrer\">www.servicepublic.fr<\/a><\/div>\n\t\t<\/div><\/div><\/div><\/div>","protected":false},"excerpt":{"rendered":"<p>HORAIRES D&rsquo;OUVERTURE Lundi, mardi, vendredi : 9h &#8211; 12h \/ 14h &#8211; 17h Mercredi, jeudi, samedi : 9h &#8211; 12h ADRESSE POSTALE 2 Rue Raymond Finiels 07240 Vernoux-en-Vivarais TELEPHONE 04.75.58.11.90 EMAIL mairie[@]vernoux-en-vivarais.fr NB: Enlever les crochets au moment d&rsquo;envoyer votre message Consulter la page de la mairie [linkview cat_filter=\u00a0\u00bbdemarches-administratives\u00a0\u00bb show_cat_name=0]<\/p>\n","protected":false},"author":1,"featured_media":0,"parent":0,"menu_order":0,"comment_status":"closed","ping_status":"closed","template":"template-fullwidth.php","meta":{"kia_subtitle":""},"_links":{"self":[{"href":"http:\/\/vernoux.info\/vivre-en-ardeche\/wp-json\/wp\/v2\/pages\/155"}],"collection":[{"href":"http:\/\/vernoux.info\/vivre-en-ardeche\/wp-json\/wp\/v2\/pages"}],"about":[{"href":"http:\/\/vernoux.info\/vivre-en-ardeche\/wp-json\/wp\/v2\/types\/page"}],"author":[{"embeddable":true,"href":"http:\/\/vernoux.info\/vivre-en-ardeche\/wp-json\/wp\/v2\/users\/1"}],"replies":[{"embeddable":true,"href":"http:\/\/vernoux.info\/vivre-en-ardeche\/wp-json\/wp\/v2\/comments?post=155"}],"version-history":[{"count":34,"href":"http:\/\/vernoux.info\/vivre-en-ardeche\/wp-json\/wp\/v2\/pages\/155\/revisions"}],"predecessor-version":[{"id":1606,"href":"http:\/\/vernoux.info\/vivre-en-ardeche\/wp-json\/wp\/v2\/pages\/155\/revisions\/1606"}],"wp:attachment":[{"href":"http:\/\/vernoux.info\/vivre-en-ardeche\/wp-json\/wp\/v2\/media?parent=155"}],"curies":[{"name":"wp","href":"https:\/\/api.w.org\/{rel}","templated":true}]}}