{"id":1519,"date":"2016-08-21T17:26:43","date_gmt":"2016-08-21T16:26:43","guid":{"rendered":"http:\/\/vernoux.info\/vivre-en-ardeche\/?page_id=1519"},"modified":"2016-08-21T18:25:51","modified_gmt":"2016-08-21T17:25:51","slug":"specialites-07","status":"publish","type":"page","link":"http:\/\/vernoux.info\/vivre-en-ardeche\/specialites-07\/","title":{"rendered":"Les sp\u00e9cialit\u00e9s"},"content":{"rendered":"<div id=\"pl-1519\"  class=\"panel-layout\" ><div id=\"pg-1519-0\"  class=\"panel-grid panel-no-style\" ><div id=\"pgc-1519-0-0\"  class=\"panel-grid-cell\" ><div id=\"panel-1519-0-0-0\" class=\"so-panel widget widget_sow-editor panel-first-child\" data-index=\"0\" ><div class=\"so-widget-sow-editor so-widget-sow-editor-base\">\n<div class=\"siteorigin-widget-tinymce textwidget\">\n\t<p>De nombreuses <strong>sp\u00e9cialit\u00e9s<\/strong> d\u00e9montrent tout l\u2019art de nos artisans locaux :<\/p>\n<p><a href=\"http:\/\/www.keldelice.com\/guide\/specialites\/la-caillette\" target=\"_blank\">caillettes<\/a>, saucissons, p\u00e2t\u00e9s, fromages fermiers (<a href=\"http:\/\/www.ardechepleincoeur.com\/terroir-gastronomie\/produits-du-terroir\/nos-produits-sucres\/84716-6606,boulangerie-patisserie-baudouin.html?q=picodon\" target=\"_blank\">picodon<\/a>), la crique ard\u00e9choise, le <a href=\"http:\/\/www.keldelice.com\/guide\/specialites\/le-matefaim\" target=\"_blank\">matefaim<\/a>, confitures, le d\u00e9lice ard\u00e9chois, miel et sp\u00e9cialit\u00e9 aux fruits rouges.<\/p>\n<p>Le <strong><a href=\"http:\/\/vernoux.info\/vivre-en-ardeche\/marche-terroir\/\">march\u00e9 du terroir<\/a><\/strong> du dimanche matin vous permettra de\u00a0rencontrer des producteurs du pays de Vernoux.<\/p>\n<\/div>\n<\/div><\/div><div id=\"panel-1519-0-0-1\" class=\"so-panel widget widget_sow-simple-masonry\" data-index=\"1\" ><div class=\"so-widget-sow-simple-masonry so-widget-sow-simple-masonry-default-d75171398898\">\n\n<div class=\"sow-masonry-grid\"\n\t data-layouts=\"{&quot;desktop&quot;:{&quot;numColumns&quot;:4,&quot;rowHeight&quot;:0,&quot;gutter&quot;:0},&quot;tablet&quot;:{&quot;breakPoint&quot;:768,&quot;numColumns&quot;:2,&quot;rowHeight&quot;:0,&quot;gutter&quot;:0},&quot;mobile&quot;:{&quot;breakPoint&quot;:480,&quot;numColumns&quot;:1,&quot;rowHeight&quot;:0,&quot;gutter&quot;:0}}\" data-layout-origin-left=\"true\" >\n\t\t\t\t<div class=\"sow-masonry-grid-item\" data-col-span=\"1\"\n\t\t\t     data-row-span=\"1\">\n\t\t\t\t\n\t\t\t\t<img width=\"401\" height=\"401\" src=\"http:\/\/vernoux.info\/vivre-en-ardeche\/wp-content\/uploads\/2016\/08\/chataigne_d_ardeche.jpg\" class=\"sow-masonry-grid-image\" alt=\"\" loading=\"lazy\" title=\"\" srcset=\"http:\/\/vernoux.info\/vivre-en-ardeche\/wp-content\/uploads\/2016\/08\/chataigne_d_ardeche.jpg 401w, http:\/\/vernoux.info\/vivre-en-ardeche\/wp-content\/uploads\/2016\/08\/chataigne_d_ardeche-300x300.jpg 300w, http:\/\/vernoux.info\/vivre-en-ardeche\/wp-content\/uploads\/2016\/08\/chataigne_d_ardeche-90x90.jpg 90w, http:\/\/vernoux.info\/vivre-en-ardeche\/wp-content\/uploads\/2016\/08\/chataigne_d_ardeche-75x75.jpg 75w\" sizes=\"(max-width: 401px) 100vw, 401px\" \/>\n\t\t\t\t\t\t\t<\/div>\n\t\t\t\t\t\t<div class=\"sow-masonry-grid-item\" data-col-span=\"1\"\n\t\t\t     data-row-span=\"1\">\n\t\t\t\t\n\t\t\t\t<img width=\"1224\" height=\"744\" src=\"http:\/\/vernoux.info\/vivre-en-ardeche\/wp-content\/uploads\/2016\/08\/caillettes.jpg\" class=\"sow-masonry-grid-image\" alt=\"\" loading=\"lazy\" title=\"\" srcset=\"http:\/\/vernoux.info\/vivre-en-ardeche\/wp-content\/uploads\/2016\/08\/caillettes.jpg 1224w, http:\/\/vernoux.info\/vivre-en-ardeche\/wp-content\/uploads\/2016\/08\/caillettes-300x182.jpg 300w, http:\/\/vernoux.info\/vivre-en-ardeche\/wp-content\/uploads\/2016\/08\/caillettes-620x377.jpg 620w, http:\/\/vernoux.info\/vivre-en-ardeche\/wp-content\/uploads\/2016\/08\/caillettes-768x467.jpg 768w, http:\/\/vernoux.info\/vivre-en-ardeche\/wp-content\/uploads\/2016\/08\/caillettes-940x571.jpg 940w\" sizes=\"(max-width: 1224px) 100vw, 1224px\" \/>\n\t\t\t\t\t\t\t<\/div>\n\t\t\t\t\t\t<div class=\"sow-masonry-grid-item\" data-col-span=\"1\"\n\t\t\t     data-row-span=\"1\">\n\t\t\t\t\n\t\t\t\t<img width=\"200\" height=\"147\" src=\"http:\/\/vernoux.info\/vivre-en-ardeche\/wp-content\/uploads\/2016\/08\/picodons.png\" class=\"sow-masonry-grid-image\" alt=\"\" loading=\"lazy\" title=\"\" \/>\n\t\t\t\t\t\t\t<\/div>\n\t\t\t\t\t\t<div class=\"sow-masonry-grid-item\" data-col-span=\"1\"\n\t\t\t     data-row-span=\"1\">\n\t\t\t\t\n\t\t\t\t<img width=\"587\" height=\"402\" src=\"http:\/\/vernoux.info\/vivre-en-ardeche\/wp-content\/uploads\/2016\/08\/crique.jpg\" class=\"sow-masonry-grid-image\" alt=\"\" loading=\"lazy\" title=\"\" srcset=\"http:\/\/vernoux.info\/vivre-en-ardeche\/wp-content\/uploads\/2016\/08\/crique.jpg 587w, http:\/\/vernoux.info\/vivre-en-ardeche\/wp-content\/uploads\/2016\/08\/crique-300x205.jpg 300w\" sizes=\"(max-width: 587px) 100vw, 587px\" \/>\n\t\t\t\t\t\t\t<\/div>\n\t\t\t\t\t\t<div class=\"sow-masonry-grid-item\" data-col-span=\"1\"\n\t\t\t     data-row-span=\"1\">\n\t\t\t\t\n\t\t\t\t<img width=\"183\" height=\"275\" src=\"http:\/\/vernoux.info\/vivre-en-ardeche\/wp-content\/uploads\/2016\/08\/d\u00e9lice-ard\u00e9chois.jpg\" class=\"sow-masonry-grid-image\" alt=\"\" loading=\"lazy\" title=\"\" \/>\n\t\t\t\t\t\t\t<\/div>\n\t\t\t\t\t\t<div class=\"sow-masonry-grid-item\" data-col-span=\"1\"\n\t\t\t     data-row-span=\"1\">\n\t\t\t\t\n\t\t\t\t<img width=\"220\" height=\"150\" src=\"http:\/\/vernoux.info\/vivre-en-ardeche\/wp-content\/uploads\/2016\/08\/confiture.png\" class=\"sow-masonry-grid-image\" alt=\"\" loading=\"lazy\" title=\"\" \/>\n\t\t\t\t\t\t\t<\/div>\n\t\t\t\t\t\t<div class=\"sow-masonry-grid-item\" data-col-span=\"1\"\n\t\t\t     data-row-span=\"1\">\n\t\t\t\t\n\t\t\t\t<img width=\"335\" height=\"200\" src=\"http:\/\/vernoux.info\/vivre-en-ardeche\/wp-content\/uploads\/2016\/08\/saucisson.jpg\" class=\"sow-masonry-grid-image\" alt=\"\" loading=\"lazy\" title=\"\" srcset=\"http:\/\/vernoux.info\/vivre-en-ardeche\/wp-content\/uploads\/2016\/08\/saucisson.jpg 335w, http:\/\/vernoux.info\/vivre-en-ardeche\/wp-content\/uploads\/2016\/08\/saucisson-300x179.jpg 300w\" sizes=\"(max-width: 335px) 100vw, 335px\" \/>\n\t\t\t\t\t\t\t<\/div>\n\t\t\t\t\t\t<div class=\"sow-masonry-grid-item\" data-col-span=\"1\"\n\t\t\t     data-row-span=\"1\">\n\t\t\t\t\n\t\t\t\t<img width=\"380\" height=\"300\" src=\"http:\/\/vernoux.info\/vivre-en-ardeche\/wp-content\/uploads\/2016\/08\/miel.jpg\" class=\"sow-masonry-grid-image\" alt=\"\" loading=\"lazy\" title=\"\" srcset=\"http:\/\/vernoux.info\/vivre-en-ardeche\/wp-content\/uploads\/2016\/08\/miel.jpg 380w, http:\/\/vernoux.info\/vivre-en-ardeche\/wp-content\/uploads\/2016\/08\/miel-300x237.jpg 300w\" sizes=\"(max-width: 380px) 100vw, 380px\" \/>\n\t\t\t\t\t\t\t<\/div>\n\t\t\t\n<\/div>\n<\/div><\/div><div id=\"panel-1519-0-0-2\" class=\"so-panel widget widget_sow-editor panel-last-child\" data-index=\"2\" ><div class=\"so-widget-sow-editor so-widget-sow-editor-base\">\n<div class=\"siteorigin-widget-tinymce textwidget\">\n\t<p>Le site Keldelice rassemble information et guide d\u2019achat sur les produits du terroir.<\/p>\n\n<!-- iframe plugin v.4.5 wordpress.org\/plugins\/iframe\/ -->\n<iframe src=\"http:\/\/www.keldelice.com\/guide\/vernoux-en-vivarais-07240\/specialites\" width=\"100%\" height=\"1900\" scrolling=\"yes\" class=\"iframe-class\" frameborder=\"0\"><\/iframe>\n\n<\/div>\n<\/div><\/div><\/div><\/div><\/div>","protected":false},"excerpt":{"rendered":"<p>De nombreuses sp\u00e9cialit\u00e9s d\u00e9montrent tout l\u2019art de nos artisans locaux : caillettes, saucissons, p\u00e2t\u00e9s, fromages fermiers (picodon), la crique ard\u00e9choise, le matefaim, confitures, le d\u00e9lice ard\u00e9chois, miel et sp\u00e9cialit\u00e9 aux fruits rouges. Le march\u00e9 du terroir du dimanche matin vous permettra de\u00a0rencontrer des producteurs du pays de Vernoux. Le site [&#8230;]<\/p>\n","protected":false},"author":1,"featured_media":0,"parent":0,"menu_order":0,"comment_status":"closed","ping_status":"closed","template":"template-fullwidth.php","meta":{"kia_subtitle":"Les sp\u00e9cialit\u00e9s - 07240 Vernoux"},"_links":{"self":[{"href":"http:\/\/vernoux.info\/vivre-en-ardeche\/wp-json\/wp\/v2\/pages\/1519"}],"collection":[{"href":"http:\/\/vernoux.info\/vivre-en-ardeche\/wp-json\/wp\/v2\/pages"}],"about":[{"href":"http:\/\/vernoux.info\/vivre-en-ardeche\/wp-json\/wp\/v2\/types\/page"}],"author":[{"embeddable":true,"href":"http:\/\/vernoux.info\/vivre-en-ardeche\/wp-json\/wp\/v2\/users\/1"}],"replies":[{"embeddable":true,"href":"http:\/\/vernoux.info\/vivre-en-ardeche\/wp-json\/wp\/v2\/comments?post=1519"}],"version-history":[{"count":16,"href":"http:\/\/vernoux.info\/vivre-en-ardeche\/wp-json\/wp\/v2\/pages\/1519\/revisions"}],"predecessor-version":[{"id":1547,"href":"http:\/\/vernoux.info\/vivre-en-ardeche\/wp-json\/wp\/v2\/pages\/1519\/revisions\/1547"}],"wp:attachment":[{"href":"http:\/\/vernoux.info\/vivre-en-ardeche\/wp-json\/wp\/v2\/media?parent=1519"}],"curies":[{"name":"wp","href":"https:\/\/api.w.org\/{rel}","templated":true}]}}