{"id":1421,"date":"2016-08-20T00:48:44","date_gmt":"2016-08-19T23:48:44","guid":{"rendered":"http:\/\/vernoux.info\/vivre-en-ardeche\/?page_id=1421"},"modified":"2016-08-26T15:01:27","modified_gmt":"2016-08-26T14:01:27","slug":"forums-de-vernoux-connexion","status":"publish","type":"page","link":"http:\/\/vernoux.info\/vivre-en-ardeche\/forums-de-vernoux-connexion\/","title":{"rendered":"Tous les forums de Vernoux Connexion [<a href=\"#\" onclick='AfficherCacher(\"AideEnLigne\"); return false'>Lire les r\u00e8gles d&rsquo;utilisation<\/a>]"},"content":{"rendered":"<p><script type=\"text\/javascript\">\/\/ <![CDATA[\nfunction AfficherCacher(texte) { var test = document.getElementById(texte).style.display; if (test == \"block\") { document.getElementById(texte).style.display = \"none\"; } else { document.getElementById(texte).style.display = \"block\"; } }\n\/\/ ]]><\/script><\/p>\n<div id=\"AideEnLigne\" style=\"display: none;\">\n<strong>CONTENU ET COMPORTEMENT DE L\u2019UTILISATEUR<\/strong><br \/>\nVous \u00eates enti\u00e8rement responsable de l\u2019ensemble des informations, donn\u00e9es, textes, logiciels, musiques, sons, photographies, dessins, vid\u00e9os, messages, tags et autres contenus que vous transmettez via le forum de Vernoux connexion.<br \/>\nVous vous engagez \u00e0 ne rien faire, ou \u00e0 ne transmettre aucun Contenu qui:<\/p>\n<ol>\n<li>enfreindrait les lois (sur la diffamation par exemple) ou la r\u00e9glementation, ou porterait atteinte aux droits de tiers (par exemple les lois sur les droits d\u2019auteur ou sur la vie priv\u00e9e) ou encouragerait les autres \u00e0 le faire;<\/li>\n<li>serait obsc\u00e8ne, mena\u00e7ant, violent, injurieux, pr\u00e9judiciable envers des tiers, notamment des mineurs, porterait atteinte \u00e0 la vie priv\u00e9e de tiers ou contiendrait des propos de haine, de harc\u00e8lement, de discrimination ou tout autre caract\u00e8re autrement r\u00e9pr\u00e9hensible;<\/li>\n<li>usurperait l\u2019identit\u00e9 d\u2019un tiers ou falsifierait l\u2019origine ou les attributs (dont l\u2019\u00e2ge) d\u2019un utilisateur ou d\u2019un Contenu;<\/li>\n<li>constituerait du courrier ind\u00e9sirable (\u00abspam\u00bb), ou toute autre forme de publicit\u00e9 non sollicit\u00e9e, du mat\u00e9riel promotionnel ou des messages commerciaux;<\/li>\n<li>contiendrait ou redirigerait vers des virus informatiques ou tout autre programme ou code malveillant;<\/li>\n<li>interromperait ou alt\u00e9rerait le fonctionnement normal du site, ou des serveurs ou r\u00e9seaux qui y sont connect\u00e9s;<\/li>\n<li>collecterait du Contenu ou des informations appartenant \u00e0 un utilisateur, ou acc\u00e9derait autrement par le biais de moyens automatiques (tels que des spambots, des robots ou des scrapers) sans notre autorisation;<\/li>\n<li>reproduirait, vendrait ou exploiterait de toute autre fa\u00e7on \u00e0 des fins commerciales tout ou partie du Contenu.<\/li>\n<\/ol>\n<p>Vernoux connexion n\u2019a aucune obligation de surveiller le Contenu des utilisateurs. Vernoux connexion peut refuser, reclasser ou supprimer tout Contenu disponible, si ce Contenu viole les Conditions G\u00e9n\u00e9rales d\u2019utilisation ou est autrement r\u00e9pr\u00e9hensible. Par cons\u00e9quent vous assumez les risques relatifs \u00e0 toute utilisation d\u2019un Contenu, notamment quant \u00e0 son exactitude, exhaustivit\u00e9 ou utilit\u00e9.<br \/>\n[<a href=\"#\" onclick='AfficherCacher(\"AideEnLigne\"); return false'>Fermer l&rsquo;encart<\/a>]<\/p>\n<\/div>\n\n<!-- iframe plugin v.4.5 wordpress.org\/plugins\/iframe\/ -->\n<iframe src=\"http:\/\/vernoux.info\/forum\/\" width=\"100%\" height=\"2900\" scrolling=\"yes\" class=\"iframe-class\" frameborder=\"0\"><\/iframe>\n\n<p>&nbsp;<\/p>\n<p>&nbsp;<\/p>\n","protected":false},"excerpt":{"rendered":"<p>CONTENU ET COMPORTEMENT DE L\u2019UTILISATEUR Vous \u00eates enti\u00e8rement responsable de l\u2019ensemble des informations, donn\u00e9es, textes, logiciels, musiques, sons, photographies, dessins, vid\u00e9os, messages, tags et autres contenus que vous transmettez via le forum de Vernoux connexion. Vous vous engagez \u00e0 ne rien faire, ou \u00e0 ne transmettre aucun Contenu qui: enfreindrait [&#8230;]<\/p>\n","protected":false},"author":1,"featured_media":0,"parent":0,"menu_order":0,"comment_status":"closed","ping_status":"closed","template":"template-fullwidth.php","meta":{"kia_subtitle":"Tous les forums de discussion de Vernoux Connexion 07240 Vernoux"},"_links":{"self":[{"href":"http:\/\/vernoux.info\/vivre-en-ardeche\/wp-json\/wp\/v2\/pages\/1421"}],"collection":[{"href":"http:\/\/vernoux.info\/vivre-en-ardeche\/wp-json\/wp\/v2\/pages"}],"about":[{"href":"http:\/\/vernoux.info\/vivre-en-ardeche\/wp-json\/wp\/v2\/types\/page"}],"author":[{"embeddable":true,"href":"http:\/\/vernoux.info\/vivre-en-ardeche\/wp-json\/wp\/v2\/users\/1"}],"replies":[{"embeddable":true,"href":"http:\/\/vernoux.info\/vivre-en-ardeche\/wp-json\/wp\/v2\/comments?post=1421"}],"version-history":[{"count":8,"href":"http:\/\/vernoux.info\/vivre-en-ardeche\/wp-json\/wp\/v2\/pages\/1421\/revisions"}],"predecessor-version":[{"id":1661,"href":"http:\/\/vernoux.info\/vivre-en-ardeche\/wp-json\/wp\/v2\/pages\/1421\/revisions\/1661"}],"wp:attachment":[{"href":"http:\/\/vernoux.info\/vivre-en-ardeche\/wp-json\/wp\/v2\/media?parent=1421"}],"curies":[{"name":"wp","href":"https:\/\/api.w.org\/{rel}","templated":true}]}}