{"id":1398,"date":"2016-08-19T23:26:13","date_gmt":"2016-08-19T22:26:13","guid":{"rendered":"http:\/\/vernoux.info\/vivre-en-ardeche\/?page_id=1398"},"modified":"2016-08-20T00:12:13","modified_gmt":"2016-08-19T23:12:13","slug":"projet-de-maison-de-sante-vernoux","status":"publish","type":"page","link":"http:\/\/vernoux.info\/vivre-en-ardeche\/projet-de-maison-de-sante-vernoux\/","title":{"rendered":"Les projet de la commune de Vernoux"},"content":{"rendered":"<p style=\"text-align: justify;\"><script type=\"text\/javascript\">\/\/ <![CDATA[\nfunction AfficherCacher(texte) { var test = document.getElementById(texte).style.display; if (test == \"block\") { document.getElementById(texte).style.display = \"none\"; } else { document.getElementById(texte).style.display = \"block\"; } }\n\/\/ ]]><\/script><\/p>\n<div id=\"AideEnLigne\" style=\"display: none; text-align: justify;\">\n<h3>Le formulaire<\/h3>\n<p>&#8211; Quoi ? Saisissez un mot-cl\u00e9 comme festival, ap\u00e9ro, concert, h\u00e9bergement, restauration, etc pour trouver quoi faire<br \/>\n&#8211; Quand ? S\u00e9lectionner par les calendriers une p\u00e9riode de date<br \/>\n&#8211; O\u00f9 ? Saisissez une ville et le syst\u00e8me vous proposera des choix possibles<br \/>\nCliquez sur le <b>bouton Rechercher<\/b> pour afficher des r\u00e9sultats<\/p>\n<h3>Les r\u00e9sultats<\/h3>\n<p>Les <b>facettes<\/b> permettent de filtrer et de <b>r\u00e9duire<\/b> la liste des r\u00e9sultats<br \/>\nLa partie du milieu permet de <b>consulter la liste des \u00e9v\u00e9nements<\/b> et de les ajouter au panier<br \/>\nLa carte permet de <b>localiser<\/b> les \u00e9v\u00e9nements<br \/>\nLe panier permet d&rsquo;<b>exporter<\/b> votre s\u00e9lection (votre panier) ou votre recherche dans un fichier.<\/p>\n<\/div>\n<div id=\"wrapper-1456778010437-1874\" class=\"upfront-output-wrapper\" style=\"text-align: justify;\">\n<div id=\"module-1450276795526-1054\" class=\"upfront-output-module c12\">\n<div id=\"text-object-1450276795526-1373\" class=\"upfront-output-object upfront-output-plain_text c24 upfront-plain_txt\" data-preset_map=\"\" data-theme-styles=\"{&quot;default&quot;:false}\"><strong>LE CHANTIER DE VOTRE FUTURE MAISON DE SANTE ET DE SERVICES<\/strong><\/div>\n<\/div>\n<\/div>\n<div class=\"upfront-output-object upfront-output-plain_text c24 upfront-plain_txt\" data-preset_map=\"\" data-theme-styles=\"{&quot;default&quot;:false}\"><\/div>\n<div class=\"upfront-output-object upfront-output-plain_text c24 upfront-plain_txt\" data-preset_map=\"\" data-theme-styles=\"{&quot;default&quot;:false}\">\n<p class=\"\"><strong data-redactor-tag=\"strong\" data-verified=\"redactor\">Le projet en quelques chiffres<\/strong>:<a href=\"http:\/\/vernoux.info\/vivre-en-ardeche\/wp-content\/uploads\/2016\/08\/fb.jpg\"><img loading=\"lazy\" class=\"wp-image-1407 alignright\" src=\"http:\/\/vernoux.info\/vivre-en-ardeche\/wp-content\/uploads\/2016\/08\/fb.jpg\" alt=\"fb\" width=\"523\" height=\"345\" srcset=\"http:\/\/vernoux.info\/vivre-en-ardeche\/wp-content\/uploads\/2016\/08\/fb.jpg 2048w, http:\/\/vernoux.info\/vivre-en-ardeche\/wp-content\/uploads\/2016\/08\/fb-300x199.jpg 300w, http:\/\/vernoux.info\/vivre-en-ardeche\/wp-content\/uploads\/2016\/08\/fb-940x622.jpg 940w\" sizes=\"(max-width: 523px) 100vw, 523px\" \/><\/a><\/p>\n<ul class=\"\">\n<li>2 M\u20ac de d\u00e9penses<\/li>\n<li>50 % de subvention<\/li>\n<li>1000 \u00a0m<sup data-redactor-tag=\"sup\">2\u00a0<\/sup>de surface de plancher sur 2 niveaux<\/li>\n<\/ul>\n<p><strong data-redactor-tag=\"strong\" data-verified=\"redactor\">Vous trouverez dans cet espace:\u00a0<\/strong><\/p>\n<\/div>\n<div id=\"wrapper-1456778010441-1417\" class=\"upfront-output-wrapper\" style=\"text-align: justify;\">\n<div id=\"module-1455098288561-1925\" class=\"upfront-output-module c16\">\n<div id=\"text-object-1455098288561-1867\" class=\"upfront-output-object upfront-output-plain_text c24 upfront-plain_txt\" data-preset_map=\"\" data-theme-styles=\"{&quot;default&quot;:false}\">\n<p class=\"\">M\u00e9decins g\u00e9n\u00e9ralistes, infirmiers et infirmi\u00e8res, di\u00e9t\u00e9ticienne, kin\u00e9sith\u00e9rapeute, orthophonistes, ost\u00e9opathes, podologue. Mais aussi services de soins infirmiers \u00e0 domicile, ADMR, Association Nationale de Pr\u00e9vention en Alcoologie et Addictoogie, Centre M\u00e9dico Social 07, Centre \u00a0M\u00e9dico Psycho P\u00e9dagogique, CIAS, Maison de Service Au Public, m\u00e9diatrice familiale, psychologue, psychoth\u00e9rapeute, Relais d\u2019Assistantes Maternelles, th\u00e9rapeute familial\u2026<\/p>\n<\/div>\n<\/div>\n<\/div>\n<p style=\"text-align: justify;\">Pour suivre l\u2019<a href=\"http:\/\/www.maisondesanteetdeservices-ccpv.info\" target=\"_blank\">\u00e9volution des travaux<\/a> de la future Maison de Sant\u00e9 Pluri Professionnelle<\/p>\n<hr \/>\n<p style=\"text-align: justify;\"><strong><a href=\"http:\/\/vernoux.info\/vivre-en-ardeche\/wp-content\/uploads\/2016\/08\/panneau.png\"><img loading=\"lazy\" class=\"wp-image-1403 alignleft\" src=\"http:\/\/vernoux.info\/vivre-en-ardeche\/wp-content\/uploads\/2016\/08\/panneau.png\" alt=\"panneau\" width=\"244\" height=\"149\" srcset=\"http:\/\/vernoux.info\/vivre-en-ardeche\/wp-content\/uploads\/2016\/08\/panneau.png 1011w, http:\/\/vernoux.info\/vivre-en-ardeche\/wp-content\/uploads\/2016\/08\/panneau-300x183.png 300w, http:\/\/vernoux.info\/vivre-en-ardeche\/wp-content\/uploads\/2016\/08\/panneau-620x378.png 620w, http:\/\/vernoux.info\/vivre-en-ardeche\/wp-content\/uploads\/2016\/08\/panneau-768x468.png 768w, http:\/\/vernoux.info\/vivre-en-ardeche\/wp-content\/uploads\/2016\/08\/panneau-940x573.png 940w\" sizes=\"(max-width: 244px) 100vw, 244px\" \/><\/a>LES TRAVAUX PANNEAUX PHOTOVOLTA\u00cfQUES<\/strong><br \/>\nDans le cadre du projet <strong>Territoire \u00e0 Energie Positive<\/strong>, la Commune a fait installer par la soci\u00e9t\u00e9 <strong>Helioscop<\/strong>, en avril dernier pendant la p\u00e9riode de vacances scolaires, une <strong>centrale photovolta\u00efque<\/strong>. Ce sont donc 36 panneaux, d&rsquo;une puissance de 9KWc, qui sont implant\u00e9s sur le pan sud de la toiture de l&rsquo;\u00e9cole \u00e9l\u00e9mentaire publique. Le montant des travaux est de 21 600,00 euros HT. Un acc\u00e8s p\u00e9dagogique, sur les divers rendements de l&rsquo;installation, est mis \u00e0 la disposition de tous les \u00e9coliers au sein de l&rsquo;\u00e9cole via les ordinateurs.<\/p>\n<hr \/>\n<p style=\"text-align: justify;\"><strong>AGENDA DES PROCHAINS TRAVAUX<\/strong><br \/>\n&gt;<span style=\"text-decoration: underline;\"> JUIN \u2014 Jusqu&rsquo;\u00e0 la fin de l&rsquo;ann\u00e9e :<\/span><br \/>\nLe syndicat D\u00e9partemental des Energies de l&rsquo;Ard\u00e8che (50E07), entreprend diff\u00e9rents <strong>travaux de renforcement des r\u00e9seaux \u00e9lectriques<\/strong> sur la commune (de Montunaud jusqu&rsquo;\u00e0 La Tourette, les B\u00e9rauds, Chemin de Greygnac, et dans le centre de Vernoux).<\/p>\n<p style=\"text-align: justify;\"><span style=\"text-decoration: underline;\">JUILLET \u2014 AOUT :<\/span> <a href=\"http:\/\/vernoux.info\/vivre-en-ardeche\/wp-content\/uploads\/2016\/08\/ces.png\"><img loading=\"lazy\" class=\"wp-image-1402 alignright\" src=\"http:\/\/vernoux.info\/vivre-en-ardeche\/wp-content\/uploads\/2016\/08\/ces.png\" alt=\"ces\" width=\"256\" height=\"155\" srcset=\"http:\/\/vernoux.info\/vivre-en-ardeche\/wp-content\/uploads\/2016\/08\/ces.png 937w, http:\/\/vernoux.info\/vivre-en-ardeche\/wp-content\/uploads\/2016\/08\/ces-300x182.png 300w, http:\/\/vernoux.info\/vivre-en-ardeche\/wp-content\/uploads\/2016\/08\/ces-620x377.png 620w, http:\/\/vernoux.info\/vivre-en-ardeche\/wp-content\/uploads\/2016\/08\/ces-768x467.png 768w\" sizes=\"(max-width: 256px) 100vw, 256px\" \/><\/a><br \/>\nEn partenariat avec l&rsquo;Etat et le conseil d\u00e9partemental, la collectivit\u00e9\u00a0am\u00e9nagera l<strong>&lsquo;arr\u00eat des cars au niveau du coll\u00e8ge Pierre Delarbre<\/strong> pour permettre une s\u00e9curisation optimale de nos coll\u00e9giens et des usagers des transports en commun. Ces travaux vont entrainer une fermeture ponctuelle de l&rsquo;avenue Raymond Finiels durant cette p\u00e9riode. Cela va impliquer un d\u00e9placement temporaire du march\u00e9 estival au niveau de l&rsquo;avenue Vincent d&rsquo;Indy vers la rue des Ecoles. Des parkings temporaires seront organis\u00e9s le long de l&rsquo;avenue de Baschi.<\/p>\n<p style=\"text-align: justify;\"><span style=\"text-decoration: underline;\">SEPTEMBRE \u2014 OCTOBRE :<\/span><br \/>\nDans la continuit\u00e9 de la s\u00e9curisation de l&rsquo;arr\u00eat des cars du coll\u00e8ge, une <strong>voie douce va \u00eatre am\u00e9nag\u00e9e sur l&rsquo;avenue de Baschi<\/strong> am\u00e9liorant l&rsquo;harmonie <a href=\"http:\/\/vernoux.info\/vivre-en-ardeche\/wp-content\/uploads\/2016\/08\/pietons.png\"><img loading=\"lazy\" class=\"wp-image-1404 alignleft\" src=\"http:\/\/vernoux.info\/vivre-en-ardeche\/wp-content\/uploads\/2016\/08\/pietons.png\" alt=\"pietons\" width=\"236\" height=\"164\" srcset=\"http:\/\/vernoux.info\/vivre-en-ardeche\/wp-content\/uploads\/2016\/08\/pietons.png 965w, http:\/\/vernoux.info\/vivre-en-ardeche\/wp-content\/uploads\/2016\/08\/pietons-300x209.png 300w, http:\/\/vernoux.info\/vivre-en-ardeche\/wp-content\/uploads\/2016\/08\/pietons-620x432.png 620w, http:\/\/vernoux.info\/vivre-en-ardeche\/wp-content\/uploads\/2016\/08\/pietons-768x536.png 768w, http:\/\/vernoux.info\/vivre-en-ardeche\/wp-content\/uploads\/2016\/08\/pietons-940x656.png 940w\" sizes=\"(max-width: 236px) 100vw, 236px\" \/><\/a>entre les pi\u00e9tons, les cyclistes et les automobilistes en direction du Lac aux Ramiers. Durant ces travaux, une circulation provisoirement altern\u00e9e sera mise en place sur cet axe.<\/p>\n<p style=\"text-align: justify;\">&gt; SEPTEMBRE \u2014 DECEMBRE : Les <strong>diff\u00e9rents r\u00e9seaux (secs et humides) vont \u00eatre r\u00e9habilit\u00e9s au niveau de la place Pasteur<\/strong> en collaboration avec le syndicat intercommunal \u00e0 vocations multiples (SIVOM) et la Communaut\u00e9 de Communes du Pays de Vernoux. Une premi\u00e8re tranche sera conduite sur la rue Rosalie Combier et une deuxi\u00e8me suivra sur la rue des Ecotes et la place Pasteur. Nous sommes conscients que ces travaux am\u00e8neront quelques d\u00e9sagr\u00e9ments, nous vous remercions d&rsquo;ors et d\u00e9j\u00e0 pour votre compr\u00e9hension.<\/p>\n<p style=\"text-align: justify;\">&gt; <span style=\"text-decoration: underline;\">1er TRIMESTRE 2017 :<\/span> Dans le cadre de notre volont\u00e9 d&#8217;embellissement du centre bourg et afin d&rsquo;am\u00e9liorer la vie quotidienne de chacun (s\u00e9curisation, accessibilit\u00e9&#8230;) la <strong>place Pasteur va \u00eatre am\u00e9nag\u00e9e<\/strong>, \u00ab dossier \u00e0 l&rsquo;\u00e9tude en ce moment \u00bb. Lors des travaux, la circulation sera perturb\u00e9e. Nous vous tiendrons inform\u00e9s d\u00e8s que nous aurons des dates d\u00e9finitives.<\/p>\n","protected":false},"excerpt":{"rendered":"<p>Le formulaire &#8211; Quoi ? Saisissez un mot-cl\u00e9 comme festival, ap\u00e9ro, concert, h\u00e9bergement, restauration, etc pour trouver quoi faire &#8211; Quand ? S\u00e9lectionner par les calendriers une p\u00e9riode de date &#8211; O\u00f9 ? Saisissez une ville et le syst\u00e8me vous proposera des choix possibles Cliquez sur le bouton Rechercher pour [&#8230;]<\/p>\n","protected":false},"author":1,"featured_media":0,"parent":0,"menu_order":0,"comment_status":"closed","ping_status":"closed","template":"template-fullwidth.php","meta":{"kia_subtitle":"Les Projets 07240 Vernoux"},"_links":{"self":[{"href":"http:\/\/vernoux.info\/vivre-en-ardeche\/wp-json\/wp\/v2\/pages\/1398"}],"collection":[{"href":"http:\/\/vernoux.info\/vivre-en-ardeche\/wp-json\/wp\/v2\/pages"}],"about":[{"href":"http:\/\/vernoux.info\/vivre-en-ardeche\/wp-json\/wp\/v2\/types\/page"}],"author":[{"embeddable":true,"href":"http:\/\/vernoux.info\/vivre-en-ardeche\/wp-json\/wp\/v2\/users\/1"}],"replies":[{"embeddable":true,"href":"http:\/\/vernoux.info\/vivre-en-ardeche\/wp-json\/wp\/v2\/comments?post=1398"}],"version-history":[{"count":13,"href":"http:\/\/vernoux.info\/vivre-en-ardeche\/wp-json\/wp\/v2\/pages\/1398\/revisions"}],"predecessor-version":[{"id":1416,"href":"http:\/\/vernoux.info\/vivre-en-ardeche\/wp-json\/wp\/v2\/pages\/1398\/revisions\/1416"}],"wp:attachment":[{"href":"http:\/\/vernoux.info\/vivre-en-ardeche\/wp-json\/wp\/v2\/media?parent=1398"}],"curies":[{"name":"wp","href":"https:\/\/api.w.org\/{rel}","templated":true}]}}