{"id":1390,"date":"2016-08-19T23:14:58","date_gmt":"2016-08-19T22:14:58","guid":{"rendered":"http:\/\/vernoux.info\/vivre-en-ardeche\/?page_id=1390"},"modified":"2016-08-20T00:20:12","modified_gmt":"2016-08-19T23:20:12","slug":"communaute-de-communes","status":"publish","type":"page","link":"http:\/\/vernoux.info\/vivre-en-ardeche\/communaute-de-communes\/","title":{"rendered":"Communaut\u00e9 de communes"},"content":{"rendered":"<p><script type=\"text\/javascript\">\/\/ <![CDATA[\nfunction AfficherCacher(texte) { var test = document.getElementById(texte).style.display; if (test == \"block\") { document.getElementById(texte).style.display = \"none\"; } else { document.getElementById(texte).style.display = \"block\"; } }\n\/\/ ]]><\/script><\/p>\n<div id=\"AideEnLigne\" style=\"display: none;\">\n<h3>Le formulaire<\/h3>\n<p>&#8211; Quoi ? Saisissez un mot-cl\u00e9 comme festival, ap\u00e9ro, concert, h\u00e9bergement, restauration, etc pour trouver quoi faire<br \/>\n&#8211; Quand ? S\u00e9lectionner par les calendriers une p\u00e9riode de date<br \/>\n&#8211; O\u00f9 ? Saisissez une ville et le syst\u00e8me vous proposera des choix possibles<br \/>\nCliquez sur le <b>bouton Rechercher<\/b> pour afficher des r\u00e9sultats<\/p>\n<h3>Les r\u00e9sultats<\/h3>\n<p>Les <b>facettes<\/b> permettent de filtrer et de <b>r\u00e9duire<\/b> la liste des r\u00e9sultats<br \/>\nLa partie du milieu permet de <b>consulter la liste des \u00e9v\u00e9nements<\/b> et de les ajouter au panier<br \/>\nLa carte permet de <b>localiser<\/b> les \u00e9v\u00e9nements<br \/>\nLe panier permet d&rsquo;<b>exporter<\/b> votre s\u00e9lection (votre panier) ou votre recherche dans un fichier.<\/p>\n<\/div>\n<p>Nous sommes pour l&rsquo;instant toujours int\u00e9gr\u00e9 \u00e0 la communaut\u00e9 de communes du Pays de Vernoux. Il n&rsquo;y a pas de site internet pour le CCV mais il existe le programme culturel accessible par :<\/p>\n<p><a href=\"http:\/\/vernoux.info\/vivre-en-ardeche\/programme-culturel-salle-louis-nodon\/\">http:\/\/www.espace-culturel-nodon.fr\/<\/a><\/p>\n<p>https:\/\/www.facebook.com\/428300367282418\/photos\/pb.428300367282418.-2207520000.1457069663.\/839235666188884\/?type=3<\/p>\n<p>Mais bient\u00f4t, le canton du Pays de Vernoux sera rattach\u00e9 \u00e0 la\u00a0Communaut\u00e9 d&rsquo;Agglom\u00e9ration Privas Centre Ard\u00e8che (<a href=\"http:\/\/www.privas-centre-ardeche.fr\/\" target=\"_blank\">Capca<\/a>).<\/p>\n\n<!-- iframe plugin v.4.5 wordpress.org\/plugins\/iframe\/ -->\n<iframe src=\"http:\/\/www.privas-centre-ardeche.fr\/\" width=\"100%\" height=\"900\" scrolling=\"yes\" class=\"iframe-class\" frameborder=\"0\"><\/iframe>\n\n","protected":false},"excerpt":{"rendered":"<p>Le formulaire &#8211; Quoi ? Saisissez un mot-cl\u00e9 comme festival, ap\u00e9ro, concert, h\u00e9bergement, restauration, etc pour trouver quoi faire &#8211; Quand ? S\u00e9lectionner par les calendriers une p\u00e9riode de date &#8211; O\u00f9 ? Saisissez une ville et le syst\u00e8me vous proposera des choix possibles Cliquez sur le bouton Rechercher pour [&#8230;]<\/p>\n","protected":false},"author":1,"featured_media":0,"parent":0,"menu_order":0,"comment_status":"closed","ping_status":"closed","template":"template-fullwidth.php","meta":{"kia_subtitle":""},"_links":{"self":[{"href":"http:\/\/vernoux.info\/vivre-en-ardeche\/wp-json\/wp\/v2\/pages\/1390"}],"collection":[{"href":"http:\/\/vernoux.info\/vivre-en-ardeche\/wp-json\/wp\/v2\/pages"}],"about":[{"href":"http:\/\/vernoux.info\/vivre-en-ardeche\/wp-json\/wp\/v2\/types\/page"}],"author":[{"embeddable":true,"href":"http:\/\/vernoux.info\/vivre-en-ardeche\/wp-json\/wp\/v2\/users\/1"}],"replies":[{"embeddable":true,"href":"http:\/\/vernoux.info\/vivre-en-ardeche\/wp-json\/wp\/v2\/comments?post=1390"}],"version-history":[{"count":6,"href":"http:\/\/vernoux.info\/vivre-en-ardeche\/wp-json\/wp\/v2\/pages\/1390\/revisions"}],"predecessor-version":[{"id":1420,"href":"http:\/\/vernoux.info\/vivre-en-ardeche\/wp-json\/wp\/v2\/pages\/1390\/revisions\/1420"}],"wp:attachment":[{"href":"http:\/\/vernoux.info\/vivre-en-ardeche\/wp-json\/wp\/v2\/media?parent=1390"}],"curies":[{"name":"wp","href":"https:\/\/api.w.org\/{rel}","templated":true}]}}