{"id":1352,"date":"2016-08-16T09:38:17","date_gmt":"2016-08-16T08:38:17","guid":{"rendered":"http:\/\/vernoux.info\/vivre-en-ardeche\/?page_id=1352"},"modified":"2016-08-27T11:31:42","modified_gmt":"2016-08-27T10:31:42","slug":"1352-2","status":"publish","type":"page","link":"http:\/\/vernoux.info\/vivre-en-ardeche\/1352-2\/","title":{"rendered":"Zapping en vid\u00e9o"},"content":{"rendered":"<p>Bient\u00f4t une s\u00e9lection de vid\u00e9o<\/p>\n","protected":false},"excerpt":{"rendered":"<p>Bient\u00f4t une s\u00e9lection de vid\u00e9o<\/p>\n","protected":false},"author":1,"featured_media":0,"parent":0,"menu_order":0,"comment_status":"closed","ping_status":"closed","template":"template-fullwidth.php","meta":{"kia_subtitle":""},"_links":{"self":[{"href":"http:\/\/vernoux.info\/vivre-en-ardeche\/wp-json\/wp\/v2\/pages\/1352"}],"collection":[{"href":"http:\/\/vernoux.info\/vivre-en-ardeche\/wp-json\/wp\/v2\/pages"}],"about":[{"href":"http:\/\/vernoux.info\/vivre-en-ardeche\/wp-json\/wp\/v2\/types\/page"}],"author":[{"embeddable":true,"href":"http:\/\/vernoux.info\/vivre-en-ardeche\/wp-json\/wp\/v2\/users\/1"}],"replies":[{"embeddable":true,"href":"http:\/\/vernoux.info\/vivre-en-ardeche\/wp-json\/wp\/v2\/comments?post=1352"}],"version-history":[{"count":10,"href":"http:\/\/vernoux.info\/vivre-en-ardeche\/wp-json\/wp\/v2\/pages\/1352\/revisions"}],"predecessor-version":[{"id":1665,"href":"http:\/\/vernoux.info\/vivre-en-ardeche\/wp-json\/wp\/v2\/pages\/1352\/revisions\/1665"}],"wp:attachment":[{"href":"http:\/\/vernoux.info\/vivre-en-ardeche\/wp-json\/wp\/v2\/media?parent=1352"}],"curies":[{"name":"wp","href":"https:\/\/api.w.org\/{rel}","templated":true}]}}