{"id":1277,"date":"2016-08-15T21:27:50","date_gmt":"2016-08-15T20:27:50","guid":{"rendered":"http:\/\/vernoux.info\/vivre-en-ardeche\/?page_id=1277"},"modified":"2016-08-23T21:05:33","modified_gmt":"2016-08-23T20:05:33","slug":"les-numeros-utiles","status":"publish","type":"page","link":"http:\/\/vernoux.info\/vivre-en-ardeche\/les-numeros-utiles\/","title":{"rendered":"Les num\u00e9ros utiles"},"content":{"rendered":"<div id=\"pl-1277\"  class=\"panel-layout\" ><div id=\"pg-1277-0\"  class=\"panel-grid panel-no-style\" ><div id=\"pgc-1277-0-0\"  class=\"panel-grid-cell\" ><div id=\"panel-1277-0-0-0\" class=\"so-panel widget widget_sow-editor panel-first-child panel-last-child\" data-index=\"0\" ><div class=\"so-widget-sow-editor so-widget-sow-editor-base\">\n<div class=\"siteorigin-widget-tinymce textwidget\">\n\t<p><a id=\"haut\"><\/a><!-- On peut bien s\u00fbr choisir n'importe quel autre nom que \"haut\" --><\/p>\n<div class=\"entry-content\">\n<div class=\"super-rss-reader-widget\">\n<ul class=\"srr-tab-wrap srr-tab-style-grey srr-clearfix\">\n<li><a href=\"#urgence\">Num\u00e9ros d\u2019urgence<\/a><\/li>\n<li><a href=\"#sante\">Sant\u00e9<\/a><\/li>\n<li><a href=\"#enfance\">Enfance maltrait\u00e9e<\/a><\/li>\n<li><a href=\"#jeune\">Jeunes et adolescents<\/a><\/li>\n<li><a href=\"#femme\">Femmes victimes de violence<\/a><\/li>\n<li><a href=\"#age\">Personnes \u00e2g\u00e9es<\/a><\/li>\n<li><a href=\"#vie\">Vie quotidienne<\/a><\/li>\n<li><a href=\"#maladie\">Maladies et toxicomanie<\/a><\/li>\n<li><a href=\"#divers\">Num\u00e9ros divers<\/a><\/li>\n<\/ul>\n<p><img loading=\"lazy\" class=\"wp-image-1464 size-full aligncenter\" src=\"http:\/\/vernoux.info\/vivre-en-ardeche\/wp-content\/uploads\/2016\/08\/t\u00e9l\u00e9chargement.png\" alt=\"numero utile\" width=\"426\" height=\"118\" srcset=\"http:\/\/vernoux.info\/vivre-en-ardeche\/wp-content\/uploads\/2016\/08\/t\u00e9l\u00e9chargement.png 426w, http:\/\/vernoux.info\/vivre-en-ardeche\/wp-content\/uploads\/2016\/08\/t\u00e9l\u00e9chargement-300x83.png 300w\" sizes=\"(max-width: 426px) 100vw, 426px\" \/><\/p>\n<h2>Num\u00e9ros d'urgence<\/h2>\n<div id=\"urgence\"><strong>Police Secours : 17<\/strong><br \/> <strong>SAMU : 15<\/strong><br \/> <strong>Pompiers : 18<\/strong><br \/> <strong>Num\u00e9ro d\u2019urgence europ\u00e9en : 112<\/strong><br \/> <strong>Num\u00e9ro d'urgence national, par SMS ou Fax (personnes avec difficult\u00e9s \u00e0 entendre ou \u00e0 parler) : 114<\/strong><br \/> <strong>Enfants disparus : 116-000<\/strong><br \/> <strong>H\u00e9bergement d\u2019urgence : 115<\/strong><br \/> <strong>Urgence ERDF : 0-811-010-212<\/strong><br \/> <strong>Urgence GRDF : 0-800-246-102<\/strong><\/div>\n<div>\n<p>Urgences EDF : 0-810-33-33-21<br \/> Urgences GDF : 0-810-43-30-26<\/p>\n<p><strong>La Gendarmerie Nationale<\/strong><br \/> 1, avenue Mirabel Chambaud<br \/> 07240 VERNOUX EN VIVARAIS<br \/> T\u00e9l. : 04-75-58-11-55<br \/> Horaires d\u2019ouverture au public :<br \/> Du lundi au samedi : 8h \u00e0 12h &amp; 14h \u00e0 17h30<br \/> Dimanche &amp; Jours f\u00e9ri\u00e9s : 9h \u00e0 12h &amp; 15h \u00e0 17h30<\/p>\n<p><strong>Compagnie de Gendarmerie de Lamastre<\/strong><br \/> 3, avenue de Tournon<br \/> 07270 LAMASTRE<br \/> T\u00e9l. : 04-75-06-41-81<\/p>\n<\/div>\n<\/div>\n<div>\n<div id=\"sante\">\n<h2>Sant\u00e9<\/h2>\n<p><strong>CABINET M\u00c9DICAL du Docteur Fran\u00e7ois DETEIX<\/strong><br \/> 16 Place PASTEUR<br \/> 07240 VERNOUX EN VIVARAIS<br \/> T\u00e9l: 04-75-58-10-20<\/p>\n<p><strong>CABINET M\u00c9DICAL du Docteur B\u00e9n\u00e9dicte AUNAVE<\/strong><br \/> 10, Place Pasteur<br \/> 07240 VERNOUX EN VIVARAIS<br \/> T\u00e9l: 04-75-78-02-39<\/p>\n<p><strong>CABINET M\u00c9DICAL du Docteur Luc CL\u00c9MENTI<\/strong><br \/> 4 Rue des \u00c9coles<br \/> 07240 VERNOUX EN VIVARAIS<br \/> T\u00e9l: 04-75-58-17-47<\/p>\n<p><strong>Pharmacie<\/strong><br \/> 37 Rue Simon Vialet, 07240 Vernoux-en-Vivarais<br \/> T\u00e9l: 04-75-58-10-98<\/p>\n<p><strong>Centre hospitalier de Valence<\/strong><br \/> T\u00e9l: 04-75-75-75-75<\/p>\n<p><strong>Cabinet V\u00e9t\u00e9rinaire Bucaille Duret<\/strong><br \/> All\u00e9e de Prat, 07240 Vernoux-en-Vivarais<br \/> T\u00e9l: 04-76-47-66-66<\/p>\n<p><strong>Urgences Dentaires Dr\u00f4me<\/strong> : 04-75-40-82-82<br \/> <strong>Centre anti poison Grenoble<\/strong> : 04-76-42-42-42<\/p>\n<p><strong>Centre antipoison de l\u2019h\u00f4pital \u00c9douard Herriot (Lyon)<\/strong><br \/> T\u00e9l: 04-72-11-69-11<\/p>\n<p><strong>Centre des grands br\u00fbl\u00e9s Lyon<\/strong> : 04-72-11-75-98<\/p>\n<p><strong>Croix Rouge<\/strong> : 0-820-16-17-18 (0,12\u20ac\/minute)<\/p>\n<\/div>\n<p><a href=\"#haut\">haut de page<\/a><\/p>\n<div id=\"enfance\">\n<h2>Enfance maltrait\u00e9e<\/h2>\n<p><strong>Allo enfance en Danger<\/strong> : 119 (Appel gratuit depuis un poste fixe - 7j\/7 24h\/24)<\/p>\n<p><strong>L\u2019enfant bleu<\/strong> : 04-76-77-33-71<\/p>\n<p><strong>SOS Inceste pour revivre<\/strong> : 04-76-47-90-93<\/p>\n<p><strong>SOS enfants en d\u00e9tresse<\/strong> : 04-75-02-04-05<\/p>\n<\/div>\n<div id=\"jeune\">\n<h2>Jeunes et adolescents<\/h2>\n<p><strong>Fil Sant\u00e9 Jeunes<\/strong> : 0-800-23-52-36<\/p>\n<p><strong>SOS jeunes violent\u00e9s<\/strong> : 0-800-20-22-23<\/p>\n<p><strong>Associations Parents Enfants<\/strong> : 06-82-61-49-52<\/p>\n<p><strong>SOS Enfants Disparus<\/strong> : 0-810-012-014<\/p>\n<\/div>\n<div id=\"femme\">\n<h2>Femmes victimes de violence<\/h2>\n<p><strong>Violence Femme Infos<\/strong> : 39-19<\/p>\n<p><strong>SOS viols femmes<\/strong> : 0-800-05-95-95<\/p>\n<p><strong>PLANNING FAMILIAL 07<\/strong><br \/> 18, rue Henri Guironnet<br \/> 07100 ANNONAY<br \/> 04-75-34-82-69<br \/> leplanning07@gmail.com<\/p>\n<\/div>\n<div id=\"age\">\n<h2>Personnes \u00e2g\u00e9es<\/h2>\n<p><strong>Allo Maltraitance Personnes \u00e2g\u00e9es<\/strong> : 39 77<\/p>\n<p><strong>SOS D\u00e9c\u00e8s<\/strong> : 0-800-04-90-49 (Num\u00e9ro gratuit)<\/p>\n<p><strong>Maison du Handicap<\/strong> : 0-800-07-07-00 (Appel gratuit depuis un poste fixe)<\/p>\n<p><strong>EHPAD RESIDENCE DE BEAUREGARD<\/strong><br \/> 8 Rue de l'H\u00f4pital<br \/> T\u00e9l: 04-75-58-11-43<\/p>\n<\/div>\n<p><a href=\"#haut\">haut de page<\/a><\/p>\n<div id=\"vie\">\n<h2>Vie quotidienne<\/h2>\n<p><strong>Cartes bleues vol\u00e9es<\/strong> : 02-54-42-12-12<\/p>\n<\/div>\n<div id=\"maladie\">\n<h2>Maladies et toxicomanie<\/h2>\n<p><strong>Drogue Alcool Tabac Info-Service<\/strong> : 113<\/p>\n<p><strong>Drogues info service<\/strong> : 0-800-23-13-13 - (Appel gratuit depuis un poste fixe 7j\/7 de 8h \u00e0 2h) - Avec un portable, appeler le 01-70-23-13-13 au prix d\u2019une communication ordinaire.<\/p>\n<p><strong>Sida Info-Service<\/strong> : 0-800-840-800<\/p>\n<p><strong>Ecoute Cannabis<\/strong> : 0-811-91-20-20 (Co\u00fbt d\u2019une communication locale depuis un poste fixe 7j\/7 de 8h \u00e0 20h)<\/p>\n<p><strong>Sida info service<\/strong> : 0-800-840-800 (Appel gratuit \u00e0 partir d\u2019un poste fixe 7j\/7 24h\/24)<\/p>\n<p><strong>H\u00e9patite Info-Service<\/strong> : 0-800-845-800<\/p>\n<p><strong>Ecoute alcool<\/strong> : 0-811-91-30-30 (Co\u00fbt d\u2019une communication locale depuis un poste fixe 7j\/7 de14h \u00e0 2h)<\/p>\n<p><strong>Alcooliques anonymes<\/strong> :<br \/> 26, av. de l'Yser<br \/> Valence (26000)<br \/> T\u00e9l : 06-64-54-84-33<\/p>\n<p><strong>ASSISTANTE SOCIALE<\/strong><br \/> Mme POINT<br \/> Contact : 04-75-06-35-20<br \/> Centre M\u00e9dico Social - 10, rue Raymond Finiels.<br \/> SUR RENDEZ VOUS UNIQUEMENT<\/p>\n<\/div>\n<div id=\"divers\">\n<h2>Num\u00e9ros divers<\/h2>\n<p><strong>Aides et Informations aux Victimes<\/strong> : 04-76-46-27-37 ou 0-810-09-86-09<\/p>\n<p><strong>SOS Victimes<\/strong> : 0-884-28-46-37 (de 9H \u00e0 21H)<\/p>\n<p><strong>SOS Homophobie<\/strong> : 0-810-10-81-35<\/p>\n<p>Union Nationale de D\u00e9fense des Familles et de l\u2019Individu contre les mouvements Sectaires<br \/> <strong>UNADFI<\/strong> : 01 47 97 96 08<\/p>\n<p><strong>UDAF<\/strong> de l\u2019Ard\u00e8che : 04 75 64 67 11 - 24h\/24<\/p>\n<p><strong>Ambroisie Info et signalement d\u2019espaces envahis<\/strong> : 0-800-779-138 (Appel gratuit depuis un poste fixe)<\/p>\n<p><strong>SOS R\u00e9confort Valence<\/strong> : 04-75-42-41-65<\/p>\n<p><strong>SOS Amiti\u00e9<\/strong> : 0-820-06-60-66 Antenne \u00e0 Grenoble 04-76-87-22-22<\/p>\n<p><strong>MDPH 07 - <\/strong>P\u00f4le Astier Froment BP 606 07006 Privas - N\u00b0 Vert : 0-800-07-07-00<\/p>\n<\/div>\n<\/div>\n<p><a href=\"#haut\">haut de page<\/a><\/p>\n<\/div>\n<\/div>\n<\/div><\/div><\/div><div id=\"pgc-1277-0-1\"  class=\"panel-grid-cell\" ><div id=\"panel-1277-0-1-0\" class=\"so-panel widget widget_sow-image panel-first-child\" data-index=\"1\" ><div class=\"so-widget-sow-image so-widget-sow-image-default-72463164d13f\">\n\n<div class=\"sow-image-container\">\n\t<img src=\"http:\/\/vernoux.info\/vivre-en-ardeche\/wp-content\/uploads\/2016\/08\/numero-utile.jpg\" width=\"275\" height=\"183\" srcset=\"http:\/\/vernoux.info\/vivre-en-ardeche\/wp-content\/uploads\/2016\/08\/numero-utile.jpg 275w, http:\/\/vernoux.info\/vivre-en-ardeche\/wp-content\/uploads\/2016\/08\/numero-utile-272x182.jpg 272w\" sizes=\"(max-width: 275px) 100vw, 275px\" alt=\"\" \t\tclass=\"so-widget-image\"\/>\n<\/div>\n\n<\/div><\/div><div id=\"panel-1277-0-1-1\" class=\"so-panel widget widget_text panel-last-child\" data-index=\"2\" ><h3 class=\"widget-title\">LA MAIRIE<\/h3>\t\t\t<div class=\"textwidget\"><p><STRONG>HORAIRES D'OUVERTURE<\/STRONG><br\/>\nLundi, mardi, vendredi : <br\/>9h - 12h \/ 14h - 17h <br\/>\nMercredi, jeudi, samedi : <br\/>9h - 12h <br\/>\n<\/p><p>\n<STRONG>ADRESSE POSTALE<\/STRONG><br\/>\n2 Rue Raymond Finiels<br\/>\n07240 Vernoux-en-Vivarais\n<\/p><p>\n<STRONG>TELEPHONE<\/STRONG><br\/>\n04.75.58.11.90\n<\/p><p>\n<STRONG>EMAIL<\/STRONG><br\/>\nmairie[@]vernoux-en-vivarais.fr<\/p>\n<p>NB: Enlever les crochets au moment d'envoyer votre message<\/p>\n\n\n\n\n\n<\/div>\n\t\t<\/div><\/div><\/div><\/div>","protected":false},"excerpt":{"rendered":"<p>Num\u00e9ros d\u2019urgenceSant\u00e9Enfance maltrait\u00e9eJeunes et adolescentsFemmes victimes de violencePersonnes \u00e2g\u00e9esVie quotidienneMaladies et toxicomanieNum\u00e9ros diversNum\u00e9ros d&rsquo;urgencePolice Secours : 17 SAMU : 15 Pompiers : 18 Num\u00e9ro d\u2019urgence europ\u00e9en : 112 Num\u00e9ro d&rsquo;urgence national, par SMS ou Fax (personnes avec difficult\u00e9s \u00e0 entendre ou \u00e0 parler) : 114 Enfants disparus : 116-000 H\u00e9bergement [&#8230;]<\/p>\n","protected":false},"author":1,"featured_media":0,"parent":0,"menu_order":0,"comment_status":"closed","ping_status":"closed","template":"template-fullwidth.php","meta":{"kia_subtitle":"Les num\u00e9ros utiles"},"_links":{"self":[{"href":"http:\/\/vernoux.info\/vivre-en-ardeche\/wp-json\/wp\/v2\/pages\/1277"}],"collection":[{"href":"http:\/\/vernoux.info\/vivre-en-ardeche\/wp-json\/wp\/v2\/pages"}],"about":[{"href":"http:\/\/vernoux.info\/vivre-en-ardeche\/wp-json\/wp\/v2\/types\/page"}],"author":[{"embeddable":true,"href":"http:\/\/vernoux.info\/vivre-en-ardeche\/wp-json\/wp\/v2\/users\/1"}],"replies":[{"embeddable":true,"href":"http:\/\/vernoux.info\/vivre-en-ardeche\/wp-json\/wp\/v2\/comments?post=1277"}],"version-history":[{"count":20,"href":"http:\/\/vernoux.info\/vivre-en-ardeche\/wp-json\/wp\/v2\/pages\/1277\/revisions"}],"predecessor-version":[{"id":1605,"href":"http:\/\/vernoux.info\/vivre-en-ardeche\/wp-json\/wp\/v2\/pages\/1277\/revisions\/1605"}],"wp:attachment":[{"href":"http:\/\/vernoux.info\/vivre-en-ardeche\/wp-json\/wp\/v2\/media?parent=1277"}],"curies":[{"name":"wp","href":"https:\/\/api.w.org\/{rel}","templated":true}]}}