{"id":1253,"date":"2016-08-13T22:16:48","date_gmt":"2016-08-13T21:16:48","guid":{"rendered":"http:\/\/vernoux.info\/vivre-en-ardeche\/?page_id=1253"},"modified":"2016-08-13T22:16:48","modified_gmt":"2016-08-13T21:16:48","slug":"ardeche-fiche-wikipedia","status":"publish","type":"page","link":"http:\/\/vernoux.info\/vivre-en-ardeche\/ardeche-fiche-wikipedia\/","title":{"rendered":"Ard\u00e8che &#8211; fiche Wikip\u00e9dia"},"content":{"rendered":"\n<!-- iframe plugin v.4.5 wordpress.org\/plugins\/iframe\/ -->\n<iframe src=\"https:\/\/fr.wikipedia.org\/wiki\/Portail:Ard%C3%A8che\" width=\"100%\" height=\"4000\" scrolling=\"yes\" class=\"iframe-class\" frameborder=\"0\"><\/iframe>\n\n","protected":false},"excerpt":{"rendered":"","protected":false},"author":1,"featured_media":0,"parent":0,"menu_order":0,"comment_status":"closed","ping_status":"closed","template":"template-fullwidth.php","meta":{"kia_subtitle":"D\u00e9partement Ard\u00e8che  - fiche Wikip\u00e9dia"},"_links":{"self":[{"href":"http:\/\/vernoux.info\/vivre-en-ardeche\/wp-json\/wp\/v2\/pages\/1253"}],"collection":[{"href":"http:\/\/vernoux.info\/vivre-en-ardeche\/wp-json\/wp\/v2\/pages"}],"about":[{"href":"http:\/\/vernoux.info\/vivre-en-ardeche\/wp-json\/wp\/v2\/types\/page"}],"author":[{"embeddable":true,"href":"http:\/\/vernoux.info\/vivre-en-ardeche\/wp-json\/wp\/v2\/users\/1"}],"replies":[{"embeddable":true,"href":"http:\/\/vernoux.info\/vivre-en-ardeche\/wp-json\/wp\/v2\/comments?post=1253"}],"version-history":[{"count":1,"href":"http:\/\/vernoux.info\/vivre-en-ardeche\/wp-json\/wp\/v2\/pages\/1253\/revisions"}],"predecessor-version":[{"id":1254,"href":"http:\/\/vernoux.info\/vivre-en-ardeche\/wp-json\/wp\/v2\/pages\/1253\/revisions\/1254"}],"wp:attachment":[{"href":"http:\/\/vernoux.info\/vivre-en-ardeche\/wp-json\/wp\/v2\/media?parent=1253"}],"curies":[{"name":"wp","href":"https:\/\/api.w.org\/{rel}","templated":true}]}}