{"id":1143,"date":"2016-08-12T21:43:49","date_gmt":"2016-08-12T20:43:49","guid":{"rendered":"http:\/\/vernoux.info\/vivre-en-ardeche\/?page_id=1143"},"modified":"2016-08-20T16:21:20","modified_gmt":"2016-08-20T15:21:20","slug":"actualites","status":"publish","type":"page","link":"http:\/\/vernoux.info\/vivre-en-ardeche\/actualites\/","title":{"rendered":"Actualit\u00e9s"},"content":{"rendered":"<div id=\"pl-1143\"  class=\"panel-layout\" ><div id=\"pg-1143-0\"  class=\"panel-grid panel-no-style\" ><div id=\"pgc-1143-0-0\"  class=\"panel-grid-cell\" ><div id=\"panel-1143-0-0-0\" class=\"so-panel widget widget_sow-image panel-first-child\" data-index=\"0\" ><div class=\"so-widget-sow-image so-widget-sow-image-default-d6014b76747a\">\n\n<div class=\"sow-image-container\">\n\t<img src=\"http:\/\/vernoux.info\/vivre-en-ardeche\/wp-content\/uploads\/2016\/08\/news.jpg\" width=\"256\" height=\"197\" sizes=\"(max-width: 256px) 100vw, 256px\" alt=\"\" \t\tclass=\"so-widget-image\"\/>\n<\/div>\n\n<\/div><\/div><div id=\"panel-1143-0-0-1\" class=\"so-panel widget widget_categories\" data-index=\"1\" ><h3 class=\"widget-title\">Cat\u00e9gories<\/h3>\n\t\t\t<ul>\n\t\t\t\t\t<li class=\"cat-item cat-item-106\"><a href=\"http:\/\/vernoux.info\/vivre-en-ardeche\/category\/association\/\">Association<\/a>\n<\/li>\n\t<li class=\"cat-item cat-item-145\"><a href=\"http:\/\/vernoux.info\/vivre-en-ardeche\/category\/astuce\/\">Astuce<\/a>\n<\/li>\n\t<li class=\"cat-item cat-item-1\"><a href=\"http:\/\/vernoux.info\/vivre-en-ardeche\/category\/basic\/\">Basic<\/a>\n<\/li>\n\t<li class=\"cat-item cat-item-4\"><a href=\"http:\/\/vernoux.info\/vivre-en-ardeche\/category\/bulletin\/\">Bulletin municipal<\/a>\n<\/li>\n\t<li class=\"cat-item cat-item-92\"><a href=\"http:\/\/vernoux.info\/vivre-en-ardeche\/category\/concert\/\">Concert<\/a>\n<\/li>\n\t<li class=\"cat-item cat-item-10\"><a href=\"http:\/\/vernoux.info\/vivre-en-ardeche\/category\/culture\/\">Culture<\/a>\n<\/li>\n\t<li class=\"cat-item cat-item-93\"><a href=\"http:\/\/vernoux.info\/vivre-en-ardeche\/category\/culturelle\/\">Culturelle<\/a>\n<\/li>\n\t<li class=\"cat-item cat-item-87\"><a href=\"http:\/\/vernoux.info\/vivre-en-ardeche\/category\/debat-de-societe\/\">D\u00e9bat de soci\u00e9t\u00e9<\/a>\n<\/li>\n\t<li class=\"cat-item cat-item-119\"><a href=\"http:\/\/vernoux.info\/vivre-en-ardeche\/category\/ecole\/\">Ecole<\/a>\n<\/li>\n\t<li class=\"cat-item cat-item-12\"><a href=\"http:\/\/vernoux.info\/vivre-en-ardeche\/category\/economie\/\" title=\"Actualit\u00e9 sur le vie \u00e9conomique du bassin vernousain\">Economie<\/a>\n<\/li>\n\t<li class=\"cat-item cat-item-7\"><a href=\"http:\/\/vernoux.info\/vivre-en-ardeche\/category\/environnement\/\">Environnement<\/a>\n<\/li>\n\t<li class=\"cat-item cat-item-86\"><a href=\"http:\/\/vernoux.info\/vivre-en-ardeche\/category\/informatique\/\">Informatique<\/a>\n<\/li>\n\t<li class=\"cat-item cat-item-67\"><a href=\"http:\/\/vernoux.info\/vivre-en-ardeche\/category\/je-rale-et-alors\/\">Je r\u00e2le et alors !<\/a>\n<\/li>\n\t<li class=\"cat-item cat-item-8\"><a href=\"http:\/\/vernoux.info\/vivre-en-ardeche\/category\/jeunesse\/\">Jeunesse<\/a>\n<\/li>\n\t<li class=\"cat-item cat-item-69\"><a href=\"http:\/\/vernoux.info\/vivre-en-ardeche\/category\/loisir\/\">Loisir<\/a>\n<\/li>\n\t<li class=\"cat-item cat-item-66\"><a href=\"http:\/\/vernoux.info\/vivre-en-ardeche\/category\/mairie\/\">Mairie<\/a>\n<\/li>\n\t<li class=\"cat-item cat-item-94\"><a href=\"http:\/\/vernoux.info\/vivre-en-ardeche\/category\/manifestation-commerciale\/\">Manifestation commerciale<\/a>\n<\/li>\n\t<li class=\"cat-item cat-item-11\"><a href=\"http:\/\/vernoux.info\/vivre-en-ardeche\/category\/public\/\" title=\"\r\n    Conciliateur de justice\r\n    Action sociale\r\n    Sant\u00e9\r\n    S\u00e9curit\u00e9\r\n    Formation pour adultes\r\n    Banques\r\n    Services publics et autres services\r\n    M\u00e9dias\r\n\">Service public<\/a>\n<\/li>\n\t<li class=\"cat-item cat-item-91\"><a href=\"http:\/\/vernoux.info\/vivre-en-ardeche\/category\/spectacle\/\">Spectacle<\/a>\n<\/li>\n\t<li class=\"cat-item cat-item-9\"><a href=\"http:\/\/vernoux.info\/vivre-en-ardeche\/category\/sport\/\" title=\"Actualit\u00e9 sur les activit\u00e9s sportives sur Vernoux\">Sport<\/a>\n<\/li>\n\t<li class=\"cat-item cat-item-13\"><a href=\"http:\/\/vernoux.info\/vivre-en-ardeche\/category\/tourisme\/\" title=\"Ev\u00e9nement touristique sur Vernoux et autour de Vernoux\">Tourisme<\/a>\n<\/li>\n\t<li class=\"cat-item cat-item-121\"><a href=\"http:\/\/vernoux.info\/vivre-en-ardeche\/category\/video\/\">Video<\/a>\n<\/li>\n\t\t\t<\/ul>\n\n\t\t\t<\/div><div id=\"panel-1143-0-0-2\" class=\"so-panel widget widget_tag_cloud\" data-index=\"2\" ><h3 class=\"widget-title\">\u00c9tiquettes<\/h3><div class=\"tagcloud\"><a href=\"http:\/\/vernoux.info\/vivre-en-ardeche\/tag\/astuce\/\" class=\"tag-cloud-link tag-link-102 tag-link-position-1\" style=\"font-size: 22pt;\" aria-label=\"Astuce (4 \u00e9l\u00e9ments)\">Astuce<\/a>\n<a href=\"http:\/\/vernoux.info\/vivre-en-ardeche\/tag\/astuce-du-jour\/\" class=\"tag-cloud-link tag-link-110 tag-link-position-2\" style=\"font-size: 8pt;\" aria-label=\"Astuce du jour (1 \u00e9l\u00e9ment)\">Astuce du jour<\/a>\n<a href=\"http:\/\/vernoux.info\/vivre-en-ardeche\/tag\/burkini\/\" class=\"tag-cloud-link tag-link-76 tag-link-position-3\" style=\"font-size: 8pt;\" aria-label=\"burkini (1 \u00e9l\u00e9ment)\">burkini<\/a>\n<a href=\"http:\/\/vernoux.info\/vivre-en-ardeche\/tag\/cinema\/\" class=\"tag-cloud-link tag-link-70 tag-link-position-4\" style=\"font-size: 8pt;\" aria-label=\"Cin\u00e9ma (1 \u00e9l\u00e9ment)\">Cin\u00e9ma<\/a>\n<a href=\"http:\/\/vernoux.info\/vivre-en-ardeche\/tag\/cloud\/\" class=\"tag-cloud-link tag-link-101 tag-link-position-5\" style=\"font-size: 8pt;\" aria-label=\"Cloud (1 \u00e9l\u00e9ment)\">Cloud<\/a>\n<a href=\"http:\/\/vernoux.info\/vivre-en-ardeche\/tag\/coeur\/\" class=\"tag-cloud-link tag-link-124 tag-link-position-6\" style=\"font-size: 8pt;\" aria-label=\"Coeur (1 \u00e9l\u00e9ment)\">Coeur<\/a>\n<a href=\"http:\/\/vernoux.info\/vivre-en-ardeche\/tag\/dossier\/\" class=\"tag-cloud-link tag-link-133 tag-link-position-7\" style=\"font-size: 22pt;\" aria-label=\"Dossier (4 \u00e9l\u00e9ments)\">Dossier<\/a>\n<a href=\"http:\/\/vernoux.info\/vivre-en-ardeche\/tag\/fete\/\" class=\"tag-cloud-link tag-link-144 tag-link-position-8\" style=\"font-size: 8pt;\" aria-label=\"fete (1 \u00e9l\u00e9ment)\">fete<\/a>\n<a href=\"http:\/\/vernoux.info\/vivre-en-ardeche\/tag\/guide\/\" class=\"tag-cloud-link tag-link-108 tag-link-position-9\" style=\"font-size: 8pt;\" aria-label=\"guide (1 \u00e9l\u00e9ment)\">guide<\/a>\n<a href=\"http:\/\/vernoux.info\/vivre-en-ardeche\/tag\/islam\/\" class=\"tag-cloud-link tag-link-75 tag-link-position-10\" style=\"font-size: 8pt;\" aria-label=\"Islam (1 \u00e9l\u00e9ment)\">Islam<\/a>\n<a href=\"http:\/\/vernoux.info\/vivre-en-ardeche\/tag\/jeu\/\" class=\"tag-cloud-link tag-link-122 tag-link-position-11\" style=\"font-size: 8pt;\" aria-label=\"Jeu (1 \u00e9l\u00e9ment)\">Jeu<\/a>\n<a href=\"http:\/\/vernoux.info\/vivre-en-ardeche\/tag\/marche-du-terroir\/\" class=\"tag-cloud-link tag-link-134 tag-link-position-12\" style=\"font-size: 8pt;\" aria-label=\"march\u00e9 du terroir (1 \u00e9l\u00e9ment)\">march\u00e9 du terroir<\/a>\n<a href=\"http:\/\/vernoux.info\/vivre-en-ardeche\/tag\/marche\/\" class=\"tag-cloud-link tag-link-18 tag-link-position-13\" style=\"font-size: 8pt;\" aria-label=\"March\u00e9 public (1 \u00e9l\u00e9ment)\">March\u00e9 public<\/a>\n<a href=\"http:\/\/vernoux.info\/vivre-en-ardeche\/tag\/memo\/\" class=\"tag-cloud-link tag-link-135 tag-link-position-14\" style=\"font-size: 8pt;\" aria-label=\"m\u00e9mo (1 \u00e9l\u00e9ment)\">m\u00e9mo<\/a>\n<a href=\"http:\/\/vernoux.info\/vivre-en-ardeche\/tag\/polemique\/\" class=\"tag-cloud-link tag-link-72 tag-link-position-15\" style=\"font-size: 8pt;\" aria-label=\"Pol\u00e9mique (1 \u00e9l\u00e9ment)\">Pol\u00e9mique<\/a>\n<a href=\"http:\/\/vernoux.info\/vivre-en-ardeche\/tag\/replay\/\" class=\"tag-cloud-link tag-link-129 tag-link-position-16\" style=\"font-size: 8pt;\" aria-label=\"replay (1 \u00e9l\u00e9ment)\">replay<\/a>\n<a href=\"http:\/\/vernoux.info\/vivre-en-ardeche\/tag\/sortir\/\" class=\"tag-cloud-link tag-link-71 tag-link-position-17\" style=\"font-size: 8pt;\" aria-label=\"Sortir (1 \u00e9l\u00e9ment)\">Sortir<\/a>\n<a href=\"http:\/\/vernoux.info\/vivre-en-ardeche\/tag\/television\/\" class=\"tag-cloud-link tag-link-130 tag-link-position-18\" style=\"font-size: 8pt;\" aria-label=\"t\u00e9l\u00e9vision (1 \u00e9l\u00e9ment)\">t\u00e9l\u00e9vision<\/a>\n<a href=\"http:\/\/vernoux.info\/vivre-en-ardeche\/tag\/vtt\/\" class=\"tag-cloud-link tag-link-123 tag-link-position-19\" style=\"font-size: 8pt;\" aria-label=\"VTT (1 \u00e9l\u00e9ment)\">VTT<\/a><\/div>\n<\/div><div id=\"panel-1143-0-0-3\" class=\"so-panel widget widget_archives widget_archive panel-last-child\" data-index=\"3\" ><h3 class=\"widget-title\">Archives<\/h3>\n\t\t\t<ul>\n\t\t\t\t\t<li><a href='http:\/\/vernoux.info\/vivre-en-ardeche\/2018\/11\/'>novembre 2018<\/a><\/li>\n\t<li><a href='http:\/\/vernoux.info\/vivre-en-ardeche\/2018\/10\/'>octobre 2018<\/a><\/li>\n\t<li><a href='http:\/\/vernoux.info\/vivre-en-ardeche\/2018\/03\/'>mars 2018<\/a><\/li>\n\t<li><a href='http:\/\/vernoux.info\/vivre-en-ardeche\/2018\/01\/'>janvier 2018<\/a><\/li>\n\t<li><a href='http:\/\/vernoux.info\/vivre-en-ardeche\/2017\/12\/'>d\u00e9cembre 2017<\/a><\/li>\n\t<li><a href='http:\/\/vernoux.info\/vivre-en-ardeche\/2017\/08\/'>ao\u00fbt 2017<\/a><\/li>\n\t<li><a href='http:\/\/vernoux.info\/vivre-en-ardeche\/2016\/09\/'>septembre 2016<\/a><\/li>\n\t<li><a href='http:\/\/vernoux.info\/vivre-en-ardeche\/2016\/08\/'>ao\u00fbt 2016<\/a><\/li>\n\t\t\t<\/ul>\n\n\t\t\t<\/div><\/div><div id=\"pgc-1143-0-1\"  class=\"panel-grid-cell\" ><div id=\"panel-1143-0-1-0\" class=\"so-panel widget widget_sow-editor panel-first-child panel-last-child\" data-index=\"4\" ><div class=\"so-widget-sow-editor so-widget-sow-editor-base\">\n<div class=\"siteorigin-widget-tinymce textwidget\">\n\t<div class=\"pt-cv-wrapper\">\n<div class=\"pt-cv-view pt-cv-grid pt-cv-colsys\" id=\"pt-cv-view-6669b84c99\">\n<div data-id=\"pt-cv-page-1\" class=\"pt-cv-page\" data-cvc=\"1\">\n<div class=\"col-md-12 col-sm-12 col-xs-12 pt-cv-content-item pt-cv-1-col\" >\n<div class='pt-cv-ifield'><a href=\"http:\/\/vernoux.info\/vivre-en-ardeche\/prix-carburants-stations-cheres-pres-de-chez\/\" class=\"_self pt-cv-href-thumbnail pt-cv-thumb-default\" target=\"_self\" ><img width=\"854\" height=\"567\" src=\"http:\/\/vernoux.info\/vivre-en-ardeche\/wp-content\/uploads\/2018\/11\/AdobeStock_128104212-854x567-854x567.jpg\" class=\"pt-cv-thumbnail\" alt=\"trouver le bon prix d&#039;un carburant\" loading=\"lazy\" srcset=\"http:\/\/vernoux.info\/vivre-en-ardeche\/wp-content\/uploads\/2018\/11\/AdobeStock_128104212-854x567-854x567.jpg 854w, http:\/\/vernoux.info\/vivre-en-ardeche\/wp-content\/uploads\/2018\/11\/AdobeStock_128104212-854x567-854x567-300x199.jpg 300w, http:\/\/vernoux.info\/vivre-en-ardeche\/wp-content\/uploads\/2018\/11\/AdobeStock_128104212-854x567-854x567-620x412.jpg 620w, http:\/\/vernoux.info\/vivre-en-ardeche\/wp-content\/uploads\/2018\/11\/AdobeStock_128104212-854x567-854x567-768x510.jpg 768w, http:\/\/vernoux.info\/vivre-en-ardeche\/wp-content\/uploads\/2018\/11\/AdobeStock_128104212-854x567-854x567-272x182.jpg 272w\" sizes=\"(max-width: 854px) 100vw, 854px\" \/><\/a><\/p>\n<h4 class=\"pt-cv-title\"><a href=\"http:\/\/vernoux.info\/vivre-en-ardeche\/prix-carburants-stations-cheres-pres-de-chez\/\" class=\"_self\" target=\"_self\" >Prix des carburants : les stations les moins ch\u00e8res pr\u00e8s de chez vous<\/a><\/h4>\n<div class=\"pt-cv-content\">Le Dauphin\u00e9 Lib\u00e9r\u00e9 a mis en place\u00a0 une carte des prix des carburants :<br \/> <a href=\"http:\/\/www2.ledauphine.com\/Stockage_Kolenc\/Data\/stationsEssence\/carteCarburants.htm\">http:\/\/www2.ledauphine.com\/Stockage_Kolenc\/Data\/stationsEssence\/carteCarburants.htm<\/a> Cela peut donc \u00eatre une bonne fa\u00e7on de trouver la station pour payer moins cher. Merci le DL Lire l\u2019article du journal ci-dessous : <a href=\"http:\/\/vernoux.info\/vivre-en-ardeche\/wp-content\/uploads\/2018\/11\/title-1539772571.jpg\"><\/a> Votre station pr\u00e9f\u00e9r\u00e9e fait-elle payer le diesel plus cher que le super ? D\u2019ailleurs, o\u00f9 trouver le meilleur prix au ...<br \/><a href=\"http:\/\/vernoux.info\/vivre-en-ardeche\/prix-carburants-stations-cheres-pres-de-chez\/\" class=\"_self pt-cv-readmore btn btn-success\" target=\"_self\">Lire La Suite<\/a><\/div>\n<div class=\"pt-cv-meta-fields\"><span class=\"entry-date\"> <time datetime=\"2018-11-13T09:40:12+01:00\">13 novembre 2018<\/time><\/span> \/ <span class=\"terms\"> <a href='http:\/\/vernoux.info\/vivre-en-ardeche\/category\/astuce\/' title='Astuce' class='pt-cv-tax-astuce'>Astuce<\/a><\/span><\/div>\n<\/div>\n<\/div>\n<div class=\"col-md-12 col-sm-12 col-xs-12 pt-cv-content-item pt-cv-1-col\" >\n<div class='pt-cv-ifield'><a href=\"http:\/\/vernoux.info\/vivre-en-ardeche\/vernoux-in-rock\/\" class=\"_self pt-cv-href-thumbnail pt-cv-thumb-default\" target=\"_self\" ><img width=\"353\" height=\"500\" src=\"http:\/\/vernoux.info\/vivre-en-ardeche\/wp-content\/uploads\/2018\/10\/vernouxinrock.jpg\" class=\"pt-cv-thumbnail\" alt=\"\" loading=\"lazy\" srcset=\"http:\/\/vernoux.info\/vivre-en-ardeche\/wp-content\/uploads\/2018\/10\/vernouxinrock.jpg 353w, http:\/\/vernoux.info\/vivre-en-ardeche\/wp-content\/uploads\/2018\/10\/vernouxinrock-300x425.jpg 300w\" sizes=\"(max-width: 353px) 100vw, 353px\" \/><\/a><\/p>\n<h4 class=\"pt-cv-title\"><a href=\"http:\/\/vernoux.info\/vivre-en-ardeche\/vernoux-in-rock\/\" class=\"_self\" target=\"_self\" >Vernoux in Rock<\/a><\/h4>\n<div class=\"pt-cv-content\">Une soir\u00e9e pour les amateurs de bon gros rock ! Sur sc\u00e8ne : le trio \u00ab\u00a0Sulphat&rsquo;Ketamine\u00a0\u00bb (trio furieusement \u00e9lectrique) puis le groupe \u00ab\u00a0Sed Lex\u00a0\u00bb (reprises subtiles du groupe \u00ab\u00a0Deep Purple\u00a0\u00bb et compositions personnelles). Buvette et restauration sur place. L&rsquo;association K&rsquo;on voit exceptionnel vous propulse dans le bon vieux temps des guitares satur\u00e9es, des claviers psych\u00e9d\u00e9liques, des basses brumeuses, des batteries ...<br \/><a href=\"http:\/\/vernoux.info\/vivre-en-ardeche\/vernoux-in-rock\/\" class=\"_self pt-cv-readmore btn btn-success\" target=\"_self\">Lire La Suite<\/a><\/div>\n<div class=\"pt-cv-meta-fields\"><span class=\"entry-date\"> <time datetime=\"2018-10-13T22:28:34+01:00\">13 octobre 2018<\/time><\/span> \/ <span class=\"terms\"> <a href='http:\/\/vernoux.info\/vivre-en-ardeche\/category\/association\/' title='Association' class='pt-cv-tax-association'>Association<\/a>, <a href='http:\/\/vernoux.info\/vivre-en-ardeche\/category\/concert\/' title='Concert' class='pt-cv-tax-concert'>Concert<\/a>, <a href='http:\/\/vernoux.info\/vivre-en-ardeche\/category\/spectacle\/' title='Spectacle' class='pt-cv-tax-spectacle'>Spectacle<\/a><\/span><\/div>\n<\/div>\n<\/div>\n<div class=\"col-md-12 col-sm-12 col-xs-12 pt-cv-content-item pt-cv-1-col\" >\n<div class='pt-cv-ifield'><a href=\"http:\/\/vernoux.info\/vivre-en-ardeche\/modification-simplifiee-n4-p-l-u\/\" class=\"_self pt-cv-href-thumbnail pt-cv-thumb-default\" target=\"_self\" ><img width=\"860\" height=\"1216\" src=\"http:\/\/vernoux.info\/vivre-en-ardeche\/wp-content\/uploads\/2018\/03\/Avis_au_public-940x1329.jpg\" class=\"pt-cv-thumbnail\" alt=\"modification simplifi\u00e9e n\u00b04 du P.L.U.\" loading=\"lazy\" srcset=\"http:\/\/vernoux.info\/vivre-en-ardeche\/wp-content\/uploads\/2018\/03\/Avis_au_public-940x1329.jpg 940w, http:\/\/vernoux.info\/vivre-en-ardeche\/wp-content\/uploads\/2018\/03\/Avis_au_public-300x424.jpg 300w, http:\/\/vernoux.info\/vivre-en-ardeche\/wp-content\/uploads\/2018\/03\/Avis_au_public-620x877.jpg 620w, http:\/\/vernoux.info\/vivre-en-ardeche\/wp-content\/uploads\/2018\/03\/Avis_au_public-768x1086.jpg 768w\" sizes=\"(max-width: 860px) 100vw, 860px\" \/><\/a><\/p>\n<h4 class=\"pt-cv-title\"><a href=\"http:\/\/vernoux.info\/vivre-en-ardeche\/modification-simplifiee-n4-p-l-u\/\" class=\"_self\" target=\"_self\" >Modification simplifi\u00e9e n\u00b04 du P.L.U.<\/a><\/h4>\n<div class=\"pt-cv-content\"><a href=\"http:\/\/vernoux.info\/vivre-en-ardeche\/wp-content\/uploads\/2018\/03\/Avis_au_public.jpg\"><\/a>modification simplifi\u00e9e n\u00b04 du P.L.U ...<br \/><a href=\"http:\/\/vernoux.info\/vivre-en-ardeche\/modification-simplifiee-n4-p-l-u\/\" class=\"_self pt-cv-readmore btn btn-success\" target=\"_self\">Lire La Suite<\/a><\/div>\n<div class=\"pt-cv-meta-fields\"><span class=\"entry-date\"> <time datetime=\"2018-03-01T16:03:38+01:00\">1 mars 2018<\/time><\/span> \/ <span class=\"terms\"> <a href='http:\/\/vernoux.info\/vivre-en-ardeche\/category\/mairie\/' title='Mairie' class='pt-cv-tax-mairie'>Mairie<\/a>, <a href='http:\/\/vernoux.info\/vivre-en-ardeche\/category\/public\/' title='Service public' class='pt-cv-tax-public'>Service public<\/a><\/span><\/div>\n<\/div>\n<\/div>\n<div class=\"col-md-12 col-sm-12 col-xs-12 pt-cv-content-item pt-cv-1-col\" >\n<div class='pt-cv-ifield'><a href=\"http:\/\/vernoux.info\/vivre-en-ardeche\/jardins-partages-pti-lopin\/\" class=\"_self pt-cv-href-thumbnail pt-cv-thumb-default\" target=\"_self\" ><img width=\"860\" height=\"1216\" src=\"http:\/\/vernoux.info\/vivre-en-ardeche\/wp-content\/uploads\/2018\/03\/20180216120959_00001-940x1329.jpg\" class=\"pt-cv-thumbnail\" alt=\"Jardins partag\u00e9s\" loading=\"lazy\" srcset=\"http:\/\/vernoux.info\/vivre-en-ardeche\/wp-content\/uploads\/2018\/03\/20180216120959_00001-940x1329.jpg 940w, http:\/\/vernoux.info\/vivre-en-ardeche\/wp-content\/uploads\/2018\/03\/20180216120959_00001-300x424.jpg 300w, http:\/\/vernoux.info\/vivre-en-ardeche\/wp-content\/uploads\/2018\/03\/20180216120959_00001-620x877.jpg 620w, http:\/\/vernoux.info\/vivre-en-ardeche\/wp-content\/uploads\/2018\/03\/20180216120959_00001-768x1086.jpg 768w\" sizes=\"(max-width: 860px) 100vw, 860px\" \/><\/a><\/p>\n<h4 class=\"pt-cv-title\"><a href=\"http:\/\/vernoux.info\/vivre-en-ardeche\/jardins-partages-pti-lopin\/\" class=\"_self\" target=\"_self\" >Jardins partag\u00e9s Au p\u2019ti lopin<\/a><\/h4>\n<div class=\"pt-cv-content\">Tous les mardis de 16h \u00e0 18h au jardin. A partir du 6 mars 2018, rendez-vous au jardin \u00e0 c\u00f4t\u00e9 de la place Beauregard pour cultiver une parcelle individuelle mais aussi participer \u00e0 la parcelle collective. Renseignements\u00a0: Fabienne\u00a0: 06 40 98 48 99 <a href=\"http:\/\/vernoux.info\/vivre-en-ardeche\/wp-content\/uploads\/2018\/03\/20180216120959_00001.jpg\"><\/a>Au p\u2019ti lopin ...<br \/><a href=\"http:\/\/vernoux.info\/vivre-en-ardeche\/jardins-partages-pti-lopin\/\" class=\"_self pt-cv-readmore btn btn-success\" target=\"_self\">Lire La Suite<\/a><\/div>\n<div class=\"pt-cv-meta-fields\"><span class=\"entry-date\"> <time datetime=\"2018-03-01T15:57:40+01:00\">1 mars 2018<\/time><\/span> \/ <span class=\"terms\"> <a href='http:\/\/vernoux.info\/vivre-en-ardeche\/category\/association\/' title='Association' class='pt-cv-tax-association'>Association<\/a>, <a href='http:\/\/vernoux.info\/vivre-en-ardeche\/category\/loisir\/' title='Loisir' class='pt-cv-tax-loisir'>Loisir<\/a><\/span><\/div>\n<\/div>\n<\/div>\n<div class=\"col-md-12 col-sm-12 col-xs-12 pt-cv-content-item pt-cv-1-col\" >\n<div class='pt-cv-ifield'><a href=\"http:\/\/vernoux.info\/vivre-en-ardeche\/https-www-cybermalveillance-gouv-fr\/\" class=\"_self pt-cv-href-thumbnail pt-cv-thumb-default\" target=\"_self\" ><img width=\"593\" height=\"463\" src=\"http:\/\/vernoux.info\/vivre-en-ardeche\/wp-content\/uploads\/2018\/01\/2018-01-24_09h05_00.png\" class=\"pt-cv-thumbnail\" alt=\"\" loading=\"lazy\" srcset=\"http:\/\/vernoux.info\/vivre-en-ardeche\/wp-content\/uploads\/2018\/01\/2018-01-24_09h05_00.png 593w, http:\/\/vernoux.info\/vivre-en-ardeche\/wp-content\/uploads\/2018\/01\/2018-01-24_09h05_00-300x234.png 300w\" sizes=\"(max-width: 593px) 100vw, 593px\" \/><\/a><\/p>\n<h4 class=\"pt-cv-title\"><a href=\"http:\/\/vernoux.info\/vivre-en-ardeche\/https-www-cybermalveillance-gouv-fr\/\" class=\"_self\" target=\"_self\" >https:\/\/www.cybermalveillance.gouv.fr<\/a><\/h4>\n<div class=\"pt-cv-content\">Une petite info qui peut toujours servir issu du Facebook gouvernemental : <a href=\"https:\/\/www.cybermalveillance.gouv.fr\/wp-content\/uploads\/2017\/05\/Livret-B5-SDLC.pdf\">PDF R\u00e9agir \u00e0 une attaque informatique : 10 pr\u00e9conisations https:\/\/www.cybermalveillance.gouv.fr\/wp-content\/uploads\/2017\/05\/Livret-B5-SDLC.pdf<\/a> Cybermalveillance.gouv.fr annonce la cr\u00e9ation en 2018 avec ses partenaires (*) d&rsquo;un kit gratuit de sensibilisation \u00e0 la <a class=\"_58cn\" href=\"https:\/\/www.facebook.com\/hashtag\/cybers\u00e9curit\u00e9\" data-ft=\"{&quot;tn&quot;:&quot;*N&quot;,&quot;type&quot;:104}\">#cybers\u00e9curit\u00e9<\/a> pour les <a class=\"_58cn\" href=\"https:\/\/www.facebook.com\/hashtag\/entreprises\" data-ft=\"{&quot;tn&quot;:&quot;*N&quot;,&quot;type&quot;:104}\">#entreprises<\/a> <a class=\"_58cn\" href=\"https:\/\/www.facebook.com\/hashtag\/associations\" data-ft=\"{&quot;tn&quot;:&quot;*N&quot;,&quot;type&quot;:104}\">#associations<\/a> <a class=\"_58cn\" href=\"https:\/\/www.facebook.com\/hashtag\/collectivit\u00e9s\" data-ft=\"{&quot;tn&quot;:&quot;*N&quot;,&quot;type&quot;:104}\">#collectivit\u00e9s<\/a> \u00e0 destination de leurs <a class=\"_58cn\" href=\"https:\/\/www.facebook.com\/hashtag\/collaborateurs\" data-ft=\"{&quot;tn&quot;:&quot;*N&quot;,&quot;type&quot;:104}\">#collaborateurs<\/a>.<br \/> En participant \u00e0 cette op\u00e9ration, les organisations contribueront \u00e0 l&rsquo;hygi\u00e8ne ...<br \/><a href=\"http:\/\/vernoux.info\/vivre-en-ardeche\/https-www-cybermalveillance-gouv-fr\/\" class=\"_self pt-cv-readmore btn btn-success\" target=\"_self\">Lire La Suite<\/a><\/div>\n<div class=\"pt-cv-meta-fields\"><span class=\"entry-date\"> <time datetime=\"2018-01-24T09:07:52+01:00\">24 janvier 2018<\/time><\/span> \/ <span class=\"terms\"> <a href='http:\/\/vernoux.info\/vivre-en-ardeche\/category\/informatique\/' title='Informatique' class='pt-cv-tax-informatique'>Informatique<\/a>, <a href='http:\/\/vernoux.info\/vivre-en-ardeche\/category\/public\/' title='Service public' class='pt-cv-tax-public'>Service public<\/a><\/span><\/div>\n<\/div>\n<\/div>\n<\/div>\n<\/div>\n<\/div>\n<\/div>\n<\/div><\/div><\/div><\/div><\/div>","protected":false},"excerpt":{"rendered":"<p>Cat\u00e9gories Association Astuce Basic Bulletin municipal Concert Culture Culturelle D\u00e9bat de soci\u00e9t\u00e9 Ecole Economie Environnement Informatique Je r\u00e2le et alors ! Jeunesse Loisir Mairie Manifestation commerciale Service public Spectacle Sport Tourisme Video \u00c9tiquettesAstuce Astuce du jour burkini Cin\u00e9ma Cloud Coeur Dossier fete guide Islam Jeu march\u00e9 du terroir March\u00e9 public [&#8230;]<\/p>\n","protected":false},"author":1,"featured_media":0,"parent":0,"menu_order":0,"comment_status":"closed","ping_status":"closed","template":"template-fullwidth.php","meta":{"kia_subtitle":"actualit\u00e9s"},"_links":{"self":[{"href":"http:\/\/vernoux.info\/vivre-en-ardeche\/wp-json\/wp\/v2\/pages\/1143"}],"collection":[{"href":"http:\/\/vernoux.info\/vivre-en-ardeche\/wp-json\/wp\/v2\/pages"}],"about":[{"href":"http:\/\/vernoux.info\/vivre-en-ardeche\/wp-json\/wp\/v2\/types\/page"}],"author":[{"embeddable":true,"href":"http:\/\/vernoux.info\/vivre-en-ardeche\/wp-json\/wp\/v2\/users\/1"}],"replies":[{"embeddable":true,"href":"http:\/\/vernoux.info\/vivre-en-ardeche\/wp-json\/wp\/v2\/comments?post=1143"}],"version-history":[{"count":2,"href":"http:\/\/vernoux.info\/vivre-en-ardeche\/wp-json\/wp\/v2\/pages\/1143\/revisions"}],"predecessor-version":[{"id":1477,"href":"http:\/\/vernoux.info\/vivre-en-ardeche\/wp-json\/wp\/v2\/pages\/1143\/revisions\/1477"}],"wp:attachment":[{"href":"http:\/\/vernoux.info\/vivre-en-ardeche\/wp-json\/wp\/v2\/media?parent=1143"}],"curies":[{"name":"wp","href":"https:\/\/api.w.org\/{rel}","templated":true}]}}