{"id":1125,"date":"2016-08-12T19:40:54","date_gmt":"2016-08-12T18:40:54","guid":{"rendered":"http:\/\/vernoux.info\/vivre-en-ardeche\/?page_id=1125"},"modified":"2016-08-12T19:53:50","modified_gmt":"2016-08-12T18:53:50","slug":"select-sites-web","status":"publish","type":"page","link":"http:\/\/vernoux.info\/vivre-en-ardeche\/select-sites-web\/","title":{"rendered":"La s\u00e9lect des sites web"},"content":{"rendered":"<style>\n\/* style des puces-agenda\n-------------------------------------------------------------- *\/\nul.lv-link-list\n{\n  list-style-type: none;\n  padding: 0;\n  margin: 0px 0px 0px 18px;\n  width:99%;\n  height:auto;\n  font-family: Courier New;\n  font-weight:bold;\n  font-size:15px;\n}\n.lv-link-listli\n{\n  background-image: url('http:\/\/vernoux.info\/fichiers\/calendar.png');\n  background-repeat: no-repeat;\n  background-position: 0 50%;\n  padding: 4px 0 3px 22px;\n  margin: 0;\n  height:20px;\n}<\/p>\n<\/style>\n<p>Voil\u00e0 de quoi trouver des informations pour sortir en Ard\u00e8che si on veut faire quelques kilom\u00e8tres<br \/>\n[linkview id=\u00a0\u00bbiconlist\u00a0\u00bb cat_columns=\u00a0\u00bbstatic(num_columns=1)\u00a0\u00bb exclude_cat=\u00a0\u00bbburkini-polemique-smile13,Sortir\u00a0\u00bb cat_columns=\u00a0\u00bbstatic(num_columns=3)\u00a0\u00bb cat_filter=\u00a0\u00bbSite ard\u00e9chois\u00a0\u00bb show_cat_name=0]<\/p>\n","protected":false},"excerpt":{"rendered":"<p>Voil\u00e0 de quoi trouver des informations pour sortir en Ard\u00e8che si on veut faire quelques kilom\u00e8tres [linkview id=\u00a0\u00bbiconlist\u00a0\u00bb cat_columns=\u00a0\u00bbstatic(num_columns=1)\u00a0\u00bb exclude_cat=\u00a0\u00bbburkini-polemique-smile13,Sortir\u00a0\u00bb cat_columns=\u00a0\u00bbstatic(num_columns=3)\u00a0\u00bb cat_filter=\u00a0\u00bbSite ard\u00e9chois\u00a0\u00bb show_cat_name=0]<\/p>\n","protected":false},"author":1,"featured_media":0,"parent":0,"menu_order":0,"comment_status":"closed","ping_status":"closed","template":"template-fullwidth.php","meta":{"kia_subtitle":"tous les liens utiles"},"_links":{"self":[{"href":"http:\/\/vernoux.info\/vivre-en-ardeche\/wp-json\/wp\/v2\/pages\/1125"}],"collection":[{"href":"http:\/\/vernoux.info\/vivre-en-ardeche\/wp-json\/wp\/v2\/pages"}],"about":[{"href":"http:\/\/vernoux.info\/vivre-en-ardeche\/wp-json\/wp\/v2\/types\/page"}],"author":[{"embeddable":true,"href":"http:\/\/vernoux.info\/vivre-en-ardeche\/wp-json\/wp\/v2\/users\/1"}],"replies":[{"embeddable":true,"href":"http:\/\/vernoux.info\/vivre-en-ardeche\/wp-json\/wp\/v2\/comments?post=1125"}],"version-history":[{"count":10,"href":"http:\/\/vernoux.info\/vivre-en-ardeche\/wp-json\/wp\/v2\/pages\/1125\/revisions"}],"predecessor-version":[{"id":1135,"href":"http:\/\/vernoux.info\/vivre-en-ardeche\/wp-json\/wp\/v2\/pages\/1125\/revisions\/1135"}],"wp:attachment":[{"href":"http:\/\/vernoux.info\/vivre-en-ardeche\/wp-json\/wp\/v2\/media?parent=1125"}],"curies":[{"name":"wp","href":"https:\/\/api.w.org\/{rel}","templated":true}]}}