{"id":1098,"date":"2016-08-12T01:23:44","date_gmt":"2016-08-12T00:23:44","guid":{"rendered":"http:\/\/vernoux.info\/vivre-en-ardeche\/?page_id=1098"},"modified":"2016-08-21T15:09:45","modified_gmt":"2016-08-21T14:09:45","slug":"suggerer-actualite-site-avis-idee","status":"publish","type":"page","link":"http:\/\/vernoux.info\/vivre-en-ardeche\/suggerer-actualite-site-avis-idee\/","title":{"rendered":"Sugg\u00e9rer une actualit\u00e9, un site, un avis, une id\u00e9e"},"content":{"rendered":"<div id=\"pl-1098\"  class=\"panel-layout\" ><div id=\"pg-1098-0\"  class=\"panel-grid panel-no-style\" ><div id=\"pgc-1098-0-0\"  class=\"panel-grid-cell\" ><div id=\"panel-1098-0-0-0\" class=\"so-panel widget widget_sow-editor panel-first-child\" data-index=\"0\" ><div class=\"so-widget-sow-editor so-widget-sow-editor-base\">\n<div class=\"siteorigin-widget-tinymce textwidget\">\n\t<p>Vernoux connexion est un canal de communication pour <strong>donner\u00a0de l'information \u00e0 tous les vernousains<\/strong> alors n'h\u00e9sitez pas <strong>quand vous organisez<\/strong> un \u00e9v\u00e9nement de nous faire parvenir votre message. Et si vous participez \u00e0 une manifestation ou une sortie, <strong>remontez nous votre avis<\/strong>, votre commentaire avec quelques photos et vid\u00e9o. Cela fait partie aussi d'une bonne information.<\/p>\n<\/div>\n<\/div><\/div><div id=\"panel-1098-0-0-1\" class=\"so-panel widget widget_sow-contact-form panel-last-child\" data-index=\"1\" ><div class=\"so-widget-sow-contact-form so-widget-sow-contact-form-default-50d1e0df1ffa\">\t<form action=\"\/vivre-en-ardeche\/wp-json\/wp\/v2\/pages\/1098#contact-form-36bd\"\n          method=\"POST\" class=\"sow-contact-form\" id=\"contact-form-36bd\">\n\n\t\t\n\t\t            <div class=\"sow-form-field sow-form-field-name\"><label class=\"sow-form-field-label-above\" for=\"sow-contact-form-field-votre-nom-57ad170d3495f\"><strong>Votre nom<\/strong><\/label>\n\t\t\t<span class=\"sow-field-container\">\t\t<input type=\"text\" name=\"votre-nom-57ad170d3495f\" id=\"sow-contact-form-field-votre-nom-57ad170d3495f\" value=\"\" class=\"sow-text-field\"\/>\n\t\t<\/span><\/div>            <div class=\"sow-form-field sow-form-field-email\"><label class=\"sow-form-field-label-above\" for=\"sow-contact-form-field-votre-email-57ad170d3495f\"><strong>Votre Email<\/strong><\/label>\n\t\t\t<span class=\"sow-field-container\">\t\t<input type=\"email\" name=\"votre-email-57ad170d3495f\" id=\"sow-contact-form-field-votre-email-57ad170d3495f\" value=\"\" class=\"sow-text-field\"\/>\n\t\t<\/span><\/div>            <div class=\"sow-form-field sow-form-field-subject\"><label class=\"sow-form-field-label-above\" for=\"sow-contact-form-field-sujet-57ad170d3495f\"><strong>Sujet<\/strong><\/label>\n\t\t\t<span class=\"sow-field-container\">\t\t<input type=\"text\" name=\"sujet-57ad170d3495f\" id=\"sow-contact-form-field-sujet-57ad170d3495f\" value=\"\" class=\"sow-text-field\"\/>\n\t\t<\/span><\/div>            <div class=\"sow-form-field sow-form-field-textarea\"><label class=\"sow-form-field-label-above\" for=\"sow-contact-form-field-message-57ad170d3495f\"><strong>Message<\/strong><\/label>\n\t\t\t<span class=\"sow-field-container\">\t\t<textarea name=\"message-57ad170d3495f\" id=\"sow-contact-form-field-message-57ad170d3495f\" rows=\"10\"><\/textarea>\n\t\t<\/span><\/div>\t\t<input type=\"hidden\" name=\"instance_hash\" value=\"36bd73a69e4a8ca44cd313c84f7f07c2\" \/>\n\t\t<input type=\"hidden\" id=\"_wpnonce\" name=\"_wpnonce\" value=\"e1d95f478b\" \/><input type=\"hidden\" name=\"_wp_http_referer\" value=\"\/vivre-en-ardeche\/wp-json\/wp\/v2\/pages\/1098\" \/>\n\t\t\n\t\t<div class=\"sow-submit-wrapper sow-submit-styled\">\n\t\t\t<input type=\"submit\" value=\"Envoyer\" class=\"sow-submit\"\n\t\t\t\t   \t\t\t>\n\t\t<\/div>\n\t<\/form>\n\t<\/div><\/div><\/div><\/div><\/div>","protected":false},"excerpt":{"rendered":"<p>Vernoux connexion est un canal de communication pour donner\u00a0de l&rsquo;information \u00e0 tous les vernousains alors n&rsquo;h\u00e9sitez pas quand vous organisez un \u00e9v\u00e9nement de nous faire parvenir votre message. Et si vous participez \u00e0 une manifestation ou une sortie, remontez nous votre avis, votre commentaire avec quelques photos et vid\u00e9o. Cela [&#8230;]<\/p>\n","protected":false},"author":1,"featured_media":0,"parent":0,"menu_order":0,"comment_status":"closed","ping_status":"closed","template":"","meta":{"kia_subtitle":"Sugg\u00e9rer une actualit\u00e9, un site, un avis, une id\u00e9e"},"_links":{"self":[{"href":"http:\/\/vernoux.info\/vivre-en-ardeche\/wp-json\/wp\/v2\/pages\/1098"}],"collection":[{"href":"http:\/\/vernoux.info\/vivre-en-ardeche\/wp-json\/wp\/v2\/pages"}],"about":[{"href":"http:\/\/vernoux.info\/vivre-en-ardeche\/wp-json\/wp\/v2\/types\/page"}],"author":[{"embeddable":true,"href":"http:\/\/vernoux.info\/vivre-en-ardeche\/wp-json\/wp\/v2\/users\/1"}],"replies":[{"embeddable":true,"href":"http:\/\/vernoux.info\/vivre-en-ardeche\/wp-json\/wp\/v2\/comments?post=1098"}],"version-history":[{"count":4,"href":"http:\/\/vernoux.info\/vivre-en-ardeche\/wp-json\/wp\/v2\/pages\/1098\/revisions"}],"predecessor-version":[{"id":1489,"href":"http:\/\/vernoux.info\/vivre-en-ardeche\/wp-json\/wp\/v2\/pages\/1098\/revisions\/1489"}],"wp:attachment":[{"href":"http:\/\/vernoux.info\/vivre-en-ardeche\/wp-json\/wp\/v2\/media?parent=1098"}],"curies":[{"name":"wp","href":"https:\/\/api.w.org\/{rel}","templated":true}]}}