{"id":1025,"date":"2016-08-11T15:51:17","date_gmt":"2016-08-11T14:51:17","guid":{"rendered":"http:\/\/vernoux.info\/vivre-en-ardeche\/?page_id=1025"},"modified":"2016-08-11T17:23:27","modified_gmt":"2016-08-11T16:23:27","slug":"bugdet","status":"publish","type":"page","link":"http:\/\/vernoux.info\/vivre-en-ardeche\/bugdet\/","title":{"rendered":"Bugdet en r\u00e9sum\u00e9"},"content":{"rendered":"<h1><strong>BUDGET de la COMMUNE<\/strong><\/h1>\n<h2>Compte administratif 2015<\/h2>\n<p>&nbsp;<\/p>\n<table style=\"text-align: center; width: 700px;\">\n<tbody>\n<tr>\n<td style=\"text-align: center; width: 300px;\">En euros<\/td>\n<td style=\"text-align: center; width: 200px;\"><strong>Fonctionnement<\/strong><\/td>\n<td style=\"text-align: center; width: 200px;\"><strong>Investissement<\/strong><\/td>\n<\/tr>\n<tr>\n<td style=\"text-align: center; width: 300px;\"><strong>Recettes<\/strong><\/td>\n<td style=\"text-align: center; width: 200px;\">2 118 034<\/td>\n<td style=\"text-align: center; width: 200px;\">974 963<\/td>\n<\/tr>\n<tr>\n<td style=\"text-align: center; width: 300px;\"><strong>D\u00e9penses<\/strong><\/td>\n<td style=\"text-align: center; width: 200px;\">1 654 036<\/td>\n<td style=\"text-align: center; width: 200px;\">905 702<\/td>\n<\/tr>\n<tr>\n<td style=\"text-align: center; width: 300px;\"><strong>R\u00e9sultats<\/strong><\/td>\n<td style=\"text-align: center; width: 200px;\">463 998<\/td>\n<td style=\"text-align: center; width: 200px;\">69 261<\/td>\n<\/tr>\n<\/tbody>\n<\/table>\n<p><strong>\u00a0voir aussi les <a href=\"http:\/\/www.collectivites-locales.gouv.fr\/etudes-et-statistiques-locales\" target=\"_blank\">chiffres <\/a>pour les collectivit\u00e9s en g\u00e9n\u00e9ral<\/strong><\/p>\n<p>NB : faites-vous m\u00eame\u00a0une <a href=\"http:\/\/www.collectivites-locales.gouv.fr\/analyser-situation-financiere-votre-commune\" target=\"_blank\">analyse financi\u00e8re<\/a> de la commune de Vernoux-en-Vivarais<\/p>\n<h2>Budget 2016<\/h2>\n<h3>Un budget de 4 648 000 euros<\/h3>\n<table style=\"width: 1364px;\">\n<tbody>\n<tr>\n<td style=\"width: 310.094px;\">\u00a0<a href=\"http:\/\/vernoux.info\/vivre-en-ardeche\/wp-content\/uploads\/2016\/08\/legende-graphe-recettes-vernoux.png\"><img loading=\"lazy\" class=\"alignnone wp-image-1046\" src=\"http:\/\/vernoux.info\/vivre-en-ardeche\/wp-content\/uploads\/2016\/08\/legende-graphe-recettes-vernoux.png\" alt=\"legende-graphe-recettes-vernoux\" width=\"293\" height=\"381\" \/><\/a><\/td>\n<td style=\"width: 613.906px;\"><img loading=\"lazy\" class=\"aligncenter wp-image-1040\" src=\"http:\/\/vernoux.info\/vivre-en-ardeche\/wp-content\/uploads\/2016\/08\/graphe.png\" alt=\"graphe\" width=\"558\" height=\"535\" srcset=\"http:\/\/vernoux.info\/vivre-en-ardeche\/wp-content\/uploads\/2016\/08\/graphe.png 943w, http:\/\/vernoux.info\/vivre-en-ardeche\/wp-content\/uploads\/2016\/08\/graphe-300x287.png 300w, http:\/\/vernoux.info\/vivre-en-ardeche\/wp-content\/uploads\/2016\/08\/graphe-620x594.png 620w, http:\/\/vernoux.info\/vivre-en-ardeche\/wp-content\/uploads\/2016\/08\/graphe-768x735.png 768w, http:\/\/vernoux.info\/vivre-en-ardeche\/wp-content\/uploads\/2016\/08\/graphe-940x900.png 940w\" sizes=\"(max-width: 558px) 100vw, 558px\" \/><\/td>\n<td style=\"width: 371px;\">\u00a0<a href=\"http:\/\/vernoux.info\/vivre-en-ardeche\/wp-content\/uploads\/2016\/08\/legende-graphe-depenses-vernoux.png\"><img loading=\"lazy\" class=\"alignnone wp-image-1047\" src=\"http:\/\/vernoux.info\/vivre-en-ardeche\/wp-content\/uploads\/2016\/08\/legende-graphe-depenses-vernoux.png\" alt=\"legende-graphe-depenses-vernoux\" width=\"275\" height=\"364\" \/><\/a><\/td>\n<\/tr>\n<\/tbody>\n<\/table>\n<p><strong>\u00a0<\/strong><\/p>\n<h2>D&rsquo;o\u00f9 vient l&rsquo;argent<\/h2>\n<h3>Les recettes de fonctionnement de 2 296 000 euros<\/h3>\n<table style=\"width: 1089.85px;\">\n<tbody>\n<tr>\n<td style=\"width: 547px;\"><img loading=\"lazy\" class=\"size-full wp-image-1036 alignleft\" src=\"http:\/\/vernoux.info\/vivre-en-ardeche\/wp-content\/uploads\/2016\/08\/camemberg.png\" alt=\"camemberg\" width=\"1117\" height=\"727\" srcset=\"http:\/\/vernoux.info\/vivre-en-ardeche\/wp-content\/uploads\/2016\/08\/camemberg.png 1117w, http:\/\/vernoux.info\/vivre-en-ardeche\/wp-content\/uploads\/2016\/08\/camemberg-300x195.png 300w, http:\/\/vernoux.info\/vivre-en-ardeche\/wp-content\/uploads\/2016\/08\/camemberg-620x404.png 620w, http:\/\/vernoux.info\/vivre-en-ardeche\/wp-content\/uploads\/2016\/08\/camemberg-768x500.png 768w, http:\/\/vernoux.info\/vivre-en-ardeche\/wp-content\/uploads\/2016\/08\/camemberg-940x612.png 940w\" sizes=\"(max-width: 1117px) 100vw, 1117px\" \/><\/td>\n<td style=\"width: 491.854px;\"><img loading=\"lazy\" class=\"alignnone wp-image-1037\" src=\"http:\/\/vernoux.info\/vivre-en-ardeche\/wp-content\/uploads\/2016\/08\/legende-camemberg.png\" alt=\"legende-camemberg\" width=\"339\" height=\"310\" \/><\/td>\n<\/tr>\n<\/tbody>\n<\/table>\n<p><em><strong>Att\u00e9nuations <\/strong><strong>de Charge<\/strong><\/em><\/p>\n<p><em>Correspond aux remboursements des salaires des employ\u00e9s en maladie ainsi que la d\u00e9charge de salari\u00e9 aupr\u00e8s des syndicats.<\/em><\/p>\n<p><em><strong>Produits de la Gestion <\/strong><strong>Courante<\/strong><\/em><\/p>\n<p><em>Elle comprend les recettes de la cantine publique, de la Garderie, des droits de places aux march\u00e9s, de la mise \u00e0 disposition des employ\u00e9s au service de la communaut\u00e9 de communes du pays de Vernoux ainsi que des concessions des cimeti\u00e8res.<\/em><\/p>\n<p><em><strong>Imp\u00f4ts et Taxes<\/strong><\/em><\/p>\n<p><em>Elle englobe 3 taxes (Fiscalit\u00e9 directe) : la taxe d&rsquo;habitation, la taxe\u00a0fonci\u00e8re sur les propri\u00e9t\u00e9s non b\u00e2ties, la taxe fonci\u00e8re sur les propri\u00e9t\u00e9s\u00a0b\u00e2ties et les droits de mutations. La municipalit\u00e9 a maintenu son orientation sur la fiscalit\u00e9, en n&rsquo;op\u00e9rant aucune augmentation des taux de la fiscalit\u00e9 des m\u00e9nages.<\/em><\/p>\n<p><em><strong>Dotations, Subventions et participatiuns de l&rsquo;Etat<\/strong><\/em><\/p>\n<p><em>Il s&rsquo;agit notamment de la Dotation Globale de Fonctionnement (DGF) la Dotation de Solidarit\u00e9 Rurale (DER). Les subventions des communes aux frais de fonctionnement des \u00e9coles publiques et les diverses compensations d&rsquo;exon\u00e9ration de la taxe professionnelle, de la taxe fonci\u00e8re et de la taxe d&rsquo;habitation.<\/em><\/p>\n<p><em><strong>Autres Produits de la Gestion Courante<\/strong><\/em><\/p>\n<p><em>Cela comprend les revenus locatifs des divers b\u00e2timents communaux.<\/em><\/p>\n<p style=\"text-align: center;\">\u2666\u2666\u2666\u2666\u2666\u2666\u2666\u2666\u2666\u2666\u2666\u2666\u2666\u2666\u2666\u2666\u2666\u2666\u2666\u2666\u2666\u2666\u2666\u2666\u2666\u2666\u2666\u2666\u2666\u2666\u2666\u2666\u2666\u2666\u2666\u2666\u2666\u2666\u2666\u2666\u2666\u2666\u2666\u2666\u2666\u2666\u2666\u2666\u2666\u2666\u2666\u2666\u2666\u2666\u2666\u2666\u2666\u2666\u2666\u2666<\/p>\n<p><strong>&gt; Vente d&rsquo;immobilier : 78 000 euros<\/strong><\/p>\n<p><strong>&gt; Fonds de compensation de TVA (FCTVA) et le Taxe locale d&rsquo;\u00e9quipement : 43 000 euros<\/strong><\/p>\n<p><strong>&gt;\u00a0<\/strong><strong>Les Subventions d&rsquo;investissement : 842 630 euros<\/strong><\/p>\n<p><strong>&gt; Emprunts : 490 000 euros<\/strong><\/p>\n<p><strong>&gt; Exc\u00e9dent d&rsquo;investissement report\u00e9 : 68 850 euros<\/strong><\/p>\n<blockquote><p><strong>Total des recettes d&rsquo;investissement : 775 000 euros<\/strong><\/p><\/blockquote>\n<p><strong>OU VA L&rsquo;ARGENT ?<\/strong><\/p>\n<p><strong>&gt; Charges \u00e0 Caract\u00e8re G\u00e9n\u00e9ral 397 000 euros<\/strong><\/p>\n<p>Consommation d&rsquo;eau, \u00e9lectricit\u00e9, combustible et t\u00e9l\u00e9phonique, divers entretiens, assurance, frais de c\u00e9r\u00e9monies&#8230;<\/p>\n<p><strong>&gt; Charges de personnel : 563 000 euros<\/strong><\/p>\n<p>R\u00e9mun\u00e9rations des agents communaux &#8211; Salaires + cotisations ASSEDIC, URSSAF et aux Caisses de retraites<\/p>\n<p><strong>&gt; Reversement et restitution des\u00a0contributions directes : 113 000 euros<\/strong><\/p>\n<p>La participation aux fonctionnements du CIAS et participation \u00e0 la r\u00e9fection de ZA de Greygnac<\/p>\n<p><strong>&gt; Charges de la Gestion Courante : 260 000 euros<\/strong><\/p>\n<p>Indemnit\u00e9 du maire et des adjoints, Contributions au SDIS, SYGEC, Eyrieux Clair, PNR, Subvention aux fonctionnements du d\u00e9partement et Subventions aux fonctionnements des \u00e9coles et des associations<\/p>\n<p><strong>&gt; Charges Exceptionnelles : 17 000 euros<\/strong><\/p>\n<p>Accord avec la commune de Silhac pour une meilleure r\u00e9partition des frais de fonctionnement aux \u00e9coles)<\/p>\n<blockquote><p><strong>TOTAL des d\u00e9penses de fonctionnement : 1 429 000 euros<\/strong><\/p><\/blockquote>\n<table style=\"width: 100%;\">\n<tbody>\n<tr>\n<td style=\"width: 50%; background-color: #d2d2d2;\"><strong>D\u00e9penses d&rsquo;investissement<\/strong><\/td>\n<td style=\"width: 20%; background-color: #d2d2d2;\"><strong>Montant (\u20ac)<\/strong><\/td>\n<td style=\"width: 20%; background-color: #d2d2d2;\"><strong>Pourcentage (%)<\/strong><\/td>\n<\/tr>\n<tr>\n<td style=\"width: 60%;\">Etudes (Place Pasteur, Mairie, Ch\u00e2teaudes P\u00eachers&#8230;)<\/td>\n<td style=\"width: 20%;\">111 000<\/td>\n<td style=\"width: 20%;\">5.00%<\/td>\n<\/tr>\n<tr>\n<td style=\"width: 60%;\">R\u00e9serve pour le foncier<\/td>\n<td style=\"width: 20%;\">45 000<\/td>\n<td style=\"width: 20%;\">2.03<\/td>\n<\/tr>\n<tr>\n<td style=\"width: 60%;\">G\u00e9o\u00a0site<\/td>\n<td style=\"width: 20%;\">8 000<\/td>\n<td style=\"width: 20%;\">0.36<\/td>\n<\/tr>\n<tr>\n<td style=\"width: 60%;\">Panneau Photovolta\u00efque Ecole \u00e9l\u00e9mentaire<\/td>\n<td style=\"width: 20%;\">32 000<\/td>\n<td style=\"width: 20%;\">.44<\/td>\n<\/tr>\n<tr>\n<td style=\"width: 60%;\">1\u00e8re\u00a0phase accessibilit\u00e9<\/td>\n<td style=\"width: 20%;\">12 000<\/td>\n<td style=\"width: 20%;\">\u00a00.54<\/td>\n<\/tr>\n<tr>\n<td style=\"width: 60%;\">Mat\u00e9riel Informatique Tablettes Ecoles&#8230;)<\/td>\n<td style=\"width: 20%;\">8 000<\/td>\n<td style=\"width: 20%;\">0.36<u> <\/u><\/td>\n<\/tr>\n<tr>\n<td style=\"width: 60%;\">Borne de recharge et illuminations de noel<\/td>\n<td style=\"width: 20%;\">8 000<\/td>\n<td style=\"width: 20%;\">0.36<\/td>\n<\/tr>\n<tr>\n<td style=\"width: 60%;\">Signal\u00e9tiques<\/td>\n<td style=\"width: 20%;\">25 000<\/td>\n<td style=\"width: 20%;\">1.13<\/td>\n<\/tr>\n<tr>\n<td style=\"width: 60%;\">Projet\u00a0Mobylico (arr\u00eat\u00a0car Coll\u00e8ge + Voie douce Lac)<\/td>\n<td style=\"width: 20%;\">567 000<\/td>\n<td style=\"width: 20%;\">25.54<\/td>\n<\/tr>\n<tr>\n<td style=\"width: 60%;\">R\u00e9seaux sec et humides (rue Rosalie Combler et place Pasteur<\/td>\n<td style=\"width: 20%;\">291 000<\/td>\n<td style=\"width: 20%;\">13.11<\/td>\n<\/tr>\n<tr>\n<td style=\"width: 60%;\">R\u00e9fection de la Place__ Pasteur<\/td>\n<td style=\"width: 20%;\">591 000<\/td>\n<td style=\"width: 20%;\">26.62<\/td>\n<\/tr>\n<tr>\n<td style=\"width: 60%;\">Programme Voirie 2016<\/td>\n<td style=\"width: 20%;\">360 000<\/td>\n<td style=\"width: 20%;\">16.22<\/td>\n<\/tr>\n<tr>\n<td style=\"width: 60%;\">R\u00e9serve (tr\u00e9sorerie- fond de roulement)<\/td>\n<td style=\"width: 20%;\">162 000<\/td>\n<td style=\"width: 20%;\">7.30<\/td>\n<\/tr>\n<\/tbody>\n<\/table>\n<blockquote><p>\u00a0<strong>TOTAL des d\u00e9penses d&rsquo;investissement : 2 220 000 euros<\/strong><\/p><\/blockquote>\n","protected":false},"excerpt":{"rendered":"<p>BUDGET de la COMMUNE Compte administratif 2015 &nbsp; En euros Fonctionnement Investissement Recettes 2 118 034 974 963 D\u00e9penses 1 654 036 905 702 R\u00e9sultats 463 998 69 261 \u00a0voir aussi les chiffres pour les collectivit\u00e9s en g\u00e9n\u00e9ral NB : faites-vous m\u00eame\u00a0une analyse financi\u00e8re de la commune de Vernoux-en-Vivarais Budget [&#8230;]<\/p>\n","protected":false},"author":1,"featured_media":0,"parent":0,"menu_order":0,"comment_status":"closed","ping_status":"closed","template":"template-fullwidth.php","meta":{"kia_subtitle":"Bugdet vernousain en r\u00e9sum\u00e9"},"_links":{"self":[{"href":"http:\/\/vernoux.info\/vivre-en-ardeche\/wp-json\/wp\/v2\/pages\/1025"}],"collection":[{"href":"http:\/\/vernoux.info\/vivre-en-ardeche\/wp-json\/wp\/v2\/pages"}],"about":[{"href":"http:\/\/vernoux.info\/vivre-en-ardeche\/wp-json\/wp\/v2\/types\/page"}],"author":[{"embeddable":true,"href":"http:\/\/vernoux.info\/vivre-en-ardeche\/wp-json\/wp\/v2\/users\/1"}],"replies":[{"embeddable":true,"href":"http:\/\/vernoux.info\/vivre-en-ardeche\/wp-json\/wp\/v2\/comments?post=1025"}],"version-history":[{"count":29,"href":"http:\/\/vernoux.info\/vivre-en-ardeche\/wp-json\/wp\/v2\/pages\/1025\/revisions"}],"predecessor-version":[{"id":1066,"href":"http:\/\/vernoux.info\/vivre-en-ardeche\/wp-json\/wp\/v2\/pages\/1025\/revisions\/1066"}],"wp:attachment":[{"href":"http:\/\/vernoux.info\/vivre-en-ardeche\/wp-json\/wp\/v2\/media?parent=1025"}],"curies":[{"name":"wp","href":"https:\/\/api.w.org\/{rel}","templated":true}]}}